{"id":139852,"date":"2021-05-26T16:28:50","date_gmt":"2021-05-26T14:28:50","guid":{"rendered":"https:\/\/www.telemarkmuseum.no\/brekkeparken\/cafe-aall-inn\/"},"modified":"2025-01-13T12:06:00","modified_gmt":"2025-01-13T11:06:00","slug":"cafe-aall-inn","status":"publish","type":"page","link":"https:\/\/www.telemarkmuseum.no\/en\/brekkeparken\/cafe-aall-inn\/","title":{"rendered":"Caf\u00e9 Aall Inn"},"content":{"rendered":"\n<section class=\"title grid-12 side-padding \">\n\n<h1>Caf\u00e9 Aall Inn<\/h1>\n\n<\/section>\n\n\n<section class=\"button_btn grid-12 side-padding jss\">\n    <div>\n        <a class=\"btn filled\"\n           href=\"https:\/\/www.telemarkmuseum.no\/en\/brekkeparken\/cafe-aall-inn\/our-menu\/\"\n           >\n            Our menu        <\/a>\n    <\/div>\n<\/section>\n\n\n\n<section class=\"text grid-12 side-padding\">\n        <p>At Caf\u00e9 Aall Inn, you and your friends will have a great time! You can sit indoors, or outdoors on the terrace, and enjoy the view of the park while drinking a good cup of coffee and eating ice cream after your guided tour.<\/p>\n<p>Aall Inn has a little bit of everything: Cakes, waffles, ice cream, sandwiches, soups and salads. We also offer a selection of coffees, raspberry lemonade from Lien farm, apple juice from Vestre Borge farm, fizzy drinks, and other nice, cold drinks. We are licenced to serve alcohol.<\/p>\n<p>&nbsp;<\/p>\n<\/section>\n\n\n<section class=\"icons bg\">\n\n    <div class=\"grid-2 grid-s-1 rg-s-60 side-padding jc\">\n\n        <a class=\"grid ac jc rg-30\" href=\"https:\/\/www.telemarkmuseum.no\/en\/brekkeparken\/apningstider-og-priser\/\"><span class=\"icon-clock\"><\/span><span>Opening hours<\/span><\/a><a class=\"grid ac jc rg-30\" href=\"https:\/\/www.telemarkmuseum.no\/en\/brekkeparken-kafe\/\"><span class=\"icon-coffee-cup\"><\/span><span>Brekkeparken Caf\u00e9<\/span><\/a>\n    <\/div>\n\n<\/section>\n\n\n\n\n\n<section class=\"image grid full\">\n    <div class=\"swiper-container\"><div class=\"swiper-wrapper\"><div class=\"swiper-slide img-wrapper\"><img loading=\"lazy\" decoding=\"async\" width=\"2048\" height=\"995\" src=\"https:\/\/www.telemarkmuseum.no\/wp-content\/uploads\/kake1-2-scaled.jpg\" class=\"attachment-full size-full\" alt=\"\" title=\"Smakfulle kaker til kaffen\" srcset=\"https:\/\/www.telemarkmuseum.no\/wp-content\/uploads\/kake1-2-scaled.jpg 2048w, https:\/\/www.telemarkmuseum.no\/wp-content\/uploads\/kake1-2-720x350.jpg 720w, https:\/\/www.telemarkmuseum.no\/wp-content\/uploads\/kake1-2-1280x622.jpg 1280w, https:\/\/www.telemarkmuseum.no\/wp-content\/uploads\/kake1-2-768x373.jpg 768w, https:\/\/www.telemarkmuseum.no\/wp-content\/uploads\/kake1-2-1536x746.jpg 1536w\" sizes=\"auto, (max-width: 2048px) 100vw, 2048px\" \/><\/div><div class=\"swiper-slide img-wrapper\"><img loading=\"lazy\" decoding=\"async\" width=\"2048\" height=\"1367\" src=\"https:\/\/www.telemarkmuseum.no\/wp-content\/uploads\/DSC_9150-scaled.jpg\" class=\"attachment-full size-full\" alt=\"\" title=\"DSC_9150\" srcset=\"https:\/\/www.telemarkmuseum.no\/wp-content\/uploads\/DSC_9150-scaled.jpg 2048w, https:\/\/www.telemarkmuseum.no\/wp-content\/uploads\/DSC_9150-720x481.jpg 720w, https:\/\/www.telemarkmuseum.no\/wp-content\/uploads\/DSC_9150-1280x854.jpg 1280w, https:\/\/www.telemarkmuseum.no\/wp-content\/uploads\/DSC_9150-768x513.jpg 768w, https:\/\/www.telemarkmuseum.no\/wp-content\/uploads\/DSC_9150-1536x1025.jpg 1536w\" sizes=\"auto, (max-width: 2048px) 100vw, 2048px\" \/><\/div><div class=\"swiper-slide img-wrapper\"><img loading=\"lazy\" decoding=\"async\" width=\"2048\" height=\"1367\" src=\"https:\/\/www.telemarkmuseum.no\/wp-content\/uploads\/DSC_9154-scaled.jpg\" class=\"attachment-full size-full\" alt=\"\" title=\"DSC_9154\" srcset=\"https:\/\/www.telemarkmuseum.no\/wp-content\/uploads\/DSC_9154-scaled.jpg 2048w, https:\/\/www.telemarkmuseum.no\/wp-content\/uploads\/DSC_9154-720x481.jpg 720w, https:\/\/www.telemarkmuseum.no\/wp-content\/uploads\/DSC_9154-1280x854.jpg 1280w, https:\/\/www.telemarkmuseum.no\/wp-content\/uploads\/DSC_9154-768x513.jpg 768w, https:\/\/www.telemarkmuseum.no\/wp-content\/uploads\/DSC_9154-1536x1025.jpg 1536w\" sizes=\"auto, (max-width: 2048px) 100vw, 2048px\" \/><\/div><div class=\"swiper-slide img-wrapper\"><img loading=\"lazy\" decoding=\"async\" width=\"1367\" height=\"2048\" src=\"https:\/\/www.telemarkmuseum.no\/wp-content\/uploads\/DSC_9182-scaled.jpg\" class=\"attachment-full size-full\" alt=\"\" title=\"DSC_9182\" srcset=\"https:\/\/www.telemarkmuseum.no\/wp-content\/uploads\/DSC_9182-scaled.jpg 1367w, https:\/\/www.telemarkmuseum.no\/wp-content\/uploads\/DSC_9182-481x720.jpg 481w, https:\/\/www.telemarkmuseum.no\/wp-content\/uploads\/DSC_9182-855x1280.jpg 855w, https:\/\/www.telemarkmuseum.no\/wp-content\/uploads\/DSC_9182-768x1150.jpg 768w, https:\/\/www.telemarkmuseum.no\/wp-content\/uploads\/DSC_9182-1025x1536.jpg 1025w\" sizes=\"auto, (max-width: 1367px) 100vw, 1367px\" \/><\/div><div class=\"swiper-slide img-wrapper\"><img loading=\"lazy\" decoding=\"async\" width=\"1752\" height=\"2048\" src=\"https:\/\/www.telemarkmuseum.no\/wp-content\/uploads\/DSC_9246-1-scaled.jpg\" class=\"attachment-full size-full\" alt=\"\" title=\"DSC_9246\" srcset=\"https:\/\/www.telemarkmuseum.no\/wp-content\/uploads\/DSC_9246-1-scaled.jpg 1752w, https:\/\/www.telemarkmuseum.no\/wp-content\/uploads\/DSC_9246-1-616x720.jpg 616w, https:\/\/www.telemarkmuseum.no\/wp-content\/uploads\/DSC_9246-1-1095x1280.jpg 1095w, https:\/\/www.telemarkmuseum.no\/wp-content\/uploads\/DSC_9246-1-768x898.jpg 768w, https:\/\/www.telemarkmuseum.no\/wp-content\/uploads\/DSC_9246-1-1314x1536.jpg 1314w\" sizes=\"auto, (max-width: 1752px) 100vw, 1752px\" \/><\/div><div class=\"swiper-slide img-wrapper\"><img loading=\"lazy\" decoding=\"async\" width=\"2015\" height=\"2048\" src=\"https:\/\/www.telemarkmuseum.no\/wp-content\/uploads\/DSC_9339-scaled.jpg\" class=\"attachment-full size-full\" alt=\"\" title=\"DSC_9339\" srcset=\"https:\/\/www.telemarkmuseum.no\/wp-content\/uploads\/DSC_9339-scaled.jpg 2015w, https:\/\/www.telemarkmuseum.no\/wp-content\/uploads\/DSC_9339-708x720.jpg 708w, https:\/\/www.telemarkmuseum.no\/wp-content\/uploads\/DSC_9339-1259x1280.jpg 1259w, https:\/\/www.telemarkmuseum.no\/wp-content\/uploads\/DSC_9339-768x781.jpg 768w, https:\/\/www.telemarkmuseum.no\/wp-content\/uploads\/DSC_9339-1511x1536.jpg 1511w\" sizes=\"auto, (max-width: 2015px) 100vw, 2015px\" \/><\/div><\/div><div class=\"swiper-pagination\"><\/div><div class=\"swiper-button-prev\"><\/div><div class=\"swiper-button-next\"><\/div><\/div><\/section>\n\n\n\n<section class=\"text grid-12 side-padding\">\n        <h2>During the summer season<\/h2>\n<p><strong>Summer offer, 1 May\u201331 August<\/strong><\/p>\n<p>If you want lunch and dinner, Brekkeparken Caf\u00e9 is the place for you. The old, venerable caf\u00e9 is located at the other end of the park, with a large outdoor area and plenty of seating indoors. You will be sitting on the roof of Skien, and you will have a view of the start of the Telemark canal, the beautiful church and the entire cityscape.<br \/>\nOutside the summer season, you can book the premises and food service for your events, e.g. birthdays, weddings, memorials, confirmations.<\/p>\n<h2>About the name &#8220;Aall Inn&#8221;<\/h2>\n<p>Aall Inn is named after the 1814 minister Niels Aall, who lived in the old, stately manor house next to the new and modern museum building.<br \/>\nWe often say that we go &#8220;all in&#8221; when we are doing something. Here, the caf\u00e9\u2019s name also means that you are invited to experience Aall&#8217;s 1814 history. You can buy tickets for guided tours at the combined caf\u00e9 and reception desk. You will meet skilled guides who are happy to take you for a tour in the park, in the manor house, or in the new building. We also have activities for children.<\/p>\n<\/section>\n\n\n<section class=\"image grid padding\">\n    <div class=\"img-wrapper\"><img loading=\"lazy\" decoding=\"async\" width=\"2048\" height=\"1367\" src=\"https:\/\/www.telemarkmuseum.no\/wp-content\/uploads\/DSC_9345-scaled.jpg\" class=\"attachment-post-thumbnail size-post-thumbnail wp-post-image\" alt=\"\" srcset=\"https:\/\/www.telemarkmuseum.no\/wp-content\/uploads\/DSC_9345-scaled.jpg 2048w, https:\/\/www.telemarkmuseum.no\/wp-content\/uploads\/DSC_9345-720x481.jpg 720w, https:\/\/www.telemarkmuseum.no\/wp-content\/uploads\/DSC_9345-1280x854.jpg 1280w, https:\/\/www.telemarkmuseum.no\/wp-content\/uploads\/DSC_9345-768x513.jpg 768w, https:\/\/www.telemarkmuseum.no\/wp-content\/uploads\/DSC_9345-1536x1025.jpg 1536w\" sizes=\"auto, (max-width: 2048px) 100vw, 2048px\" \/><\/div><\/section>","protected":false},"excerpt":{"rendered":"","protected":false},"author":6,"featured_media":8505,"parent":9168,"menu_order":190,"comment_status":"closed","ping_status":"closed","template":"","meta":{"_acf_changed":false,"footnotes":""},"class_list":["post-139852","page","type-page","status-publish","has-post-thumbnail","hentry"],"acf":[],"yoast_head":"<!-- This site is optimized with the Yoast SEO plugin v27.5 - https:\/\/yoast.com\/product\/yoast-seo-wordpress\/ -->\n<title>Caf\u00e9 Aall Inn - Telemark museum<\/title>\n<meta name=\"description\" content=\"Enjoy a nice meal at caf\u00e9 Aall Inn. The caf\u00e9 mai 2021.\" \/>\n<meta name=\"robots\" content=\"index, follow, max-snippet:-1, max-image-preview:large, max-video-preview:-1\" \/>\n<link rel=\"canonical\" href=\"https:\/\/www.telemarkmuseum.no\/en\/brekkeparken\/cafe-aall-inn\/\" \/>\n<meta property=\"og:locale\" content=\"en_US\" \/>\n<meta property=\"og:type\" content=\"article\" \/>\n<meta property=\"og:title\" content=\"Caf\u00e9 Aall Inn - Telemark museum\" \/>\n<meta property=\"og:description\" content=\"Enjoy a nice meal at caf\u00e9 Aall Inn. The caf\u00e9 mai 2021.\" \/>\n<meta property=\"og:url\" content=\"https:\/\/www.telemarkmuseum.no\/en\/brekkeparken\/cafe-aall-inn\/\" \/>\n<meta property=\"og:site_name\" content=\"Telemark museum\" \/>\n<meta property=\"article:modified_time\" content=\"2025-01-13T11:06:00+00:00\" \/>\n<meta property=\"og:image\" content=\"https:\/\/www.telemarkmuseum.no\/wp-content\/uploads\/DSC_9345-scaled.jpg\" \/>\n\t<meta property=\"og:image:width\" content=\"2048\" \/>\n\t<meta property=\"og:image:height\" content=\"1367\" \/>\n\t<meta property=\"og:image:type\" content=\"image\/jpeg\" \/>\n<meta name=\"twitter:card\" content=\"summary_large_image\" \/>\n<meta name=\"twitter:label1\" content=\"Est. reading time\" \/>\n\t<meta name=\"twitter:data1\" content=\"1 minute\" \/>\n<script type=\"application\/ld+json\" class=\"yoast-schema-graph\">{\"@context\":\"https:\\\/\\\/schema.org\",\"@graph\":[{\"@type\":\"WebPage\",\"@id\":\"https:\\\/\\\/www.telemarkmuseum.no\\\/en\\\/brekkeparken\\\/cafe-aall-inn\\\/\",\"url\":\"https:\\\/\\\/www.telemarkmuseum.no\\\/en\\\/brekkeparken\\\/cafe-aall-inn\\\/\",\"name\":\"Caf\u00e9 Aall Inn - Telemark museum\",\"isPartOf\":{\"@id\":\"https:\\\/\\\/www.telemarkmuseum.no\\\/#website\"},\"primaryImageOfPage\":{\"@id\":\"https:\\\/\\\/www.telemarkmuseum.no\\\/en\\\/brekkeparken\\\/cafe-aall-inn\\\/#primaryimage\"},\"image\":{\"@id\":\"https:\\\/\\\/www.telemarkmuseum.no\\\/en\\\/brekkeparken\\\/cafe-aall-inn\\\/#primaryimage\"},\"thumbnailUrl\":\"https:\\\/\\\/www.telemarkmuseum.no\\\/wp-content\\\/uploads\\\/DSC_9345-scaled.jpg\",\"datePublished\":\"2021-05-26T14:28:50+00:00\",\"dateModified\":\"2025-01-13T11:06:00+00:00\",\"description\":\"Enjoy a nice meal at caf\u00e9 Aall Inn. The caf\u00e9 mai 2021.\",\"breadcrumb\":{\"@id\":\"https:\\\/\\\/www.telemarkmuseum.no\\\/en\\\/brekkeparken\\\/cafe-aall-inn\\\/#breadcrumb\"},\"inLanguage\":\"en-US\",\"potentialAction\":[{\"@type\":\"ReadAction\",\"target\":[\"https:\\\/\\\/www.telemarkmuseum.no\\\/en\\\/brekkeparken\\\/cafe-aall-inn\\\/\"]}]},{\"@type\":\"ImageObject\",\"inLanguage\":\"en-US\",\"@id\":\"https:\\\/\\\/www.telemarkmuseum.no\\\/en\\\/brekkeparken\\\/cafe-aall-inn\\\/#primaryimage\",\"url\":\"https:\\\/\\\/www.telemarkmuseum.no\\\/wp-content\\\/uploads\\\/DSC_9345-scaled.jpg\",\"contentUrl\":\"https:\\\/\\\/www.telemarkmuseum.no\\\/wp-content\\\/uploads\\\/DSC_9345-scaled.jpg\",\"width\":2048,\"height\":1367},{\"@type\":\"BreadcrumbList\",\"@id\":\"https:\\\/\\\/www.telemarkmuseum.no\\\/en\\\/brekkeparken\\\/cafe-aall-inn\\\/#breadcrumb\",\"itemListElement\":[{\"@type\":\"ListItem\",\"position\":1,\"name\":\"Home\",\"item\":\"https:\\\/\\\/www.telemarkmuseum.no\\\/en\\\/\"},{\"@type\":\"ListItem\",\"position\":2,\"name\":\"Brekkeparken\",\"item\":\"https:\\\/\\\/www.telemarkmuseum.no\\\/en\\\/brekkeparken\\\/\"},{\"@type\":\"ListItem\",\"position\":3,\"name\":\"Caf\u00e9 Aall Inn\"}]},{\"@type\":\"WebSite\",\"@id\":\"https:\\\/\\\/www.telemarkmuseum.no\\\/#website\",\"url\":\"https:\\\/\\\/www.telemarkmuseum.no\\\/\",\"name\":\"Telemark museum\",\"description\":\"\",\"publisher\":{\"@id\":\"https:\\\/\\\/www.telemarkmuseum.no\\\/#organization\"},\"potentialAction\":[{\"@type\":\"SearchAction\",\"target\":{\"@type\":\"EntryPoint\",\"urlTemplate\":\"https:\\\/\\\/www.telemarkmuseum.no\\\/?s={search_term_string}\"},\"query-input\":{\"@type\":\"PropertyValueSpecification\",\"valueRequired\":true,\"valueName\":\"search_term_string\"}}],\"inLanguage\":\"en-US\"},{\"@type\":\"Organization\",\"@id\":\"https:\\\/\\\/www.telemarkmuseum.no\\\/#organization\",\"name\":\"Telemark museum\",\"url\":\"https:\\\/\\\/www.telemarkmuseum.no\\\/\",\"logo\":{\"@type\":\"ImageObject\",\"inLanguage\":\"en-US\",\"@id\":\"https:\\\/\\\/www.telemarkmuseum.no\\\/#\\\/schema\\\/logo\\\/image\\\/\",\"url\":\"https:\\\/\\\/www.telemarkmuseum.no\\\/wp-content\\\/uploads\\\/logo.svg\",\"contentUrl\":\"https:\\\/\\\/www.telemarkmuseum.no\\\/wp-content\\\/uploads\\\/logo.svg\",\"caption\":\"Telemark museum\"},\"image\":{\"@id\":\"https:\\\/\\\/www.telemarkmuseum.no\\\/#\\\/schema\\\/logo\\\/image\\\/\"}}]}<\/script>\n<!-- \/ Yoast SEO plugin. -->","yoast_head_json":{"title":"Caf\u00e9 Aall Inn - Telemark museum","description":"Enjoy a nice meal at caf\u00e9 Aall Inn. The caf\u00e9 mai 2021.","robots":{"index":"index","follow":"follow","max-snippet":"max-snippet:-1","max-image-preview":"max-image-preview:large","max-video-preview":"max-video-preview:-1"},"canonical":"https:\/\/www.telemarkmuseum.no\/en\/brekkeparken\/cafe-aall-inn\/","og_locale":"en_US","og_type":"article","og_title":"Caf\u00e9 Aall Inn - Telemark museum","og_description":"Enjoy a nice meal at caf\u00e9 Aall Inn. The caf\u00e9 mai 2021.","og_url":"https:\/\/www.telemarkmuseum.no\/en\/brekkeparken\/cafe-aall-inn\/","og_site_name":"Telemark museum","article_modified_time":"2025-01-13T11:06:00+00:00","og_image":[{"width":2048,"height":1367,"url":"https:\/\/www.telemarkmuseum.no\/wp-content\/uploads\/DSC_9345-scaled.jpg","type":"image\/jpeg"}],"twitter_card":"summary_large_image","twitter_misc":{"Est. reading time":"1 minute"},"schema":{"@context":"https:\/\/schema.org","@graph":[{"@type":"WebPage","@id":"https:\/\/www.telemarkmuseum.no\/en\/brekkeparken\/cafe-aall-inn\/","url":"https:\/\/www.telemarkmuseum.no\/en\/brekkeparken\/cafe-aall-inn\/","name":"Caf\u00e9 Aall Inn - Telemark museum","isPartOf":{"@id":"https:\/\/www.telemarkmuseum.no\/#website"},"primaryImageOfPage":{"@id":"https:\/\/www.telemarkmuseum.no\/en\/brekkeparken\/cafe-aall-inn\/#primaryimage"},"image":{"@id":"https:\/\/www.telemarkmuseum.no\/en\/brekkeparken\/cafe-aall-inn\/#primaryimage"},"thumbnailUrl":"https:\/\/www.telemarkmuseum.no\/wp-content\/uploads\/DSC_9345-scaled.jpg","datePublished":"2021-05-26T14:28:50+00:00","dateModified":"2025-01-13T11:06:00+00:00","description":"Enjoy a nice meal at caf\u00e9 Aall Inn. The caf\u00e9 mai 2021.","breadcrumb":{"@id":"https:\/\/www.telemarkmuseum.no\/en\/brekkeparken\/cafe-aall-inn\/#breadcrumb"},"inLanguage":"en-US","potentialAction":[{"@type":"ReadAction","target":["https:\/\/www.telemarkmuseum.no\/en\/brekkeparken\/cafe-aall-inn\/"]}]},{"@type":"ImageObject","inLanguage":"en-US","@id":"https:\/\/www.telemarkmuseum.no\/en\/brekkeparken\/cafe-aall-inn\/#primaryimage","url":"https:\/\/www.telemarkmuseum.no\/wp-content\/uploads\/DSC_9345-scaled.jpg","contentUrl":"https:\/\/www.telemarkmuseum.no\/wp-content\/uploads\/DSC_9345-scaled.jpg","width":2048,"height":1367},{"@type":"BreadcrumbList","@id":"https:\/\/www.telemarkmuseum.no\/en\/brekkeparken\/cafe-aall-inn\/#breadcrumb","itemListElement":[{"@type":"ListItem","position":1,"name":"Home","item":"https:\/\/www.telemarkmuseum.no\/en\/"},{"@type":"ListItem","position":2,"name":"Brekkeparken","item":"https:\/\/www.telemarkmuseum.no\/en\/brekkeparken\/"},{"@type":"ListItem","position":3,"name":"Caf\u00e9 Aall Inn"}]},{"@type":"WebSite","@id":"https:\/\/www.telemarkmuseum.no\/#website","url":"https:\/\/www.telemarkmuseum.no\/","name":"Telemark museum","description":"","publisher":{"@id":"https:\/\/www.telemarkmuseum.no\/#organization"},"potentialAction":[{"@type":"SearchAction","target":{"@type":"EntryPoint","urlTemplate":"https:\/\/www.telemarkmuseum.no\/?s={search_term_string}"},"query-input":{"@type":"PropertyValueSpecification","valueRequired":true,"valueName":"search_term_string"}}],"inLanguage":"en-US"},{"@type":"Organization","@id":"https:\/\/www.telemarkmuseum.no\/#organization","name":"Telemark museum","url":"https:\/\/www.telemarkmuseum.no\/","logo":{"@type":"ImageObject","inLanguage":"en-US","@id":"https:\/\/www.telemarkmuseum.no\/#\/schema\/logo\/image\/","url":"https:\/\/www.telemarkmuseum.no\/wp-content\/uploads\/logo.svg","contentUrl":"https:\/\/www.telemarkmuseum.no\/wp-content\/uploads\/logo.svg","caption":"Telemark museum"},"image":{"@id":"https:\/\/www.telemarkmuseum.no\/#\/schema\/logo\/image\/"}}]}},"_links":{"self":[{"href":"https:\/\/www.telemarkmuseum.no\/en\/wp-json\/wp\/v2\/pages\/139852","targetHints":{"allow":["GET"]}}],"collection":[{"href":"https:\/\/www.telemarkmuseum.no\/en\/wp-json\/wp\/v2\/pages"}],"about":[{"href":"https:\/\/www.telemarkmuseum.no\/en\/wp-json\/wp\/v2\/types\/page"}],"author":[{"embeddable":true,"href":"https:\/\/www.telemarkmuseum.no\/en\/wp-json\/wp\/v2\/users\/6"}],"replies":[{"embeddable":true,"href":"https:\/\/www.telemarkmuseum.no\/en\/wp-json\/wp\/v2\/comments?post=139852"}],"version-history":[{"count":6,"href":"https:\/\/www.telemarkmuseum.no\/en\/wp-json\/wp\/v2\/pages\/139852\/revisions"}],"predecessor-version":[{"id":141543,"href":"https:\/\/www.telemarkmuseum.no\/en\/wp-json\/wp\/v2\/pages\/139852\/revisions\/141543"}],"up":[{"embeddable":true,"href":"https:\/\/www.telemarkmuseum.no\/en\/wp-json\/wp\/v2\/pages\/9168"}],"wp:featuredmedia":[{"embeddable":true,"href":"https:\/\/www.telemarkmuseum.no\/en\/wp-json\/wp\/v2\/media\/8505"}],"wp:attachment":[{"href":"https:\/\/www.telemarkmuseum.no\/en\/wp-json\/wp\/v2\/media?parent=139852"}],"curies":[{"name":"wp","href":"https:\/\/api.w.org\/{rel}","templated":true}]}}