{"id":141213,"date":"2024-06-11T12:08:38","date_gmt":"2024-06-11T10:08:38","guid":{"rendered":"https:\/\/www.telemarkmuseum.no\/henrik-ibsen-museum\/we-are-celebrating-ibsen\/"},"modified":"2026-03-09T12:42:09","modified_gmt":"2026-03-09T11:42:09","slug":"we-are-celebrating-ibsen","status":"publish","type":"page","link":"https:\/\/www.telemarkmuseum.no\/en\/henrik-ibsen-museum\/we-are-celebrating-ibsen\/","title":{"rendered":"We are celebrating Ibsen"},"content":{"rendered":"\n<section class=\"title grid-12 side-padding \">\n\n<h1>We are celebrating Ibsen<\/h1>\n\n<\/section>\n\n\n\n<section class=\"lead grid-12 side-padding\">\n\n    <div>\n        <p>Experience Ibsen&#8217;s life and literature all over again in 2028!<\/p>\n    <\/div>\n    \n<\/section>\n\n\n<section class=\"image grid padding\">\n    <div class=\"img-wrapper\"><img loading=\"lazy\" decoding=\"async\" width=\"2048\" height=\"1366\" src=\"https:\/\/www.telemarkmuseum.no\/wp-content\/uploads\/Perspektiv-02-scaled.jpg\" class=\"attachment-post-thumbnail size-post-thumbnail wp-post-image\" alt=\"3d-illustrasjon fra B\u00f8rve Borchsenius Arkitekter as som hvordan Henrik Ibsen museum skal se ut fra utsiden i 2028. Fra utsiden ser det ganske likt ut som i dag, den store endringen skjer innvendig.\" srcset=\"https:\/\/www.telemarkmuseum.no\/wp-content\/uploads\/Perspektiv-02-scaled.jpg 2048w, https:\/\/www.telemarkmuseum.no\/wp-content\/uploads\/Perspektiv-02-720x480.jpg 720w, https:\/\/www.telemarkmuseum.no\/wp-content\/uploads\/Perspektiv-02-1280x853.jpg 1280w, https:\/\/www.telemarkmuseum.no\/wp-content\/uploads\/Perspektiv-02-768x512.jpg 768w, https:\/\/www.telemarkmuseum.no\/wp-content\/uploads\/Perspektiv-02-1536x1024.jpg 1536w\" sizes=\"auto, (max-width: 2048px) 100vw, 2048px\" \/><\/div><\/section>\n\n\n\n<section class=\"text grid-12 side-padding\">\n        <p><strong>Henrik Ibsen Museum \u2013 Ibsen 2028<\/strong><\/p>\n<p><strong>Project period: 2014-2028<\/strong><\/p>\n<p><strong>Main objective:<\/strong> Telemark Museum is working towards the opening of a restored and renewed year-round Henrik Ibsen Museum in 2028, along with securing the necessary operational funding. In celebration of Henrik Ibsen\u2019s 200th anniversary in 2028, Ibsen\u2019s childhood home will be restored according to conservation principles. We will also develop the entire museum complex at Venst\u00f8p, including a climate-controlled barn, as well as the garden and outdoor areas, so that the museum appears more authentic, with a renewed presentation of Henrik Ibsen\u2019s biography and literature.<\/p>\n<p>From Telemark Museum\u2019s strategic plan 2023\u20132030<\/p>\n<p><strong>We bring the past into the future<\/strong><\/p>\n<p><strong>For everyone \u2013 forever<\/strong><\/p>\n<\/section>\n\n\n<section id=\"event-container\" class=\"posts white elements\" data-post-type=\"\" data-offset=\"3\" data-tax-query=\"\" data-ppp=\"3\">\n\n    \n    <div class=\"grid row side-padding rg-85 fade-me \">\n\n        <h2>News about the project<\/h2>\n        <div class=\"articles grid-3 grid-s-1 grid-m-1 mixitup\" id=\"mix\">\n\n            \n        <article  class=\"grid \">\n        <a class=\"grid row rg-0\" href=\"https:\/\/www.telemarkmuseum.no\/en\/home-how-we-will-tell-the-story-of-ibsen-in-2028\/\" aria-label=\"Les mer om HOME \u2013 How We Will Tell the Story of Ibsen in 2028\">\n        <div class=\"img-wrapper \">\n        <img loading=\"lazy\" decoding=\"async\" width=\"720\" height=\"622\" src=\"https:\/\/www.telemarkmuseum.no\/wp-content\/uploads\/Kreativ-leder-ved-Henrik-Ibsen-museum-Linnea-Dale-720x622.jpg\" class=\"attachment-medium size-medium wp-post-image\" alt=\"Linnea Dale, Creative Director at the Henrik Ibsen Museum\" srcset=\"https:\/\/www.telemarkmuseum.no\/wp-content\/uploads\/Kreativ-leder-ved-Henrik-Ibsen-museum-Linnea-Dale-720x622.jpg 720w, https:\/\/www.telemarkmuseum.no\/wp-content\/uploads\/Kreativ-leder-ved-Henrik-Ibsen-museum-Linnea-Dale-1280x1105.jpg 1280w, https:\/\/www.telemarkmuseum.no\/wp-content\/uploads\/Kreativ-leder-ved-Henrik-Ibsen-museum-Linnea-Dale-768x663.jpg 768w, https:\/\/www.telemarkmuseum.no\/wp-content\/uploads\/Kreativ-leder-ved-Henrik-Ibsen-museum-Linnea-Dale-1536x1326.jpg 1536w, https:\/\/www.telemarkmuseum.no\/wp-content\/uploads\/Kreativ-leder-ved-Henrik-Ibsen-museum-Linnea-Dale.jpg 1750w\" sizes=\"auto, (max-width: 720px) 100vw, 720px\" \/>\n        <\/div>\n\n        <div class=\"content grid row rg-5\">\n            <h2>HOME \u2013 How We Will Tell the Story of Ibsen in 2028<\/h2>\n            <div class=\"date\"><span class=\"lead\"><\/span><\/div>\n            <div class=\"time\"><\/div>\n\n            <span class=\"read-more\">Les mer HOME \u2013 How We Will Tell the Story of Ibsen in 2028 &rarr;<\/span>\n\n            \n        <\/div>\n        <\/a>\n        <\/article>\n        <article  class=\"grid filter-henrik-ibsen-museum-en\">\n        <a class=\"grid row rg-0\" href=\"https:\/\/www.telemarkmuseum.no\/en\/minister-of-culture-and-equality-came-for-a-visit\/\" aria-label=\"Les mer om The Minister of Culture and Equality came for a visit\">\n        <div class=\"img-wrapper \">\n        <img loading=\"lazy\" decoding=\"async\" width=\"720\" height=\"503\" src=\"https:\/\/www.telemarkmuseum.no\/wp-content\/uploads\/kultur-og-likestillingsminister-Lubna-Jaffery-inne-i-vaningshuset-pa-Venstop-2-720x503.jpg\" class=\"attachment-medium size-medium wp-post-image\" alt=\"Minister of culture and equality Lubna Jaffery\" srcset=\"https:\/\/www.telemarkmuseum.no\/wp-content\/uploads\/kultur-og-likestillingsminister-Lubna-Jaffery-inne-i-vaningshuset-pa-Venstop-2-720x503.jpg 720w, https:\/\/www.telemarkmuseum.no\/wp-content\/uploads\/kultur-og-likestillingsminister-Lubna-Jaffery-inne-i-vaningshuset-pa-Venstop-2-1280x895.jpg 1280w, https:\/\/www.telemarkmuseum.no\/wp-content\/uploads\/kultur-og-likestillingsminister-Lubna-Jaffery-inne-i-vaningshuset-pa-Venstop-2-768x537.jpg 768w, https:\/\/www.telemarkmuseum.no\/wp-content\/uploads\/kultur-og-likestillingsminister-Lubna-Jaffery-inne-i-vaningshuset-pa-Venstop-2-1536x1074.jpg 1536w, https:\/\/www.telemarkmuseum.no\/wp-content\/uploads\/kultur-og-likestillingsminister-Lubna-Jaffery-inne-i-vaningshuset-pa-Venstop-2-scaled.jpg 2048w\" sizes=\"auto, (max-width: 720px) 100vw, 720px\" \/>\n        <\/div>\n\n        <div class=\"content grid row rg-5\">\n            <h2>The Minister of Culture and Equality came for a visit<\/h2>\n            <div class=\"date\"><span class=\"lead\"><\/span><\/div>\n            <div class=\"time\"><\/div>\n\n            <span class=\"read-more\">Les mer The Minister of Culture and Equality came for a visit &rarr;<\/span>\n\n            \n        <\/div>\n        <\/a>\n        <\/article>\n        <article  class=\"grid filter-henrik-ibsen-museum-en filter-kranselag-en\">\n        <a class=\"grid row rg-0\" href=\"https:\/\/www.telemarkmuseum.no\/en\/topping-off-25-09-25-2\/\" aria-label=\"Les mer om Topping-Off 25.09.25\">\n        <div class=\"img-wrapper \">\n        <img loading=\"lazy\" decoding=\"async\" width=\"720\" height=\"349\" src=\"https:\/\/www.telemarkmuseum.no\/wp-content\/uploads\/Kranselag-2025-Venstop-sma-15-720x349.jpg\" class=\"attachment-medium size-medium wp-post-image\" alt=\"\" srcset=\"https:\/\/www.telemarkmuseum.no\/wp-content\/uploads\/Kranselag-2025-Venstop-sma-15-720x349.jpg 720w, https:\/\/www.telemarkmuseum.no\/wp-content\/uploads\/Kranselag-2025-Venstop-sma-15-768x373.jpg 768w, https:\/\/www.telemarkmuseum.no\/wp-content\/uploads\/Kranselag-2025-Venstop-sma-15.jpg 1051w\" sizes=\"auto, (max-width: 720px) 100vw, 720px\" \/>\n        <\/div>\n\n        <div class=\"content grid row rg-5\">\n            <h2>Topping-Off 25.09.25<\/h2>\n            <div class=\"date\"><span class=\"lead\"><\/span><\/div>\n            <div class=\"time\"><\/div>\n\n            <span class=\"read-more\">Les mer Topping-Off 25.09.25 &rarr;<\/span>\n\n            \n        <\/div>\n        <\/a>\n        <\/article>\n        <article  class=\"grid filter-henrik-ibsen-museum-en\">\n        <a class=\"grid row rg-0\" href=\"https:\/\/www.telemarkmuseum.no\/en\/the-first-fire-in-the-fireplace\/\" aria-label=\"Les mer om The first fire in the fireplace\">\n        <div class=\"img-wrapper \">\n        <img loading=\"lazy\" decoding=\"async\" width=\"720\" height=\"480\" src=\"https:\/\/www.telemarkmuseum.no\/wp-content\/uploads\/Venstop-grue-29-aug-2025-35-720x480.jpg\" class=\"attachment-medium size-medium wp-post-image\" alt=\"Karina fyrer opp i bakerovnen. I peisen brenner det fint. Den nye grua i Henrik IBsens barndomshjem p\u00e5 Venst\u00f8p i Skien.\" srcset=\"https:\/\/www.telemarkmuseum.no\/wp-content\/uploads\/Venstop-grue-29-aug-2025-35-720x480.jpg 720w, https:\/\/www.telemarkmuseum.no\/wp-content\/uploads\/Venstop-grue-29-aug-2025-35-1280x854.jpg 1280w, https:\/\/www.telemarkmuseum.no\/wp-content\/uploads\/Venstop-grue-29-aug-2025-35-768x512.jpg 768w, https:\/\/www.telemarkmuseum.no\/wp-content\/uploads\/Venstop-grue-29-aug-2025-35-1536x1024.jpg 1536w, https:\/\/www.telemarkmuseum.no\/wp-content\/uploads\/Venstop-grue-29-aug-2025-35.jpg 1888w\" sizes=\"auto, (max-width: 720px) 100vw, 720px\" \/>\n        <\/div>\n\n        <div class=\"content grid row rg-5\">\n            <h2>The first fire in the fireplace<\/h2>\n            <div class=\"date\"><span class=\"lead\"><\/span><\/div>\n            <div class=\"time\"><\/div>\n\n            <span class=\"read-more\">Les mer The first fire in the fireplace &rarr;<\/span>\n\n            \n        <\/div>\n        <\/a>\n        <\/article>\n        <article  class=\"grid filter-henrik-ibsen-museum-en\">\n        <a class=\"grid row rg-0\" href=\"https:\/\/www.telemarkmuseum.no\/en\/this-has-happened-at-venstop-this-summer\/\" aria-label=\"Les mer om This has happened at Venst\u00f8p this summer\">\n        <div class=\"img-wrapper \">\n        <img loading=\"lazy\" decoding=\"async\" width=\"720\" height=\"540\" src=\"https:\/\/www.telemarkmuseum.no\/wp-content\/uploads\/grua-720x540.jpg\" class=\"attachment-medium size-medium wp-post-image\" alt=\"Grua p\u00e5 kj\u00f8kkenet p\u00e5 Venst\u00f8p\" srcset=\"https:\/\/www.telemarkmuseum.no\/wp-content\/uploads\/grua-720x540.jpg 720w, https:\/\/www.telemarkmuseum.no\/wp-content\/uploads\/grua-1280x960.jpg 1280w, https:\/\/www.telemarkmuseum.no\/wp-content\/uploads\/grua-768x576.jpg 768w, https:\/\/www.telemarkmuseum.no\/wp-content\/uploads\/grua-1536x1152.jpg 1536w, https:\/\/www.telemarkmuseum.no\/wp-content\/uploads\/grua.jpg 1888w\" sizes=\"auto, (max-width: 720px) 100vw, 720px\" \/>\n        <\/div>\n\n        <div class=\"content grid row rg-5\">\n            <h2>This has happened at Venst\u00f8p this summer<\/h2>\n            <div class=\"date\"><span class=\"lead\"><\/span><\/div>\n            <div class=\"time\"><\/div>\n\n            <span class=\"read-more\">Les mer This has happened at Venst\u00f8p this summer &rarr;<\/span>\n\n            \n        <\/div>\n        <\/a>\n        <\/article>\n        <article  class=\"grid filter-henrik-ibsen-museum-en\">\n        <a class=\"grid row rg-0\" href=\"https:\/\/www.telemarkmuseum.no\/en\/strengthens-the-operating-subsidy-by-1-million-nok\/\" aria-label=\"Les mer om Strengthens the operating subsidy by 1 million NOK\">\n        <div class=\"img-wrapper \">\n        <img loading=\"lazy\" decoding=\"async\" width=\"720\" height=\"540\" src=\"https:\/\/www.telemarkmuseum.no\/wp-content\/uploads\/odin-og-Barbara-nett-720x540.jpg\" class=\"attachment-medium size-medium wp-post-image\" alt=\"Barbara de Haan og Odin Bohmann st\u00e5r foran den r\u00f8de l\u00e5ven og det gr\u00e5-hvite v\u00e5ningshuset p\u00e5 Venst\u00f8p- Det er gr\u00f8nn plen, men tr\u00f8rne har f\u00e5tt h\u00f8stfarger\" srcset=\"https:\/\/www.telemarkmuseum.no\/wp-content\/uploads\/odin-og-Barbara-nett-720x540.jpg 720w, https:\/\/www.telemarkmuseum.no\/wp-content\/uploads\/odin-og-Barbara-nett-1280x960.jpg 1280w, https:\/\/www.telemarkmuseum.no\/wp-content\/uploads\/odin-og-Barbara-nett-768x576.jpg 768w, https:\/\/www.telemarkmuseum.no\/wp-content\/uploads\/odin-og-Barbara-nett-1536x1152.jpg 1536w, https:\/\/www.telemarkmuseum.no\/wp-content\/uploads\/odin-og-Barbara-nett-scaled.jpg 2048w\" sizes=\"auto, (max-width: 720px) 100vw, 720px\" \/>\n        <\/div>\n\n        <div class=\"content grid row rg-5\">\n            <h2>Strengthens the operating subsidy by 1 million NOK<\/h2>\n            <div class=\"date\"><span class=\"lead\"><\/span><\/div>\n            <div class=\"time\"><\/div>\n\n            <span class=\"read-more\">Les mer Strengthens the operating subsidy by 1 million NOK &rarr;<\/span>\n\n            \n        <\/div>\n        <\/a>\n        <\/article>\n        <article  class=\"grid filter-henrik-ibsen-museum-en\">\n        <a class=\"grid row rg-0\" href=\"https:\/\/www.telemarkmuseum.no\/en\/hooray-we-received-four-million\/\" aria-label=\"Les mer om Hooray! We received four million!\">\n        <div class=\"img-wrapper \">\n        <img loading=\"lazy\" decoding=\"async\" width=\"720\" height=\"540\" src=\"https:\/\/www.telemarkmuseum.no\/wp-content\/uploads\/1-2-720x540.jpg\" class=\"attachment-medium size-medium wp-post-image\" alt=\"Hurra vi fikk fire millioner fra fylkeskommunen\" srcset=\"https:\/\/www.telemarkmuseum.no\/wp-content\/uploads\/1-2-720x540.jpg 720w, https:\/\/www.telemarkmuseum.no\/wp-content\/uploads\/1-2-1280x960.jpg 1280w, https:\/\/www.telemarkmuseum.no\/wp-content\/uploads\/1-2-768x576.jpg 768w, https:\/\/www.telemarkmuseum.no\/wp-content\/uploads\/1-2-1536x1152.jpg 1536w, https:\/\/www.telemarkmuseum.no\/wp-content\/uploads\/1-2.jpg 2016w\" sizes=\"auto, (max-width: 720px) 100vw, 720px\" \/>\n        <\/div>\n\n        <div class=\"content grid row rg-5\">\n            <h2>Hooray! We received four million!<\/h2>\n            <div class=\"date\"><span class=\"lead\">The County Council has allocated 4 million NOK to the restoration project at the Henrik Ibsen Museum.<\/span><\/div>\n            <div class=\"time\"><\/div>\n\n            <span class=\"read-more\">Les mer Hooray! We received four million! &rarr;<\/span>\n\n            \n        <\/div>\n        <\/a>\n        <\/article>\n        <article  class=\"grid \">\n        <a class=\"grid row rg-0\" href=\"https:\/\/www.telemarkmuseum.no\/en\/a-day-of-celebration-at-the-museum\/\" aria-label=\"Les mer om A Day of Celebration at the Museum\">\n        <div class=\"img-wrapper \">\n        <img loading=\"lazy\" decoding=\"async\" width=\"720\" height=\"540\" src=\"https:\/\/www.telemarkmuseum.no\/wp-content\/uploads\/feirer-statsbudsjettmillioner-720x540.jpg\" class=\"attachment-medium size-medium wp-post-image\" alt=\"\" srcset=\"https:\/\/www.telemarkmuseum.no\/wp-content\/uploads\/feirer-statsbudsjettmillioner-720x540.jpg 720w, https:\/\/www.telemarkmuseum.no\/wp-content\/uploads\/feirer-statsbudsjettmillioner-768x576.jpg 768w, https:\/\/www.telemarkmuseum.no\/wp-content\/uploads\/feirer-statsbudsjettmillioner.jpg 1280w\" sizes=\"auto, (max-width: 720px) 100vw, 720px\" \/>\n        <\/div>\n\n        <div class=\"content grid row rg-5\">\n            <h2>A Day of Celebration at the Museum<\/h2>\n            <div class=\"date\"><span class=\"lead\">We were absolutely thrilled when we learned that the restoration project at the Henrik Ibsen Museum is receiving 11.5 million NOK, and that the VEV museum building in Brekkeparken is getting 2 million NOK in the state budget. What a Christmas gift! <\/span><\/div>\n            <div class=\"time\"><\/div>\n\n            <span class=\"read-more\">Les mer A Day of Celebration at the Museum &rarr;<\/span>\n\n            \n        <\/div>\n        <\/a>\n        <\/article>\n        <article  class=\"grid filter-brekkeparken-en filter-henrik-ibsen-museum-en\">\n        <a class=\"grid row rg-0\" href=\"https:\/\/www.telemarkmuseum.no\/en\/in-honor-of-the-200th-anniversary\/\" aria-label=\"Les mer om In Honor of the 200th Anniversary\">\n        <div class=\"img-wrapper \">\n        <img loading=\"lazy\" decoding=\"async\" width=\"720\" height=\"540\" src=\"https:\/\/www.telemarkmuseum.no\/wp-content\/uploads\/IMG_7317-720x540.jpeg\" class=\"attachment-medium size-medium wp-post-image\" alt=\"\" srcset=\"https:\/\/www.telemarkmuseum.no\/wp-content\/uploads\/IMG_7317-720x540.jpeg 720w, https:\/\/www.telemarkmuseum.no\/wp-content\/uploads\/IMG_7317-1280x960.jpeg 1280w, https:\/\/www.telemarkmuseum.no\/wp-content\/uploads\/IMG_7317-768x576.jpeg 768w, https:\/\/www.telemarkmuseum.no\/wp-content\/uploads\/IMG_7317-1536x1152.jpeg 1536w, https:\/\/www.telemarkmuseum.no\/wp-content\/uploads\/IMG_7317-scaled.jpeg 2048w\" sizes=\"auto, (max-width: 720px) 100vw, 720px\" \/>\n        <\/div>\n\n        <div class=\"content grid row rg-5\">\n            <h2>In Honor of the 200th Anniversary<\/h2>\n            <div class=\"date\"><span class=\"lead\">The year 2028 marks the 200th anniversary of Henrik Ibsen, and we will celebrate it in a big way at his childhood home. <\/span><\/div>\n            <div class=\"time\"><\/div>\n\n            <span class=\"read-more\">Les mer In Honor of the 200th Anniversary &rarr;<\/span>\n\n            \n        <\/div>\n        <\/a>\n        <\/article>        <\/div>\n\n        \n    <\/div>\n<\/section>\n","protected":false},"excerpt":{"rendered":"","protected":false},"author":6,"featured_media":140287,"parent":9166,"menu_order":0,"comment_status":"closed","ping_status":"closed","template":"","meta":{"_acf_changed":false,"footnotes":""},"class_list":["post-141213","page","type-page","status-publish","has-post-thumbnail","hentry"],"acf":[],"yoast_head":"<!-- This site is optimized with the Yoast SEO Premium plugin v23.7 (Yoast SEO v26.9) - https:\/\/yoast.com\/product\/yoast-seo-premium-wordpress\/ -->\n<title>We are celebrating Ibsen - Telemark museum<\/title>\n<meta name=\"robots\" content=\"index, follow, max-snippet:-1, max-image-preview:large, max-video-preview:-1\" \/>\n<link rel=\"canonical\" href=\"https:\/\/www.telemarkmuseum.no\/en\/henrik-ibsen-museum\/we-are-celebrating-ibsen\/\" \/>\n<meta property=\"og:locale\" content=\"en_US\" \/>\n<meta property=\"og:type\" content=\"article\" \/>\n<meta property=\"og:title\" content=\"We are celebrating Ibsen\" \/>\n<meta property=\"og:url\" content=\"https:\/\/www.telemarkmuseum.no\/en\/henrik-ibsen-museum\/we-are-celebrating-ibsen\/\" \/>\n<meta property=\"og:site_name\" content=\"Telemark museum\" \/>\n<meta property=\"article:modified_time\" content=\"2026-03-09T11:42:09+00:00\" \/>\n<meta property=\"og:image\" content=\"https:\/\/www.telemarkmuseum.no\/wp-content\/uploads\/Perspektiv-02-scaled.jpg\" \/>\n\t<meta property=\"og:image:width\" content=\"2048\" \/>\n\t<meta property=\"og:image:height\" content=\"1366\" \/>\n\t<meta property=\"og:image:type\" content=\"image\/jpeg\" \/>\n<meta name=\"twitter:card\" content=\"summary_large_image\" \/>\n<meta name=\"twitter:label1\" content=\"Est. reading time\" \/>\n\t<meta name=\"twitter:data1\" content=\"1 minute\" \/>\n<script type=\"application\/ld+json\" class=\"yoast-schema-graph\">{\"@context\":\"https:\/\/schema.org\",\"@graph\":[{\"@type\":\"WebPage\",\"@id\":\"https:\/\/www.telemarkmuseum.no\/en\/henrik-ibsen-museum\/we-are-celebrating-ibsen\/\",\"url\":\"https:\/\/www.telemarkmuseum.no\/en\/henrik-ibsen-museum\/we-are-celebrating-ibsen\/\",\"name\":\"We are celebrating Ibsen - Telemark museum\",\"isPartOf\":{\"@id\":\"https:\/\/www.telemarkmuseum.no\/#website\"},\"primaryImageOfPage\":{\"@id\":\"https:\/\/www.telemarkmuseum.no\/en\/henrik-ibsen-museum\/we-are-celebrating-ibsen\/#primaryimage\"},\"image\":{\"@id\":\"https:\/\/www.telemarkmuseum.no\/en\/henrik-ibsen-museum\/we-are-celebrating-ibsen\/#primaryimage\"},\"thumbnailUrl\":\"https:\/\/www.telemarkmuseum.no\/wp-content\/uploads\/Perspektiv-02-scaled.jpg\",\"datePublished\":\"2024-06-11T10:08:38+00:00\",\"dateModified\":\"2026-03-09T11:42:09+00:00\",\"breadcrumb\":{\"@id\":\"https:\/\/www.telemarkmuseum.no\/en\/henrik-ibsen-museum\/we-are-celebrating-ibsen\/#breadcrumb\"},\"inLanguage\":\"en-US\",\"potentialAction\":[{\"@type\":\"ReadAction\",\"target\":[\"https:\/\/www.telemarkmuseum.no\/en\/henrik-ibsen-museum\/we-are-celebrating-ibsen\/\"]}]},{\"@type\":\"ImageObject\",\"inLanguage\":\"en-US\",\"@id\":\"https:\/\/www.telemarkmuseum.no\/en\/henrik-ibsen-museum\/we-are-celebrating-ibsen\/#primaryimage\",\"url\":\"https:\/\/www.telemarkmuseum.no\/wp-content\/uploads\/Perspektiv-02-scaled.jpg\",\"contentUrl\":\"https:\/\/www.telemarkmuseum.no\/wp-content\/uploads\/Perspektiv-02-scaled.jpg\",\"width\":2048,\"height\":1366,\"caption\":\"3d-illustrasjon fra B\u00f8rve Borchsenius Arkitekter as\"},{\"@type\":\"BreadcrumbList\",\"@id\":\"https:\/\/www.telemarkmuseum.no\/en\/henrik-ibsen-museum\/we-are-celebrating-ibsen\/#breadcrumb\",\"itemListElement\":[{\"@type\":\"ListItem\",\"position\":1,\"name\":\"Home\",\"item\":\"https:\/\/www.telemarkmuseum.no\/en\/\"},{\"@type\":\"ListItem\",\"position\":2,\"name\":\"The Henrik Ibsen Museum\",\"item\":\"https:\/\/www.telemarkmuseum.no\/en\/henrik-ibsen-museum\/\"},{\"@type\":\"ListItem\",\"position\":3,\"name\":\"We are celebrating Ibsen\"}]},{\"@type\":\"WebSite\",\"@id\":\"https:\/\/www.telemarkmuseum.no\/#website\",\"url\":\"https:\/\/www.telemarkmuseum.no\/\",\"name\":\"Telemark museum\",\"description\":\"\",\"publisher\":{\"@id\":\"https:\/\/www.telemarkmuseum.no\/#organization\"},\"potentialAction\":[{\"@type\":\"SearchAction\",\"target\":{\"@type\":\"EntryPoint\",\"urlTemplate\":\"https:\/\/www.telemarkmuseum.no\/?s={search_term_string}\"},\"query-input\":{\"@type\":\"PropertyValueSpecification\",\"valueRequired\":true,\"valueName\":\"search_term_string\"}}],\"inLanguage\":\"en-US\"},{\"@type\":\"Organization\",\"@id\":\"https:\/\/www.telemarkmuseum.no\/#organization\",\"name\":\"Telemark museum\",\"url\":\"https:\/\/www.telemarkmuseum.no\/\",\"logo\":{\"@type\":\"ImageObject\",\"inLanguage\":\"en-US\",\"@id\":\"https:\/\/www.telemarkmuseum.no\/#\/schema\/logo\/image\/\",\"url\":\"https:\/\/www.telemarkmuseum.no\/wp-content\/uploads\/logo.svg\",\"contentUrl\":\"https:\/\/www.telemarkmuseum.no\/wp-content\/uploads\/logo.svg\",\"caption\":\"Telemark museum\"},\"image\":{\"@id\":\"https:\/\/www.telemarkmuseum.no\/#\/schema\/logo\/image\/\"}}]}<\/script>\n<!-- \/ Yoast SEO Premium plugin. -->","yoast_head_json":{"title":"We are celebrating Ibsen - Telemark museum","robots":{"index":"index","follow":"follow","max-snippet":"max-snippet:-1","max-image-preview":"max-image-preview:large","max-video-preview":"max-video-preview:-1"},"canonical":"https:\/\/www.telemarkmuseum.no\/en\/henrik-ibsen-museum\/we-are-celebrating-ibsen\/","og_locale":"en_US","og_type":"article","og_title":"We are celebrating Ibsen","og_url":"https:\/\/www.telemarkmuseum.no\/en\/henrik-ibsen-museum\/we-are-celebrating-ibsen\/","og_site_name":"Telemark museum","article_modified_time":"2026-03-09T11:42:09+00:00","og_image":[{"width":2048,"height":1366,"url":"https:\/\/www.telemarkmuseum.no\/wp-content\/uploads\/Perspektiv-02-scaled.jpg","type":"image\/jpeg"}],"twitter_card":"summary_large_image","twitter_misc":{"Est. reading time":"1 minute"},"schema":{"@context":"https:\/\/schema.org","@graph":[{"@type":"WebPage","@id":"https:\/\/www.telemarkmuseum.no\/en\/henrik-ibsen-museum\/we-are-celebrating-ibsen\/","url":"https:\/\/www.telemarkmuseum.no\/en\/henrik-ibsen-museum\/we-are-celebrating-ibsen\/","name":"We are celebrating Ibsen - Telemark museum","isPartOf":{"@id":"https:\/\/www.telemarkmuseum.no\/#website"},"primaryImageOfPage":{"@id":"https:\/\/www.telemarkmuseum.no\/en\/henrik-ibsen-museum\/we-are-celebrating-ibsen\/#primaryimage"},"image":{"@id":"https:\/\/www.telemarkmuseum.no\/en\/henrik-ibsen-museum\/we-are-celebrating-ibsen\/#primaryimage"},"thumbnailUrl":"https:\/\/www.telemarkmuseum.no\/wp-content\/uploads\/Perspektiv-02-scaled.jpg","datePublished":"2024-06-11T10:08:38+00:00","dateModified":"2026-03-09T11:42:09+00:00","breadcrumb":{"@id":"https:\/\/www.telemarkmuseum.no\/en\/henrik-ibsen-museum\/we-are-celebrating-ibsen\/#breadcrumb"},"inLanguage":"en-US","potentialAction":[{"@type":"ReadAction","target":["https:\/\/www.telemarkmuseum.no\/en\/henrik-ibsen-museum\/we-are-celebrating-ibsen\/"]}]},{"@type":"ImageObject","inLanguage":"en-US","@id":"https:\/\/www.telemarkmuseum.no\/en\/henrik-ibsen-museum\/we-are-celebrating-ibsen\/#primaryimage","url":"https:\/\/www.telemarkmuseum.no\/wp-content\/uploads\/Perspektiv-02-scaled.jpg","contentUrl":"https:\/\/www.telemarkmuseum.no\/wp-content\/uploads\/Perspektiv-02-scaled.jpg","width":2048,"height":1366,"caption":"3d-illustrasjon fra B\u00f8rve Borchsenius Arkitekter as"},{"@type":"BreadcrumbList","@id":"https:\/\/www.telemarkmuseum.no\/en\/henrik-ibsen-museum\/we-are-celebrating-ibsen\/#breadcrumb","itemListElement":[{"@type":"ListItem","position":1,"name":"Home","item":"https:\/\/www.telemarkmuseum.no\/en\/"},{"@type":"ListItem","position":2,"name":"The Henrik Ibsen Museum","item":"https:\/\/www.telemarkmuseum.no\/en\/henrik-ibsen-museum\/"},{"@type":"ListItem","position":3,"name":"We are celebrating Ibsen"}]},{"@type":"WebSite","@id":"https:\/\/www.telemarkmuseum.no\/#website","url":"https:\/\/www.telemarkmuseum.no\/","name":"Telemark museum","description":"","publisher":{"@id":"https:\/\/www.telemarkmuseum.no\/#organization"},"potentialAction":[{"@type":"SearchAction","target":{"@type":"EntryPoint","urlTemplate":"https:\/\/www.telemarkmuseum.no\/?s={search_term_string}"},"query-input":{"@type":"PropertyValueSpecification","valueRequired":true,"valueName":"search_term_string"}}],"inLanguage":"en-US"},{"@type":"Organization","@id":"https:\/\/www.telemarkmuseum.no\/#organization","name":"Telemark museum","url":"https:\/\/www.telemarkmuseum.no\/","logo":{"@type":"ImageObject","inLanguage":"en-US","@id":"https:\/\/www.telemarkmuseum.no\/#\/schema\/logo\/image\/","url":"https:\/\/www.telemarkmuseum.no\/wp-content\/uploads\/logo.svg","contentUrl":"https:\/\/www.telemarkmuseum.no\/wp-content\/uploads\/logo.svg","caption":"Telemark museum"},"image":{"@id":"https:\/\/www.telemarkmuseum.no\/#\/schema\/logo\/image\/"}}]}},"_links":{"self":[{"href":"https:\/\/www.telemarkmuseum.no\/en\/wp-json\/wp\/v2\/pages\/141213","targetHints":{"allow":["GET"]}}],"collection":[{"href":"https:\/\/www.telemarkmuseum.no\/en\/wp-json\/wp\/v2\/pages"}],"about":[{"href":"https:\/\/www.telemarkmuseum.no\/en\/wp-json\/wp\/v2\/types\/page"}],"author":[{"embeddable":true,"href":"https:\/\/www.telemarkmuseum.no\/en\/wp-json\/wp\/v2\/users\/6"}],"replies":[{"embeddable":true,"href":"https:\/\/www.telemarkmuseum.no\/en\/wp-json\/wp\/v2\/comments?post=141213"}],"version-history":[{"count":7,"href":"https:\/\/www.telemarkmuseum.no\/en\/wp-json\/wp\/v2\/pages\/141213\/revisions"}],"predecessor-version":[{"id":144337,"href":"https:\/\/www.telemarkmuseum.no\/en\/wp-json\/wp\/v2\/pages\/141213\/revisions\/144337"}],"up":[{"embeddable":true,"href":"https:\/\/www.telemarkmuseum.no\/en\/wp-json\/wp\/v2\/pages\/9166"}],"wp:featuredmedia":[{"embeddable":true,"href":"https:\/\/www.telemarkmuseum.no\/en\/wp-json\/wp\/v2\/media\/140287"}],"wp:attachment":[{"href":"https:\/\/www.telemarkmuseum.no\/en\/wp-json\/wp\/v2\/media?parent=141213"}],"curies":[{"name":"wp","href":"https:\/\/api.w.org\/{rel}","templated":true}]}}