{"id":141269,"date":"2024-08-26T13:25:22","date_gmt":"2024-08-26T11:25:22","guid":{"rendered":"https:\/\/www.telemarkmuseum.no\/porselensmuseet\/porcelain-painting-workshop\/"},"modified":"2026-01-06T12:55:31","modified_gmt":"2026-01-06T11:55:31","slug":"porcelain-painting-workshop","status":"publish","type":"page","link":"https:\/\/www.telemarkmuseum.no\/en\/porselensmuseet\/porcelain-painting-workshop\/","title":{"rendered":"Porcelain Painting Workshop"},"content":{"rendered":"\n<section class=\"title grid-12 side-padding \">\n\n<h1>Porcelain Painting Workshop<\/h1>\n\n<\/section>\n\n\n\n<section class=\"lead grid-12 side-padding\">\n\n    <div>\n        <p>Learn to paint with cobalt on bisque-fired porcelain<\/p>\n    <\/div>\n    \n<\/section>\n\n\n<section class=\"image grid padding\">\n    <div class=\"img-wrapper\"><img loading=\"lazy\" decoding=\"async\" width=\"2048\" height=\"1367\" src=\"https:\/\/www.telemarkmuseum.no\/wp-content\/uploads\/DSC2778-scaled.jpg\" class=\"attachment-post-thumbnail size-post-thumbnail wp-post-image\" alt=\"Workshop i porselensmaling. En kvinne sitter og maler p\u00e5 en hvit porselenskopp.\" srcset=\"https:\/\/www.telemarkmuseum.no\/wp-content\/uploads\/DSC2778-scaled.jpg 2048w, https:\/\/www.telemarkmuseum.no\/wp-content\/uploads\/DSC2778-720x481.jpg 720w, https:\/\/www.telemarkmuseum.no\/wp-content\/uploads\/DSC2778-1280x854.jpg 1280w, https:\/\/www.telemarkmuseum.no\/wp-content\/uploads\/DSC2778-768x513.jpg 768w, https:\/\/www.telemarkmuseum.no\/wp-content\/uploads\/DSC2778-1536x1025.jpg 1536w\" sizes=\"auto, (max-width: 2048px) 100vw, 2048px\" \/><\/div><\/section>\n\n\n\n<section class=\"text grid-12 side-padding\">\n        <p>Number of participants: Maximum 24<br \/>\nDuration: 2 hours<\/p>\n<p>Price: NOK 400 per person<br \/>\nBooking: <a rel=\"noopener\">post@telemark.museum.no<\/a> Tel: +47 35 54 45 00<\/p>\n<p>The aim is to work creatively, spark curiosity, gain new knowledge, and step outside your comfort zone.<\/p>\n<p>You will receive:<\/p>\n<ul>\n<li>Includes access to the museum\u2019s porcelain exhibitions for inspiration.<\/li>\n<li>Instruction on using a brush to paint your own porcelain mug.<\/li>\n<li>We use the traditional cobalt blue color.<\/li>\n<\/ul>\n<p>Porsgrunds Porcelain Factory was established in 1887 and represents Porsgrunn\u2019s first renowned industrial success story. Past and present, we carry history into the future.<\/p>\n<p>Welcome to a memorable experience!<\/p>\n<\/section>\n\n\n<section class=\"image grid padding\">\n    <div class=\"swiper-container\"><div class=\"swiper-wrapper\"><div class=\"swiper-slide img-wrapper\"><img loading=\"lazy\" decoding=\"async\" width=\"2048\" height=\"1367\" src=\"https:\/\/www.telemarkmuseum.no\/wp-content\/uploads\/DSC2693-scaled.jpg\" class=\"attachment-full size-full\" alt=\"Workshop i porselensmaling. En gruppe mennesker st\u00e5r og gj\u00f8r \u00f8velser i porselensmuseets lokaler.\" title=\"_DSC2693\" srcset=\"https:\/\/www.telemarkmuseum.no\/wp-content\/uploads\/DSC2693-scaled.jpg 2048w, https:\/\/www.telemarkmuseum.no\/wp-content\/uploads\/DSC2693-720x481.jpg 720w, https:\/\/www.telemarkmuseum.no\/wp-content\/uploads\/DSC2693-1280x854.jpg 1280w, https:\/\/www.telemarkmuseum.no\/wp-content\/uploads\/DSC2693-768x513.jpg 768w, https:\/\/www.telemarkmuseum.no\/wp-content\/uploads\/DSC2693-1536x1025.jpg 1536w\" sizes=\"auto, (max-width: 2048px) 100vw, 2048px\" \/><\/div><div class=\"swiper-slide img-wrapper\"><img loading=\"lazy\" decoding=\"async\" width=\"2048\" height=\"1367\" src=\"https:\/\/www.telemarkmuseum.no\/wp-content\/uploads\/DSC2759-scaled.jpg\" class=\"attachment-full size-full\" alt=\"Workshop i porselensmaling. Flere personer sitter og maler p\u00e5 porselenskopper.\" title=\"_DSC2759\" srcset=\"https:\/\/www.telemarkmuseum.no\/wp-content\/uploads\/DSC2759-scaled.jpg 2048w, https:\/\/www.telemarkmuseum.no\/wp-content\/uploads\/DSC2759-720x481.jpg 720w, https:\/\/www.telemarkmuseum.no\/wp-content\/uploads\/DSC2759-1280x854.jpg 1280w, https:\/\/www.telemarkmuseum.no\/wp-content\/uploads\/DSC2759-768x513.jpg 768w, https:\/\/www.telemarkmuseum.no\/wp-content\/uploads\/DSC2759-1536x1025.jpg 1536w\" sizes=\"auto, (max-width: 2048px) 100vw, 2048px\" \/><\/div><div class=\"swiper-slide img-wrapper\"><img loading=\"lazy\" decoding=\"async\" width=\"2048\" height=\"1367\" src=\"https:\/\/www.telemarkmuseum.no\/wp-content\/uploads\/DSC2770-scaled.jpg\" class=\"attachment-full size-full\" alt=\"Workshop i porselensmaling. En kvinne sitter og maler p\u00e5 en hvit porselenskopp.\" title=\"_DSC2770\" srcset=\"https:\/\/www.telemarkmuseum.no\/wp-content\/uploads\/DSC2770-scaled.jpg 2048w, https:\/\/www.telemarkmuseum.no\/wp-content\/uploads\/DSC2770-720x481.jpg 720w, https:\/\/www.telemarkmuseum.no\/wp-content\/uploads\/DSC2770-1280x854.jpg 1280w, https:\/\/www.telemarkmuseum.no\/wp-content\/uploads\/DSC2770-768x513.jpg 768w, https:\/\/www.telemarkmuseum.no\/wp-content\/uploads\/DSC2770-1536x1025.jpg 1536w\" sizes=\"auto, (max-width: 2048px) 100vw, 2048px\" \/><\/div><div class=\"swiper-slide img-wrapper\"><img loading=\"lazy\" decoding=\"async\" width=\"2048\" height=\"2048\" src=\"https:\/\/www.telemarkmuseum.no\/wp-content\/uploads\/krus-scaled.jpg\" class=\"attachment-full size-full\" alt=\"Workshop i porselensmaling. En samling hvite og bl\u00e5 porselenskopper p\u00e5 et bord.\" title=\"krus\" srcset=\"https:\/\/www.telemarkmuseum.no\/wp-content\/uploads\/krus-scaled.jpg 2048w, https:\/\/www.telemarkmuseum.no\/wp-content\/uploads\/krus-720x720.jpg 720w, https:\/\/www.telemarkmuseum.no\/wp-content\/uploads\/krus-1280x1280.jpg 1280w, https:\/\/www.telemarkmuseum.no\/wp-content\/uploads\/krus-500x500.jpg 500w, https:\/\/www.telemarkmuseum.no\/wp-content\/uploads\/krus-768x768.jpg 768w, https:\/\/www.telemarkmuseum.no\/wp-content\/uploads\/krus-1536x1536.jpg 1536w\" sizes=\"auto, (max-width: 2048px) 100vw, 2048px\" \/><\/div><div class=\"swiper-slide img-wrapper\"><img loading=\"lazy\" decoding=\"async\" width=\"2048\" height=\"2048\" src=\"https:\/\/www.telemarkmuseum.no\/wp-content\/uploads\/tegninger-scaled.jpg\" class=\"attachment-full size-full\" alt=\"Workshop i porselensmaling. En samling porselensfliser ligger utover p\u00e5 et bord. Det er malt med koboltbl\u00e5tt p\u00e5 flisene.\" title=\"tegninger\" srcset=\"https:\/\/www.telemarkmuseum.no\/wp-content\/uploads\/tegninger-scaled.jpg 2048w, https:\/\/www.telemarkmuseum.no\/wp-content\/uploads\/tegninger-720x720.jpg 720w, https:\/\/www.telemarkmuseum.no\/wp-content\/uploads\/tegninger-1280x1280.jpg 1280w, https:\/\/www.telemarkmuseum.no\/wp-content\/uploads\/tegninger-500x500.jpg 500w, https:\/\/www.telemarkmuseum.no\/wp-content\/uploads\/tegninger-768x768.jpg 768w, https:\/\/www.telemarkmuseum.no\/wp-content\/uploads\/tegninger-1536x1536.jpg 1536w\" sizes=\"auto, (max-width: 2048px) 100vw, 2048px\" \/><\/div><\/div><div class=\"swiper-pagination\"><\/div><div class=\"swiper-button-prev\"><\/div><div class=\"swiper-button-next\"><\/div><\/div><\/section>\n\n<section class=\"form grid padding\">\n\n    <div class=\"frm_forms  with_frm_style frm_style_formidable-style\" id=\"frm_form_4_container\" >\n<form enctype=\"multipart\/form-data\" method=\"post\" class=\"frm-show-form  frm_pro_form \" id=\"form_contact-form2\" >\n<div class=\"frm_form_fields \">\n<fieldset>\n<legend class=\"frm_screen_reader\">Contact Us<\/legend>\r\n\r\n<div class=\"frm_fields_container\">\n<input type=\"hidden\" name=\"frm_action\" value=\"create\" \/>\n<input type=\"hidden\" name=\"form_id\" value=\"4\" \/>\n<input type=\"hidden\" name=\"frm_hide_fields_4\" id=\"frm_hide_fields_4\" value=\"\" \/>\n<input type=\"hidden\" name=\"form_key\" value=\"contact-form2\" \/>\n<input type=\"hidden\" name=\"item_meta[0]\" value=\"\" \/>\n<input type=\"hidden\" id=\"frm_submit_entry_4\" name=\"frm_submit_entry_4\" value=\"afc7c0adc8\" \/><input type=\"hidden\" name=\"_wp_http_referer\" value=\"\/en\/wp-json\/wp\/v2\/pages\/141269\" \/><div id=\"frm_field_39_container\" class=\"frm_form_field  frm_html_container form-field\">\n<p><span style=\"color: #000000;\">All fields marked with a red star:<\/span> <span style=\"color: #993300;\">*<\/span> <span style=\"color: #000000;\">must be filled in.<\/span><\/p>\n<\/div>\n<div id=\"frm_field_40_container\" class=\"frm_form_field form-field  frm_required_field frm_top_container frm_third frm_first frm_half\">\r\n    <label for=\"field_qh4icy2\" id=\"field_qh4icy2_label\" class=\"frm_primary_label\">Name\r\n        <span class=\"frm_required\">*<\/span>\r\n    <\/label>\r\n    <input  type=\"text\" id=\"field_qh4icy2\" name=\"item_meta[40]\" value=\"\"  autocomplete=\"name\"  placeholder=\"Name\" data-reqmsg=\"Enter your name in the field\" aria-required=\"true\" data-invmsg=\"Name is invalid\" aria-invalid=\"false\"   \/>\r\n    \r\n    \r\n<\/div>\n<div id=\"frm_field_41_container\" class=\"frm_form_field form-field  frm_top_container frm_third\">\r\n    <label for=\"field_dqrtw2\" id=\"field_dqrtw2_label\" class=\"frm_primary_label\">Telephone number\r\n        <span class=\"frm_required\"><\/span>\r\n    <\/label>\r\n    <input type=\"tel\" id=\"field_dqrtw2\" name=\"item_meta[41]\" value=\"\"  data-frmmask=\"00000000\" placeholder=\"Telephone number\" data-invmsg=\"Enter your phone number in the field\" aria-invalid=\"false\" pattern=\"\\d\\d\\d\\d\\d\\d\\d\\d$\"  \/>\r\n    \r\n    \r\n<\/div>\n<div id=\"frm_field_42_container\" class=\"frm_form_field form-field  frm_required_field frm_top_container frm_full frm_third\">\r\n    <label for=\"field_29yf4d2\" id=\"field_29yf4d2_label\" class=\"frm_primary_label\">Email\r\n        <span class=\"frm_required\">*<\/span>\r\n    <\/label>\r\n    <input type=\"email\" id=\"field_29yf4d2\" name=\"item_meta[42]\" value=\"\"  placeholder=\"Email\" data-reqmsg=\"Enter your email address in the field\" aria-required=\"true\" data-invmsg=\"Enter a valid email address\" aria-invalid=\"false\"  \/>\r\n    \r\n    \r\n<\/div>\n<div id=\"frm_field_43_container\" class=\"frm_form_field form-field  frm_required_field frm_top_container frm_full\">\r\n    <label for=\"field_9jv0r12\" id=\"field_9jv0r12_label\" class=\"frm_primary_label\">Message\r\n        <span class=\"frm_required\">*<\/span>\r\n    <\/label>\r\n    <textarea name=\"item_meta[43]\" id=\"field_9jv0r12\" rows=\"5\"  data-reqmsg=\"Message must contain a message and cannot be blank\" aria-required=\"true\" data-invmsg=\"The message has not been approved\" aria-invalid=\"false\"  ><\/textarea>\r\n    \r\n    \r\n<\/div>\n<div id=\"frm_field_44_container\" class=\"frm_form_field form-field  frm_top_container frm3 frm_first\">\r\n    <label for=\"field_k35by2\" id=\"field_k35by2_label\" class=\"frm_primary_label\">Number of people\r\n        <span class=\"frm_required\"><\/span>\r\n    <\/label>\r\n    <input type=\"number\" id=\"field_k35by2\" name=\"item_meta[44]\" value=\"\" placeholder=\"Number of people\" data-invmsg=\"You must add the number of people in the field\" aria-invalid=\"false\"   min=\"0\" max=\"9999999\" step=\"any\" \/>\r\n    \r\n    \r\n<\/div>\n<div id=\"frm_field_45_container\" class=\"frm_form_field form-field  frm_top_container frm3\">\r\n    <label for=\"field_t5buk2\" id=\"field_t5buk2_label\" class=\"frm_primary_label\">Date\r\n        <span class=\"frm_required\"><\/span>\r\n    <\/label>\r\n    <input type=\"text\" id=\"field_t5buk2\" name=\"item_meta[45]\" value=\"\"  maxlength=\"10\" placeholder=\"Date\" data-invmsg=\"Enter the date in the field\" class=\"frm_date\" aria-invalid=\"false\"  \/>\r\n    \r\n    \r\n<\/div>\n<div id=\"frm_field_46_container\" class=\"frm_form_field form-field  frm_top_container frm3\">\r\n    <div  id=\"field_9cytu2_label\" class=\"frm_primary_label\">Time of day\r\n        <span class=\"frm_required\"><\/span>\r\n    <\/div>\r\n    <select aria-labelledby=\"field_9cytu2_label\" name=\"item_meta[46]\" id=\"field_9cytu2\"  data-frmval=\"Time of day\" data-invmsg=\"Enter the time in the field\" aria-invalid=\"false\"  ><option value=\"\" ><\/option><option value=\"00:00\"  selected='selected'>00:00<\/option><option value=\"00:30\" >00:30<\/option><option value=\"01:00\" >01:00<\/option><option value=\"01:30\" >01:30<\/option><option value=\"02:00\" >02:00<\/option><option value=\"02:30\" >02:30<\/option><option value=\"03:00\" >03:00<\/option><option value=\"03:30\" >03:30<\/option><option value=\"04:00\" >04:00<\/option><option value=\"04:30\" >04:30<\/option><option value=\"05:00\" >05:00<\/option><option value=\"05:30\" >05:30<\/option><option value=\"06:00\" >06:00<\/option><option value=\"06:30\" >06:30<\/option><option value=\"07:00\" >07:00<\/option><option value=\"07:30\" >07:30<\/option><option value=\"08:00\" >08:00<\/option><option value=\"08:30\" >08:30<\/option><option value=\"09:00\" >09:00<\/option><option value=\"09:30\" >09:30<\/option><option value=\"10:00\" >10:00<\/option><option value=\"10:30\" >10:30<\/option><option value=\"11:00\" >11:00<\/option><option value=\"11:30\" >11:30<\/option><option value=\"12:00\" >12:00<\/option><option value=\"12:30\" >12:30<\/option><option value=\"13:00\" >13:00<\/option><option value=\"13:30\" >13:30<\/option><option value=\"14:00\" >14:00<\/option><option value=\"14:30\" >14:30<\/option><option value=\"15:00\" >15:00<\/option><option value=\"15:30\" >15:30<\/option><option value=\"16:00\" >16:00<\/option><option value=\"16:30\" >16:30<\/option><option value=\"17:00\" >17:00<\/option><option value=\"17:30\" >17:30<\/option><option value=\"18:00\" >18:00<\/option><option value=\"18:30\" >18:30<\/option><option value=\"19:00\" >19:00<\/option><option value=\"19:30\" >19:30<\/option><option value=\"20:00\" >20:00<\/option><option value=\"20:30\" >20:30<\/option><option value=\"21:00\" >21:00<\/option><option value=\"21:30\" >21:30<\/option><option value=\"22:00\" >22:00<\/option><option value=\"22:30\" >22:30<\/option><option value=\"23:00\" >23:00<\/option><option value=\"23:30\" >23:30<\/option><\/select>\r\n    \r\n    \r\n<\/div>\n<div id=\"frm_field_79_container\" class=\"frm_form_field form-field  frm_top_container frm3\">\r\n\t<label for=\"field_h0uxl\" id=\"field_h0uxl_label\" class=\"frm_primary_label\">Contact form\r\n\t\t<span class=\"frm_required\" aria-hidden=\"true\"><\/span>\r\n\t<\/label>\r\n\t<input  type=\"text\" id=\"field_h0uxl\" name=\"item_meta[79]\" value=\"The Porcelain Museum\"  data-frmval=\"The Porcelain Museum\" data-invmsg=\"Contact form is invalid\" aria-invalid=\"false\"   \/>\r\n\t\r\n\t\r\n<\/div>\n<div id=\"frm_field_77_container\" class=\"frm_form_field form-field \">\r\n\t<div class=\"frm_submit\">\r\n\r\n<button class=\"frm_button_submit frm_final_submit\" type=\"submit\"   formnovalidate=\"formnovalidate\">SEND<\/button>\r\n\r\n<\/div>\r\n<\/div>\n\t<input type=\"hidden\" name=\"item_key\" value=\"\" \/>\n\t\t\t<div id=\"frm_field_119_container\">\n\t\t\t<label for=\"field_sf1sf\" >\n\t\t\t\tIf you are human, leave this field blank.\t\t\t<\/label>\n\t\t\t<input  id=\"field_sf1sf\" type=\"text\" class=\"frm_form_field form-field frm_verify\" name=\"item_meta[119]\" value=\"\"  \/>\n\t\t<\/div>\n\t\t<input name=\"frm_state\" type=\"hidden\" value=\"FXNa1pEZwWUNh3KfdpyrREpOJzmvBl5XjA1VE7fITWuj3mMI+iiao8niP9AX2LHM\" \/><\/div>\n<\/fieldset>\n<\/div>\n\n<\/form>\n<\/div>\n\n<\/section>","protected":false},"excerpt":{"rendered":"","protected":false},"author":6,"featured_media":140749,"parent":9165,"menu_order":0,"comment_status":"closed","ping_status":"closed","template":"","meta":{"_acf_changed":false,"footnotes":""},"class_list":["post-141269","page","type-page","status-publish","has-post-thumbnail","hentry"],"acf":[],"yoast_head":"<!-- This site is optimized with the Yoast SEO Premium plugin v23.7 (Yoast SEO v26.9) - https:\/\/yoast.com\/product\/yoast-seo-premium-wordpress\/ -->\n<title>Porcelain Painting Workshop - Telemark museum<\/title>\n<meta name=\"robots\" content=\"index, follow, max-snippet:-1, max-image-preview:large, max-video-preview:-1\" \/>\n<link rel=\"canonical\" href=\"https:\/\/www.telemarkmuseum.no\/en\/porselensmuseet\/porcelain-painting-workshop\/\" \/>\n<meta property=\"og:locale\" content=\"en_US\" \/>\n<meta property=\"og:type\" content=\"article\" \/>\n<meta property=\"og:title\" content=\"Porcelain Painting Workshop\" \/>\n<meta property=\"og:url\" content=\"https:\/\/www.telemarkmuseum.no\/en\/porselensmuseet\/porcelain-painting-workshop\/\" \/>\n<meta property=\"og:site_name\" content=\"Telemark museum\" \/>\n<meta property=\"article:modified_time\" content=\"2026-01-06T11:55:31+00:00\" \/>\n<meta property=\"og:image\" content=\"https:\/\/www.telemarkmuseum.no\/wp-content\/uploads\/DSC2778-scaled.jpg\" \/>\n\t<meta property=\"og:image:width\" content=\"2048\" \/>\n\t<meta property=\"og:image:height\" content=\"1367\" \/>\n\t<meta property=\"og:image:type\" content=\"image\/jpeg\" \/>\n<meta name=\"twitter:card\" content=\"summary_large_image\" \/>\n<meta name=\"twitter:label1\" content=\"Est. reading time\" \/>\n\t<meta name=\"twitter:data1\" content=\"1 minute\" \/>\n<script type=\"application\/ld+json\" class=\"yoast-schema-graph\">{\"@context\":\"https:\/\/schema.org\",\"@graph\":[{\"@type\":\"WebPage\",\"@id\":\"https:\/\/www.telemarkmuseum.no\/en\/porselensmuseet\/porcelain-painting-workshop\/\",\"url\":\"https:\/\/www.telemarkmuseum.no\/en\/porselensmuseet\/porcelain-painting-workshop\/\",\"name\":\"Porcelain Painting Workshop - Telemark museum\",\"isPartOf\":{\"@id\":\"https:\/\/www.telemarkmuseum.no\/#website\"},\"primaryImageOfPage\":{\"@id\":\"https:\/\/www.telemarkmuseum.no\/en\/porselensmuseet\/porcelain-painting-workshop\/#primaryimage\"},\"image\":{\"@id\":\"https:\/\/www.telemarkmuseum.no\/en\/porselensmuseet\/porcelain-painting-workshop\/#primaryimage\"},\"thumbnailUrl\":\"https:\/\/www.telemarkmuseum.no\/wp-content\/uploads\/DSC2778-scaled.jpg\",\"datePublished\":\"2024-08-26T11:25:22+00:00\",\"dateModified\":\"2026-01-06T11:55:31+00:00\",\"breadcrumb\":{\"@id\":\"https:\/\/www.telemarkmuseum.no\/en\/porselensmuseet\/porcelain-painting-workshop\/#breadcrumb\"},\"inLanguage\":\"en-US\",\"potentialAction\":[{\"@type\":\"ReadAction\",\"target\":[\"https:\/\/www.telemarkmuseum.no\/en\/porselensmuseet\/porcelain-painting-workshop\/\"]}]},{\"@type\":\"ImageObject\",\"inLanguage\":\"en-US\",\"@id\":\"https:\/\/www.telemarkmuseum.no\/en\/porselensmuseet\/porcelain-painting-workshop\/#primaryimage\",\"url\":\"https:\/\/www.telemarkmuseum.no\/wp-content\/uploads\/DSC2778-scaled.jpg\",\"contentUrl\":\"https:\/\/www.telemarkmuseum.no\/wp-content\/uploads\/DSC2778-scaled.jpg\",\"width\":2048,\"height\":1367,\"caption\":\"Workshop i porselensmaling. En kvinne sitter og maler p\u00e5 en hvit porselenskopp.\"},{\"@type\":\"BreadcrumbList\",\"@id\":\"https:\/\/www.telemarkmuseum.no\/en\/porselensmuseet\/porcelain-painting-workshop\/#breadcrumb\",\"itemListElement\":[{\"@type\":\"ListItem\",\"position\":1,\"name\":\"Home\",\"item\":\"https:\/\/www.telemarkmuseum.no\/en\/\"},{\"@type\":\"ListItem\",\"position\":2,\"name\":\"The Porcelain Museum\",\"item\":\"https:\/\/www.telemarkmuseum.no\/en\/porselensmuseet\/\"},{\"@type\":\"ListItem\",\"position\":3,\"name\":\"Porcelain Painting Workshop\"}]},{\"@type\":\"WebSite\",\"@id\":\"https:\/\/www.telemarkmuseum.no\/#website\",\"url\":\"https:\/\/www.telemarkmuseum.no\/\",\"name\":\"Telemark museum\",\"description\":\"\",\"publisher\":{\"@id\":\"https:\/\/www.telemarkmuseum.no\/#organization\"},\"potentialAction\":[{\"@type\":\"SearchAction\",\"target\":{\"@type\":\"EntryPoint\",\"urlTemplate\":\"https:\/\/www.telemarkmuseum.no\/?s={search_term_string}\"},\"query-input\":{\"@type\":\"PropertyValueSpecification\",\"valueRequired\":true,\"valueName\":\"search_term_string\"}}],\"inLanguage\":\"en-US\"},{\"@type\":\"Organization\",\"@id\":\"https:\/\/www.telemarkmuseum.no\/#organization\",\"name\":\"Telemark museum\",\"url\":\"https:\/\/www.telemarkmuseum.no\/\",\"logo\":{\"@type\":\"ImageObject\",\"inLanguage\":\"en-US\",\"@id\":\"https:\/\/www.telemarkmuseum.no\/#\/schema\/logo\/image\/\",\"url\":\"https:\/\/www.telemarkmuseum.no\/wp-content\/uploads\/logo.svg\",\"contentUrl\":\"https:\/\/www.telemarkmuseum.no\/wp-content\/uploads\/logo.svg\",\"caption\":\"Telemark museum\"},\"image\":{\"@id\":\"https:\/\/www.telemarkmuseum.no\/#\/schema\/logo\/image\/\"}}]}<\/script>\n<!-- \/ Yoast SEO Premium plugin. -->","yoast_head_json":{"title":"Porcelain Painting Workshop - Telemark museum","robots":{"index":"index","follow":"follow","max-snippet":"max-snippet:-1","max-image-preview":"max-image-preview:large","max-video-preview":"max-video-preview:-1"},"canonical":"https:\/\/www.telemarkmuseum.no\/en\/porselensmuseet\/porcelain-painting-workshop\/","og_locale":"en_US","og_type":"article","og_title":"Porcelain Painting Workshop","og_url":"https:\/\/www.telemarkmuseum.no\/en\/porselensmuseet\/porcelain-painting-workshop\/","og_site_name":"Telemark museum","article_modified_time":"2026-01-06T11:55:31+00:00","og_image":[{"width":2048,"height":1367,"url":"https:\/\/www.telemarkmuseum.no\/wp-content\/uploads\/DSC2778-scaled.jpg","type":"image\/jpeg"}],"twitter_card":"summary_large_image","twitter_misc":{"Est. reading time":"1 minute"},"schema":{"@context":"https:\/\/schema.org","@graph":[{"@type":"WebPage","@id":"https:\/\/www.telemarkmuseum.no\/en\/porselensmuseet\/porcelain-painting-workshop\/","url":"https:\/\/www.telemarkmuseum.no\/en\/porselensmuseet\/porcelain-painting-workshop\/","name":"Porcelain Painting Workshop - Telemark museum","isPartOf":{"@id":"https:\/\/www.telemarkmuseum.no\/#website"},"primaryImageOfPage":{"@id":"https:\/\/www.telemarkmuseum.no\/en\/porselensmuseet\/porcelain-painting-workshop\/#primaryimage"},"image":{"@id":"https:\/\/www.telemarkmuseum.no\/en\/porselensmuseet\/porcelain-painting-workshop\/#primaryimage"},"thumbnailUrl":"https:\/\/www.telemarkmuseum.no\/wp-content\/uploads\/DSC2778-scaled.jpg","datePublished":"2024-08-26T11:25:22+00:00","dateModified":"2026-01-06T11:55:31+00:00","breadcrumb":{"@id":"https:\/\/www.telemarkmuseum.no\/en\/porselensmuseet\/porcelain-painting-workshop\/#breadcrumb"},"inLanguage":"en-US","potentialAction":[{"@type":"ReadAction","target":["https:\/\/www.telemarkmuseum.no\/en\/porselensmuseet\/porcelain-painting-workshop\/"]}]},{"@type":"ImageObject","inLanguage":"en-US","@id":"https:\/\/www.telemarkmuseum.no\/en\/porselensmuseet\/porcelain-painting-workshop\/#primaryimage","url":"https:\/\/www.telemarkmuseum.no\/wp-content\/uploads\/DSC2778-scaled.jpg","contentUrl":"https:\/\/www.telemarkmuseum.no\/wp-content\/uploads\/DSC2778-scaled.jpg","width":2048,"height":1367,"caption":"Workshop i porselensmaling. En kvinne sitter og maler p\u00e5 en hvit porselenskopp."},{"@type":"BreadcrumbList","@id":"https:\/\/www.telemarkmuseum.no\/en\/porselensmuseet\/porcelain-painting-workshop\/#breadcrumb","itemListElement":[{"@type":"ListItem","position":1,"name":"Home","item":"https:\/\/www.telemarkmuseum.no\/en\/"},{"@type":"ListItem","position":2,"name":"The Porcelain Museum","item":"https:\/\/www.telemarkmuseum.no\/en\/porselensmuseet\/"},{"@type":"ListItem","position":3,"name":"Porcelain Painting Workshop"}]},{"@type":"WebSite","@id":"https:\/\/www.telemarkmuseum.no\/#website","url":"https:\/\/www.telemarkmuseum.no\/","name":"Telemark museum","description":"","publisher":{"@id":"https:\/\/www.telemarkmuseum.no\/#organization"},"potentialAction":[{"@type":"SearchAction","target":{"@type":"EntryPoint","urlTemplate":"https:\/\/www.telemarkmuseum.no\/?s={search_term_string}"},"query-input":{"@type":"PropertyValueSpecification","valueRequired":true,"valueName":"search_term_string"}}],"inLanguage":"en-US"},{"@type":"Organization","@id":"https:\/\/www.telemarkmuseum.no\/#organization","name":"Telemark museum","url":"https:\/\/www.telemarkmuseum.no\/","logo":{"@type":"ImageObject","inLanguage":"en-US","@id":"https:\/\/www.telemarkmuseum.no\/#\/schema\/logo\/image\/","url":"https:\/\/www.telemarkmuseum.no\/wp-content\/uploads\/logo.svg","contentUrl":"https:\/\/www.telemarkmuseum.no\/wp-content\/uploads\/logo.svg","caption":"Telemark museum"},"image":{"@id":"https:\/\/www.telemarkmuseum.no\/#\/schema\/logo\/image\/"}}]}},"_links":{"self":[{"href":"https:\/\/www.telemarkmuseum.no\/en\/wp-json\/wp\/v2\/pages\/141269","targetHints":{"allow":["GET"]}}],"collection":[{"href":"https:\/\/www.telemarkmuseum.no\/en\/wp-json\/wp\/v2\/pages"}],"about":[{"href":"https:\/\/www.telemarkmuseum.no\/en\/wp-json\/wp\/v2\/types\/page"}],"author":[{"embeddable":true,"href":"https:\/\/www.telemarkmuseum.no\/en\/wp-json\/wp\/v2\/users\/6"}],"replies":[{"embeddable":true,"href":"https:\/\/www.telemarkmuseum.no\/en\/wp-json\/wp\/v2\/comments?post=141269"}],"version-history":[{"count":4,"href":"https:\/\/www.telemarkmuseum.no\/en\/wp-json\/wp\/v2\/pages\/141269\/revisions"}],"predecessor-version":[{"id":143570,"href":"https:\/\/www.telemarkmuseum.no\/en\/wp-json\/wp\/v2\/pages\/141269\/revisions\/143570"}],"up":[{"embeddable":true,"href":"https:\/\/www.telemarkmuseum.no\/en\/wp-json\/wp\/v2\/pages\/9165"}],"wp:featuredmedia":[{"embeddable":true,"href":"https:\/\/www.telemarkmuseum.no\/en\/wp-json\/wp\/v2\/media\/140749"}],"wp:attachment":[{"href":"https:\/\/www.telemarkmuseum.no\/en\/wp-json\/wp\/v2\/media?parent=141269"}],"curies":[{"name":"wp","href":"https:\/\/api.w.org\/{rel}","templated":true}]}}