{"id":9156,"date":"2021-01-18T20:13:46","date_gmt":"2021-01-18T19:13:46","guid":{"rendered":"https:\/\/www.telemarkmuseum.no\/besok-telemark-museum\/"},"modified":"2023-02-13T10:47:47","modified_gmt":"2023-02-13T09:47:47","slug":"visit-telemark-museum","status":"publish","type":"page","link":"https:\/\/www.telemarkmuseum.no\/en\/visit-telemark-museum\/","title":{"rendered":"Visit Telemark Museum"},"content":{"rendered":"\n<section id=\"event-container\" class=\"posts white elements\" data-post-type=\"\" data-offset=\"3\" data-tax-query=\"\" data-ppp=\"3\">\n\n    \n    <div class=\"grid row side-padding rg-85 fade-me \">\n\n        <h2>Visit us<\/h2>\n        <div class=\"articles grid-3 grid-s-1 grid-m-1 mixitup\" id=\"mix\">\n\n            \n        <article  class=\"grid \">\n        <a class=\"grid row rg-0\" href=\"https:\/\/www.telemarkmuseum.no\/en\/brekkeparken\/\" aria-label=\"Les mer om Brekkeparken\">\n        <div class=\"img-wrapper \">\n        <img loading=\"lazy\" decoding=\"async\" width=\"720\" height=\"480\" src=\"https:\/\/www.telemarkmuseum.no\/wp-content\/uploads\/Sondre-Brekke-Brekkeparken-720x480.jpg\" class=\"attachment-medium size-medium wp-post-image\" alt=\"Sondre Brekke Brekkeparken\" srcset=\"https:\/\/www.telemarkmuseum.no\/wp-content\/uploads\/Sondre-Brekke-Brekkeparken-720x480.jpg 720w, https:\/\/www.telemarkmuseum.no\/wp-content\/uploads\/Sondre-Brekke-Brekkeparken-1280x854.jpg 1280w, https:\/\/www.telemarkmuseum.no\/wp-content\/uploads\/Sondre-Brekke-Brekkeparken-768x512.jpg 768w, https:\/\/www.telemarkmuseum.no\/wp-content\/uploads\/Sondre-Brekke-Brekkeparken.jpg 1300w\" sizes=\"auto, (max-width: 720px) 100vw, 720px\" \/>\n        <\/div>\n\n        <div class=\"content grid row rg-5\">\n            <h2>Brekkeparken<\/h2>\n            <div class=\"date\"><span class=\"lead\">Brekkeparken is a park in Skien. It contains an open air museum, a manor and modern museum with shifting exhibitions.<\/span><\/div>\n            <div class=\"time\"><\/div>\n\n            <span class=\"read-more\">Les mer Brekkeparken &rarr;<\/span>\n\n            \n        <\/div>\n        <\/a>\n        <\/article>\n        <article  class=\"grid \">\n        <a class=\"grid row rg-0\" href=\"https:\/\/www.telemarkmuseum.no\/en\/porselensmuseet\/\" aria-label=\"Les mer om The Porcelain Museum\">\n        <div class=\"img-wrapper \">\n        <img loading=\"lazy\" decoding=\"async\" width=\"720\" height=\"480\" src=\"https:\/\/www.telemarkmuseum.no\/wp-content\/uploads\/DSC1556-720x480.jpg\" class=\"attachment-medium size-medium wp-post-image\" alt=\"Bilde av en h\u00e5nd med pensel som maler str\u00e5m\u00f8nster p\u00e5 en tallerken\" srcset=\"https:\/\/www.telemarkmuseum.no\/wp-content\/uploads\/DSC1556-720x480.jpg 720w, https:\/\/www.telemarkmuseum.no\/wp-content\/uploads\/DSC1556-1280x854.jpg 1280w, https:\/\/www.telemarkmuseum.no\/wp-content\/uploads\/DSC1556-768x512.jpg 768w, https:\/\/www.telemarkmuseum.no\/wp-content\/uploads\/DSC1556-1536x1024.jpg 1536w, https:\/\/www.telemarkmuseum.no\/wp-content\/uploads\/DSC1556-scaled.jpg 2048w\" sizes=\"auto, (max-width: 720px) 100vw, 720px\" \/>\n        <\/div>\n\n        <div class=\"content grid row rg-5\">\n            <h2>The Porcelain Museum<\/h2>\n            <div class=\"date\"><span class=\"lead\">The Porcelain Museum tells the story of Porsgrunds Porsel\u00e6nsfabrik (Porsgrund\u2019s Porcelain factory) that was established in 1885. <\/span><\/div>\n            <div class=\"time\"><\/div>\n\n            <span class=\"read-more\">Les mer The Porcelain Museum &rarr;<\/span>\n\n            \n        <\/div>\n        <\/a>\n        <\/article>\n        <article  class=\"grid \">\n        <a class=\"grid row rg-0\" href=\"https:\/\/www.telemarkmuseum.no\/en\/henrik-ibsen-museum\/\" aria-label=\"Les mer om The Henrik Ibsen Museum\">\n        <div class=\"img-wrapper \">\n        <img loading=\"lazy\" decoding=\"async\" width=\"720\" height=\"480\" src=\"https:\/\/www.telemarkmuseum.no\/wp-content\/uploads\/Perspektiv-02-720x480.jpg\" class=\"attachment-medium size-medium wp-post-image\" alt=\"3d-illustrasjon fra B\u00f8rve Borchsenius Arkitekter as som hvordan Henrik Ibsen museum skal se ut fra utsiden i 2028. Fra utsiden ser det ganske likt ut som i dag, den store endringen skjer innvendig.\" srcset=\"https:\/\/www.telemarkmuseum.no\/wp-content\/uploads\/Perspektiv-02-720x480.jpg 720w, https:\/\/www.telemarkmuseum.no\/wp-content\/uploads\/Perspektiv-02-1280x853.jpg 1280w, https:\/\/www.telemarkmuseum.no\/wp-content\/uploads\/Perspektiv-02-768x512.jpg 768w, https:\/\/www.telemarkmuseum.no\/wp-content\/uploads\/Perspektiv-02-1536x1024.jpg 1536w, https:\/\/www.telemarkmuseum.no\/wp-content\/uploads\/Perspektiv-02-scaled.jpg 2048w\" sizes=\"auto, (max-width: 720px) 100vw, 720px\" \/>\n        <\/div>\n\n        <div class=\"content grid row rg-5\">\n            <h2>The Henrik Ibsen Museum<\/h2>\n            <div class=\"date\"><span class=\"lead\">The museum is closed and is now entering an extensive construction period. We will reopen in our anniversary year, 2028! Untill then we offer guided tours in Brekkeparken, Skien<\/span><\/div>\n            <div class=\"time\"><\/div>\n\n            <span class=\"read-more\">Les mer The Henrik Ibsen Museum &rarr;<\/span>\n\n            \n        <\/div>\n        <\/a>\n        <\/article>\n        <article  class=\"grid \">\n        <a class=\"grid row rg-0\" href=\"https:\/\/www.telemarkmuseum.no\/en\/ulefos-hovedgaard\/\" aria-label=\"Les mer om Ulefos Manor\">\n        <div class=\"img-wrapper \">\n        <img loading=\"lazy\" decoding=\"async\" width=\"720\" height=\"326\" src=\"https:\/\/www.telemarkmuseum.no\/wp-content\/uploads\/Ulefos-Hovedgaard-2-Foto-Bj-Rudborg-e1674201247500-720x326.jpg\" class=\"attachment-medium size-medium wp-post-image\" alt=\"Ulefos Manor from the outside. We see a little bit of the garden as well as the white stone building\" srcset=\"https:\/\/www.telemarkmuseum.no\/wp-content\/uploads\/Ulefos-Hovedgaard-2-Foto-Bj-Rudborg-e1674201247500-720x326.jpg 720w, https:\/\/www.telemarkmuseum.no\/wp-content\/uploads\/Ulefos-Hovedgaard-2-Foto-Bj-Rudborg-e1674201247500-1280x579.jpg 1280w, https:\/\/www.telemarkmuseum.no\/wp-content\/uploads\/Ulefos-Hovedgaard-2-Foto-Bj-Rudborg-e1674201247500-768x347.jpg 768w, https:\/\/www.telemarkmuseum.no\/wp-content\/uploads\/Ulefos-Hovedgaard-2-Foto-Bj-Rudborg-e1674201247500.jpg 1300w\" sizes=\"auto, (max-width: 720px) 100vw, 720px\" \/>\n        <\/div>\n\n        <div class=\"content grid row rg-5\">\n            <h2>Ulefos Manor<\/h2>\n            <div class=\"date\"><span class=\"lead\">Ulefos Manor, an exceptional empire-style building in Norway, is beautifully situated with views over Ulefos and the Telemark Canal.<\/span><\/div>\n            <div class=\"time\"><\/div>\n\n            <span class=\"read-more\">Les mer Ulefos Manor &rarr;<\/span>\n\n            \n        <\/div>\n        <\/a>\n        <\/article>\n        <article  class=\"grid \">\n        <a class=\"grid row rg-0\" href=\"https:\/\/www.telemarkmuseum.no\/en\/kittelsenhuset\/\" aria-label=\"Les mer om The Kittelsen House\">\n        <div class=\"img-wrapper \">\n        <img loading=\"lazy\" decoding=\"async\" width=\"720\" height=\"460\" src=\"https:\/\/www.telemarkmuseum.no\/wp-content\/uploads\/kittelsenhuset-foto-jermansen-media-nett-720x460.jpg\" class=\"attachment-medium size-medium wp-post-image\" alt=\"\" srcset=\"https:\/\/www.telemarkmuseum.no\/wp-content\/uploads\/kittelsenhuset-foto-jermansen-media-nett-720x460.jpg 720w, https:\/\/www.telemarkmuseum.no\/wp-content\/uploads\/kittelsenhuset-foto-jermansen-media-nett-1280x818.jpg 1280w, https:\/\/www.telemarkmuseum.no\/wp-content\/uploads\/kittelsenhuset-foto-jermansen-media-nett-768x491.jpg 768w, https:\/\/www.telemarkmuseum.no\/wp-content\/uploads\/kittelsenhuset-foto-jermansen-media-nett.jpg 1300w\" sizes=\"auto, (max-width: 720px) 100vw, 720px\" \/>\n        <\/div>\n\n        <div class=\"content grid row rg-5\">\n            <h2>The Kittelsen House<\/h2>\n            <div class=\"date\"><span class=\"lead\">Theodor Kittelsen grew up in Krager\u00f8. His childhood home is today a museum, the Kittelsen House.<\/span><\/div>\n            <div class=\"time\"><\/div>\n\n            <span class=\"read-more\">Les mer The Kittelsen House &rarr;<\/span>\n\n            \n        <\/div>\n        <\/a>\n        <\/article>\n        <article  class=\"grid \">\n        <a class=\"grid row rg-0\" href=\"https:\/\/www.telemarkmuseum.no\/en\/berg-kragero-museum\/\" aria-label=\"Les mer om Berg-Krager\u00f8 Museum\">\n        <div class=\"img-wrapper \">\n        <img loading=\"lazy\" decoding=\"async\" width=\"720\" height=\"421\" src=\"https:\/\/www.telemarkmuseum.no\/wp-content\/uploads\/imageresizer-720x421.jpeg\" class=\"attachment-medium size-medium wp-post-image\" alt=\"\" srcset=\"https:\/\/www.telemarkmuseum.no\/wp-content\/uploads\/imageresizer-720x421.jpeg 720w, https:\/\/www.telemarkmuseum.no\/wp-content\/uploads\/imageresizer-768x449.jpeg 768w, https:\/\/www.telemarkmuseum.no\/wp-content\/uploads\/imageresizer.jpeg 1220w\" sizes=\"auto, (max-width: 720px) 100vw, 720px\" \/>\n        <\/div>\n\n        <div class=\"content grid row rg-5\">\n            <h2>Berg-Krager\u00f8 Museum<\/h2>\n            <div class=\"date\"><span class=\"lead\">The Berg-Krager\u00f8 Museum is situated be the Helle Fjord in Krager\u00f8. The museum offers exhibitions, activities and lectures. <\/span><\/div>\n            <div class=\"time\"><\/div>\n\n            <span class=\"read-more\">Les mer Berg-Krager\u00f8 Museum &rarr;<\/span>\n\n            \n        <\/div>\n        <\/a>\n        <\/article>\n        <article  class=\"grid \">\n        <a class=\"grid row rg-0\" href=\"https:\/\/www.telemarkmuseum.no\/en\/duverden-sjofartsmuseum-vitensenter\/\" aria-label=\"Les mer om DuVerden Maritime Museum and Science Centre\">\n        <div class=\"img-wrapper \">\n        <img loading=\"lazy\" decoding=\"async\" width=\"720\" height=\"480\" src=\"https:\/\/www.telemarkmuseum.no\/wp-content\/uploads\/thumbnail_Fre-31-aug-2018-12-720x480.jpg\" class=\"attachment-medium size-medium wp-post-image\" alt=\"\" srcset=\"https:\/\/www.telemarkmuseum.no\/wp-content\/uploads\/thumbnail_Fre-31-aug-2018-12-720x480.jpg 720w, https:\/\/www.telemarkmuseum.no\/wp-content\/uploads\/thumbnail_Fre-31-aug-2018-12-768x512.jpg 768w, https:\/\/www.telemarkmuseum.no\/wp-content\/uploads\/thumbnail_Fre-31-aug-2018-12.jpg 1280w\" sizes=\"auto, (max-width: 720px) 100vw, 720px\" \/>\n        <\/div>\n\n        <div class=\"content grid row rg-5\">\n            <h2>DuVerden Maritime Museum and Science Centre<\/h2>\n            <div class=\"date\"><span class=\"lead\">The DuVerden Maritime Museum and Science Centre is an experience and learning centre for science, technology, and maritime history located in Porsgrunn.<\/span><\/div>\n            <div class=\"time\"><\/div>\n\n            <span class=\"read-more\">Les mer DuVerden Maritime Museum and Science Centre &rarr;<\/span>\n\n            \n        <\/div>\n        <\/a>\n        <\/article>\n        <article  class=\"grid \">\n        <a class=\"grid row rg-0\" href=\"https:\/\/www.telemarkmuseum.no\/en\/telemark-escape\/\" aria-label=\"Les mer om Telemark Escape\">\n        <div class=\"img-wrapper \">\n        <img loading=\"lazy\" decoding=\"async\" width=\"720\" height=\"319\" src=\"https:\/\/www.telemarkmuseum.no\/wp-content\/uploads\/telemark-escape-top-720x319.jpg\" class=\"attachment-medium size-medium wp-post-image\" alt=\"\" srcset=\"https:\/\/www.telemarkmuseum.no\/wp-content\/uploads\/telemark-escape-top-720x319.jpg 720w, https:\/\/www.telemarkmuseum.no\/wp-content\/uploads\/telemark-escape-top-1280x568.jpg 1280w, https:\/\/www.telemarkmuseum.no\/wp-content\/uploads\/telemark-escape-top-768x341.jpg 768w, https:\/\/www.telemarkmuseum.no\/wp-content\/uploads\/telemark-escape-top.jpg 1510w\" sizes=\"auto, (max-width: 720px) 100vw, 720px\" \/>\n        <\/div>\n\n        <div class=\"content grid row rg-5\">\n            <h2>Telemark Escape<\/h2>\n            <div class=\"date\"><span class=\"lead\">Do you like solving codes and puzzles? Try our Escape Room inside the manor in Brekkeparken: The Secret of the Brotherhood. <\/span><\/div>\n            <div class=\"time\"><\/div>\n\n            <span class=\"read-more\">Les mer Telemark Escape &rarr;<\/span>\n\n            \n        <\/div>\n        <\/a>\n        <\/article>\n        <article  class=\"grid \">\n        <a class=\"grid row rg-0\" href=\"https:\/\/www.telemarkmuseum.no\/en\/brekkeparken-kafe-2\/\" aria-label=\"Les mer om Brekkeparken Caf\u00e9\">\n        <div class=\"img-wrapper \">\n        <img loading=\"lazy\" decoding=\"async\" width=\"720\" height=\"720\" src=\"https:\/\/www.telemarkmuseum.no\/wp-content\/uploads\/Brekkeparken-kafe-720x720.jpg\" class=\"attachment-medium size-medium wp-post-image\" alt=\"\" srcset=\"https:\/\/www.telemarkmuseum.no\/wp-content\/uploads\/Brekkeparken-kafe-720x720.jpg 720w, https:\/\/www.telemarkmuseum.no\/wp-content\/uploads\/Brekkeparken-kafe-500x500.jpg 500w, https:\/\/www.telemarkmuseum.no\/wp-content\/uploads\/Brekkeparken-kafe-768x768.jpg 768w, https:\/\/www.telemarkmuseum.no\/wp-content\/uploads\/Brekkeparken-kafe.jpg 960w\" sizes=\"auto, (max-width: 720px) 100vw, 720px\" \/>\n        <\/div>\n\n        <div class=\"content grid row rg-5\">\n            <h2>Brekkeparken Caf\u00e9<\/h2>\n            <div class=\"date\"><span class=\"lead\">Brekkeparken Cafe has a stunning view over downtown Skien, the river and the Telemark Canal.\nOpen: 1 Mai &#8211; 31 August.<\/span><\/div>\n            <div class=\"time\"><\/div>\n\n            <span class=\"read-more\">Les mer Brekkeparken Caf\u00e9 &rarr;<\/span>\n\n            \n        <\/div>\n        <\/a>\n        <\/article>        <\/div>\n\n        \n    <\/div>\n<\/section>\n","protected":false},"excerpt":{"rendered":"<p class=\"lead\">Telemark Museum has main base in Skien, but has several satelite museums from Krager\u00f8 to Nome.  <\/p>\n","protected":false},"author":1,"featured_media":9110,"parent":0,"menu_order":100,"comment_status":"closed","ping_status":"closed","template":"","meta":{"_acf_changed":false,"footnotes":""},"class_list":["post-9156","page","type-page","status-publish","has-post-thumbnail","hentry"],"acf":[],"yoast_head":"<!-- This site is optimized with the Yoast SEO Premium plugin v23.7 (Yoast SEO v26.9) - https:\/\/yoast.com\/product\/yoast-seo-premium-wordpress\/ -->\n<title>Visit Telemark Museum - Telemark museum<\/title>\n<meta name=\"robots\" content=\"index, follow, max-snippet:-1, max-image-preview:large, max-video-preview:-1\" \/>\n<link rel=\"canonical\" href=\"https:\/\/www.telemarkmuseum.no\/en\/visit-telemark-museum\/\" \/>\n<meta property=\"og:locale\" content=\"en_US\" \/>\n<meta property=\"og:type\" content=\"article\" \/>\n<meta property=\"og:title\" content=\"Visit Telemark Museum\" \/>\n<meta property=\"og:description\" content=\"Telemark Museum has main base in Skien, but has several satelite museums from Krager\u00f8 to Nome.\" \/>\n<meta property=\"og:url\" content=\"https:\/\/www.telemarkmuseum.no\/en\/visit-telemark-museum\/\" \/>\n<meta property=\"og:site_name\" content=\"Telemark museum\" \/>\n<meta property=\"article:modified_time\" content=\"2023-02-13T09:47:47+00:00\" \/>\n<meta property=\"og:image\" content=\"https:\/\/www.telemarkmuseum.no\/wp-content\/uploads\/juni-2022-stort-scaled-e1674207172979.jpg\" \/>\n\t<meta property=\"og:image:width\" content=\"2048\" \/>\n\t<meta property=\"og:image:height\" content=\"1054\" \/>\n\t<meta property=\"og:image:type\" content=\"image\/jpeg\" \/>\n<meta name=\"twitter:card\" content=\"summary_large_image\" \/>\n<script type=\"application\/ld+json\" class=\"yoast-schema-graph\">{\"@context\":\"https:\/\/schema.org\",\"@graph\":[{\"@type\":\"WebPage\",\"@id\":\"https:\/\/www.telemarkmuseum.no\/en\/visit-telemark-museum\/\",\"url\":\"https:\/\/www.telemarkmuseum.no\/en\/visit-telemark-museum\/\",\"name\":\"Visit Telemark Museum - Telemark museum\",\"isPartOf\":{\"@id\":\"https:\/\/www.telemarkmuseum.no\/#website\"},\"primaryImageOfPage\":{\"@id\":\"https:\/\/www.telemarkmuseum.no\/en\/visit-telemark-museum\/#primaryimage\"},\"image\":{\"@id\":\"https:\/\/www.telemarkmuseum.no\/en\/visit-telemark-museum\/#primaryimage\"},\"thumbnailUrl\":\"https:\/\/www.telemarkmuseum.no\/wp-content\/uploads\/juni-2022-stort-scaled-e1674207172979.jpg\",\"datePublished\":\"2021-01-18T19:13:46+00:00\",\"dateModified\":\"2023-02-13T09:47:47+00:00\",\"breadcrumb\":{\"@id\":\"https:\/\/www.telemarkmuseum.no\/en\/visit-telemark-museum\/#breadcrumb\"},\"inLanguage\":\"en-US\",\"potentialAction\":[{\"@type\":\"ReadAction\",\"target\":[\"https:\/\/www.telemarkmuseum.no\/en\/visit-telemark-museum\/\"]}]},{\"@type\":\"ImageObject\",\"inLanguage\":\"en-US\",\"@id\":\"https:\/\/www.telemarkmuseum.no\/en\/visit-telemark-museum\/#primaryimage\",\"url\":\"https:\/\/www.telemarkmuseum.no\/wp-content\/uploads\/juni-2022-stort-scaled-e1674207172979.jpg\",\"contentUrl\":\"https:\/\/www.telemarkmuseum.no\/wp-content\/uploads\/juni-2022-stort-scaled-e1674207172979.jpg\",\"width\":2048,\"height\":1054,\"caption\":\"Brekkeparken, museumsbygget VEV\"},{\"@type\":\"BreadcrumbList\",\"@id\":\"https:\/\/www.telemarkmuseum.no\/en\/visit-telemark-museum\/#breadcrumb\",\"itemListElement\":[{\"@type\":\"ListItem\",\"position\":1,\"name\":\"Home\",\"item\":\"https:\/\/www.telemarkmuseum.no\/en\/\"},{\"@type\":\"ListItem\",\"position\":2,\"name\":\"Visit Telemark Museum\"}]},{\"@type\":\"WebSite\",\"@id\":\"https:\/\/www.telemarkmuseum.no\/#website\",\"url\":\"https:\/\/www.telemarkmuseum.no\/\",\"name\":\"Telemark museum\",\"description\":\"\",\"publisher\":{\"@id\":\"https:\/\/www.telemarkmuseum.no\/#organization\"},\"potentialAction\":[{\"@type\":\"SearchAction\",\"target\":{\"@type\":\"EntryPoint\",\"urlTemplate\":\"https:\/\/www.telemarkmuseum.no\/?s={search_term_string}\"},\"query-input\":{\"@type\":\"PropertyValueSpecification\",\"valueRequired\":true,\"valueName\":\"search_term_string\"}}],\"inLanguage\":\"en-US\"},{\"@type\":\"Organization\",\"@id\":\"https:\/\/www.telemarkmuseum.no\/#organization\",\"name\":\"Telemark museum\",\"url\":\"https:\/\/www.telemarkmuseum.no\/\",\"logo\":{\"@type\":\"ImageObject\",\"inLanguage\":\"en-US\",\"@id\":\"https:\/\/www.telemarkmuseum.no\/#\/schema\/logo\/image\/\",\"url\":\"https:\/\/www.telemarkmuseum.no\/wp-content\/uploads\/logo.svg\",\"contentUrl\":\"https:\/\/www.telemarkmuseum.no\/wp-content\/uploads\/logo.svg\",\"caption\":\"Telemark museum\"},\"image\":{\"@id\":\"https:\/\/www.telemarkmuseum.no\/#\/schema\/logo\/image\/\"}}]}<\/script>\n<!-- \/ Yoast SEO Premium plugin. -->","yoast_head_json":{"title":"Visit Telemark Museum - Telemark museum","robots":{"index":"index","follow":"follow","max-snippet":"max-snippet:-1","max-image-preview":"max-image-preview:large","max-video-preview":"max-video-preview:-1"},"canonical":"https:\/\/www.telemarkmuseum.no\/en\/visit-telemark-museum\/","og_locale":"en_US","og_type":"article","og_title":"Visit Telemark Museum","og_description":"Telemark Museum has main base in Skien, but has several satelite museums from Krager\u00f8 to Nome.","og_url":"https:\/\/www.telemarkmuseum.no\/en\/visit-telemark-museum\/","og_site_name":"Telemark museum","article_modified_time":"2023-02-13T09:47:47+00:00","og_image":[{"width":2048,"height":1054,"url":"https:\/\/www.telemarkmuseum.no\/wp-content\/uploads\/juni-2022-stort-scaled-e1674207172979.jpg","type":"image\/jpeg"}],"twitter_card":"summary_large_image","schema":{"@context":"https:\/\/schema.org","@graph":[{"@type":"WebPage","@id":"https:\/\/www.telemarkmuseum.no\/en\/visit-telemark-museum\/","url":"https:\/\/www.telemarkmuseum.no\/en\/visit-telemark-museum\/","name":"Visit Telemark Museum - Telemark museum","isPartOf":{"@id":"https:\/\/www.telemarkmuseum.no\/#website"},"primaryImageOfPage":{"@id":"https:\/\/www.telemarkmuseum.no\/en\/visit-telemark-museum\/#primaryimage"},"image":{"@id":"https:\/\/www.telemarkmuseum.no\/en\/visit-telemark-museum\/#primaryimage"},"thumbnailUrl":"https:\/\/www.telemarkmuseum.no\/wp-content\/uploads\/juni-2022-stort-scaled-e1674207172979.jpg","datePublished":"2021-01-18T19:13:46+00:00","dateModified":"2023-02-13T09:47:47+00:00","breadcrumb":{"@id":"https:\/\/www.telemarkmuseum.no\/en\/visit-telemark-museum\/#breadcrumb"},"inLanguage":"en-US","potentialAction":[{"@type":"ReadAction","target":["https:\/\/www.telemarkmuseum.no\/en\/visit-telemark-museum\/"]}]},{"@type":"ImageObject","inLanguage":"en-US","@id":"https:\/\/www.telemarkmuseum.no\/en\/visit-telemark-museum\/#primaryimage","url":"https:\/\/www.telemarkmuseum.no\/wp-content\/uploads\/juni-2022-stort-scaled-e1674207172979.jpg","contentUrl":"https:\/\/www.telemarkmuseum.no\/wp-content\/uploads\/juni-2022-stort-scaled-e1674207172979.jpg","width":2048,"height":1054,"caption":"Brekkeparken, museumsbygget VEV"},{"@type":"BreadcrumbList","@id":"https:\/\/www.telemarkmuseum.no\/en\/visit-telemark-museum\/#breadcrumb","itemListElement":[{"@type":"ListItem","position":1,"name":"Home","item":"https:\/\/www.telemarkmuseum.no\/en\/"},{"@type":"ListItem","position":2,"name":"Visit Telemark Museum"}]},{"@type":"WebSite","@id":"https:\/\/www.telemarkmuseum.no\/#website","url":"https:\/\/www.telemarkmuseum.no\/","name":"Telemark museum","description":"","publisher":{"@id":"https:\/\/www.telemarkmuseum.no\/#organization"},"potentialAction":[{"@type":"SearchAction","target":{"@type":"EntryPoint","urlTemplate":"https:\/\/www.telemarkmuseum.no\/?s={search_term_string}"},"query-input":{"@type":"PropertyValueSpecification","valueRequired":true,"valueName":"search_term_string"}}],"inLanguage":"en-US"},{"@type":"Organization","@id":"https:\/\/www.telemarkmuseum.no\/#organization","name":"Telemark museum","url":"https:\/\/www.telemarkmuseum.no\/","logo":{"@type":"ImageObject","inLanguage":"en-US","@id":"https:\/\/www.telemarkmuseum.no\/#\/schema\/logo\/image\/","url":"https:\/\/www.telemarkmuseum.no\/wp-content\/uploads\/logo.svg","contentUrl":"https:\/\/www.telemarkmuseum.no\/wp-content\/uploads\/logo.svg","caption":"Telemark museum"},"image":{"@id":"https:\/\/www.telemarkmuseum.no\/#\/schema\/logo\/image\/"}}]}},"_links":{"self":[{"href":"https:\/\/www.telemarkmuseum.no\/en\/wp-json\/wp\/v2\/pages\/9156","targetHints":{"allow":["GET"]}}],"collection":[{"href":"https:\/\/www.telemarkmuseum.no\/en\/wp-json\/wp\/v2\/pages"}],"about":[{"href":"https:\/\/www.telemarkmuseum.no\/en\/wp-json\/wp\/v2\/types\/page"}],"author":[{"embeddable":true,"href":"https:\/\/www.telemarkmuseum.no\/en\/wp-json\/wp\/v2\/users\/1"}],"replies":[{"embeddable":true,"href":"https:\/\/www.telemarkmuseum.no\/en\/wp-json\/wp\/v2\/comments?post=9156"}],"version-history":[{"count":10,"href":"https:\/\/www.telemarkmuseum.no\/en\/wp-json\/wp\/v2\/pages\/9156\/revisions"}],"predecessor-version":[{"id":9318,"href":"https:\/\/www.telemarkmuseum.no\/en\/wp-json\/wp\/v2\/pages\/9156\/revisions\/9318"}],"wp:featuredmedia":[{"embeddable":true,"href":"https:\/\/www.telemarkmuseum.no\/en\/wp-json\/wp\/v2\/media\/9110"}],"wp:attachment":[{"href":"https:\/\/www.telemarkmuseum.no\/en\/wp-json\/wp\/v2\/media?parent=9156"}],"curies":[{"name":"wp","href":"https:\/\/api.w.org\/{rel}","templated":true}]}}