{"id":9163,"date":"2021-02-22T09:09:15","date_gmt":"2021-02-22T08:09:15","guid":{"rendered":"https:\/\/www.telemarkmuseum.no\/berg-kragero-museum\/"},"modified":"2026-01-12T12:52:32","modified_gmt":"2026-01-12T11:52:32","slug":"berg-kragero-museum","status":"publish","type":"page","link":"https:\/\/www.telemarkmuseum.no\/en\/berg-kragero-museum\/","title":{"rendered":"Berg-Krager\u00f8 Museum"},"content":{"rendered":"\n\n<section class=\"lead grid-12 side-padding\">\n\n    <div>\n        <p style=\"text-align: center;\">Reopen on 20 June 2026<\/p>\n    <\/div>\n    \n<\/section>\n\n\n<section class=\"image grid full\">\n    <div class=\"img-wrapper\"><img loading=\"lazy\" decoding=\"async\" width=\"1220\" height=\"713\" src=\"https:\/\/www.telemarkmuseum.no\/wp-content\/uploads\/imageresizer.jpeg\" class=\"attachment-post-thumbnail size-post-thumbnail wp-post-image\" alt=\"\" srcset=\"https:\/\/www.telemarkmuseum.no\/wp-content\/uploads\/imageresizer.jpeg 1220w, https:\/\/www.telemarkmuseum.no\/wp-content\/uploads\/imageresizer-720x421.jpeg 720w, https:\/\/www.telemarkmuseum.no\/wp-content\/uploads\/imageresizer-768x449.jpeg 768w\" sizes=\"auto, (max-width: 1220px) 100vw, 1220px\" \/><\/div><\/section>\n\n\n<section id=\"event-container\" class=\"posts white\" data-post-type=\"exhibitions\" data-offset=\"3\" data-tax-query=\"\" data-ppp=\"3\">\n\n    \n    <div class=\"grid row side-padding rg-85 fade-me \">\n\n        <h2>Exhibitions and Tours<\/h2>\n        <div class=\"articles grid-3 grid-s-1 grid-m-1 mixitup\" id=\"mix\">\n\n            \n        <article  class=\"grid filter-berg-kragero-museum-en-2 filter-homann filter-kragero filter-manor-house\">\n        <a class=\"grid row rg-0\" href=\"https:\/\/www.telemarkmuseum.no\/en\/utstillinger\/guided-tour-of-the-manor-house\/\" aria-label=\"Les mer om Guided tour of the manor house\">\n        <div class=\"img-wrapper \">\n        <img loading=\"lazy\" decoding=\"async\" width=\"720\" height=\"461\" src=\"https:\/\/www.telemarkmuseum.no\/wp-content\/uploads\/Berg-720x461.jpg\" class=\"attachment-medium size-medium wp-post-image\" alt=\"Berg\u2013Krager\u00f8 Museum, the country house. The image shows the ochre-yellow main building, the principal residence, in summertime. The sundial is located outside to the left.\" srcset=\"https:\/\/www.telemarkmuseum.no\/wp-content\/uploads\/Berg-720x461.jpg 720w, https:\/\/www.telemarkmuseum.no\/wp-content\/uploads\/Berg-1280x820.jpg 1280w, https:\/\/www.telemarkmuseum.no\/wp-content\/uploads\/Berg-768x492.jpg 768w, https:\/\/www.telemarkmuseum.no\/wp-content\/uploads\/Berg.jpg 1382w\" sizes=\"auto, (max-width: 720px) 100vw, 720px\" \/>\n        <\/div>\n\n        <div class=\"content grid row rg-5\">\n            <h2>Guided tour of the manor house<\/h2>\n            <div class=\"date\"><span class=\"lead\"><\/span><\/div>\n            <div class=\"time\"><\/div>\n\n            <span class=\"read-more\">Les mer Guided tour of the manor house &rarr;<\/span>\n\n            \n        <\/div>\n        <\/a>\n        <\/article>\n        <article  class=\"grid filter-berg-kragero-museum-en-2\">\n        <a class=\"grid row rg-0\" href=\"https:\/\/www.telemarkmuseum.no\/en\/utstillinger\/the-last-ice-age-in-kragero\/\" aria-label=\"Les mer om The last ice age in Krager\u00f8\">\n        <div class=\"img-wrapper \">\n        <img loading=\"lazy\" decoding=\"async\" width=\"720\" height=\"682\" src=\"https:\/\/www.telemarkmuseum.no\/wp-content\/uploads\/BKM.F.003113-720x682.jpg\" class=\"attachment-medium size-medium wp-post-image\" alt=\"Et gammelt bilde med svake farger viser fire menn som hogger ut isblokker. Blokkene ligger p\u00e5 en treplatting\" srcset=\"https:\/\/www.telemarkmuseum.no\/wp-content\/uploads\/BKM.F.003113-720x682.jpg 720w, https:\/\/www.telemarkmuseum.no\/wp-content\/uploads\/BKM.F.003113-1280x1212.jpg 1280w, https:\/\/www.telemarkmuseum.no\/wp-content\/uploads\/BKM.F.003113-768x727.jpg 768w, https:\/\/www.telemarkmuseum.no\/wp-content\/uploads\/BKM.F.003113-1536x1455.jpg 1536w, https:\/\/www.telemarkmuseum.no\/wp-content\/uploads\/BKM.F.003113-scaled.jpg 2048w\" sizes=\"auto, (max-width: 720px) 100vw, 720px\" \/>\n        <\/div>\n\n        <div class=\"content grid row rg-5\">\n            <h2>The last ice age in Krager\u00f8<\/h2>\n            <div class=\"date\"><span class=\"lead\"><\/span><\/div>\n            <div class=\"time\"><\/div>\n\n            <span class=\"read-more\">Les mer The last ice age in Krager\u00f8 &rarr;<\/span>\n\n            \n        <\/div>\n        <\/a>\n        <\/article>\n        <article  class=\"grid filter-berg-kragero-museum-en-2\">\n        <a class=\"grid row rg-0\" href=\"https:\/\/www.telemarkmuseum.no\/en\/utstillinger\/munch-exhibition\/\" aria-label=\"Les mer om Stories of Edvard Munch&#8217;s life and art in Krager\u00f8\">\n        <div class=\"img-wrapper \">\n        <img loading=\"lazy\" decoding=\"async\" width=\"720\" height=\"479\" src=\"https:\/\/www.telemarkmuseum.no\/wp-content\/uploads\/Munch-2-D.-Jenssen-720x479.jpg\" class=\"attachment-medium size-medium wp-post-image\" alt=\"BIlde som viser en del av utstillingen om Edvard Munch i Krager\u00f8. Foto: Dag Jenssen.\" srcset=\"https:\/\/www.telemarkmuseum.no\/wp-content\/uploads\/Munch-2-D.-Jenssen-720x479.jpg 720w, https:\/\/www.telemarkmuseum.no\/wp-content\/uploads\/Munch-2-D.-Jenssen-1280x852.jpg 1280w, https:\/\/www.telemarkmuseum.no\/wp-content\/uploads\/Munch-2-D.-Jenssen-768x511.jpg 768w, https:\/\/www.telemarkmuseum.no\/wp-content\/uploads\/Munch-2-D.-Jenssen-1536x1022.jpg 1536w, https:\/\/www.telemarkmuseum.no\/wp-content\/uploads\/Munch-2-D.-Jenssen-scaled.jpg 2048w\" sizes=\"auto, (max-width: 720px) 100vw, 720px\" \/>\n        <\/div>\n\n        <div class=\"content grid row rg-5\">\n            <h2>Stories of Edvard Munch&#8217;s life and art in Krager\u00f8<\/h2>\n            <div class=\"date\"><span class=\"lead\"><\/span><\/div>\n            <div class=\"time\"><\/div>\n\n            <span class=\"read-more\">Les mer Stories of Edvard Munch&#8217;s life and art in Krager\u00f8 &rarr;<\/span>\n\n            \n        <\/div>\n        <\/a>\n        <\/article>        <\/div>\n\n        <a href=\"https:\/\/dev.telemarkmuseum.no\/berg-kragero-museum\/utstillinger-omvisninger\/\" id=\"load-more\" class=\"jss btn\">exhibitions and tours<\/a>\n    <\/div>\n<\/section>\n\n\n\n\n<section class=\"text grid-12 side-padding\">\n        <p style=\"text-align: center;\">Contact the manager by <a href=\"Berg-Kragero.Museum@telemark.museum.no\" target=\"_blank\" rel=\"noopener\">e-post <\/a>\u00a0or telephone +47 908 32 246.<\/p>\n<\/section>\n\n\n\n<section class=\"lead grid-12 side-padding\">\n\n    <div>\n        The Berg-Krager\u00f8 Museum is situated be the Helle Fjord in Krager\u00f8. The museum offers exhibitions, activities and lectures.     <\/div>\n    \n<\/section>\n\n\n\n<section class=\"text grid-12 side-padding\">\n        <ul>\n<li>Guided tours in the manor house.<\/li>\n<li>Nature trails, park area, caf\u00e9, museum shop, beach and boat dock.<\/li>\n<li>Discover the holiday life, coastal culture, ice export during the sailing ship era, and Edvard Munch&#8217;s artistic life in Krager\u00f8.<\/li>\n<\/ul>\n<\/section>\n\n\n<section id=\"event-container\" class=\"posts dark bg\" data-post-type=\"events\" data-offset=\"3\" data-tax-query=\"\" data-ppp=\"3\">\n\n    \n    <div class=\"grid row side-padding rg-85 fade-me \">\n\n        <h2>Events<\/h2>\n        <div class=\"articles grid-3 grid-s-1 grid-m-1 mixitup\" id=\"mix\">\n\n                    <\/div>\n\n        <a href=\"\/berg-kragero-museum\/arrangementer\/\" id=\"load-more\" class=\"jss btn\">More events<\/a>\n    <\/div>\n<\/section>\n\n\n\n<section class=\"title grid-12 side-padding \">\n\n<h1>Contact<\/h1>\n\n<\/section>\n\n\n\n<section id=\"el5912\" class=\"boxes grid-12 side-padding\">\n\n    <div class=\"grid-2 grid-m-1 grid-s-1 rg-0 cg-0\">\n                \n        <div class=\"box grid padding\">\n\n            <h2>Berg-Krager\u00f8 Museum<\/h2><div class=\"content\"><p>Manager: Ingrid Brustad<br \/>\nTelephone: +47 <a href=\"tel:90832246\">908 32 246<\/a><br \/>\nE-mail: <a href=\"mailto:Berg-Kragero.Museum@telemark.museum.no\">Send e-mail<\/a><\/p>\n<\/div>        <\/div>\n        \n        <div class=\"box grid padding\">\n\n            <h2>Friends&#8217; Association<\/h2><div class=\"content\"><p>Leader: Dagny Karlander<br \/>\nTelephone: +47 <a href=\"tel:98433838\">984 33 838<\/a><br \/>\nE-mail: <a href=\"mailto:dagnykl@hotmail.com\">Send e-mai<\/a>l<\/p>\n<\/div>        <\/div>\n        \n        <style>\n\n            @media screen and (min-width: 992px){ \n                .box:nth-child(3){border-left: 0 !important;}.box:nth-child(2){border-bottom-right-radius: 6px;}.box:nth-child(5){border-left: 0 !important;}.box:nth-child(-n+2){border-top: 0 !important;}            }\n\n        <\/style>\n\n           <!-- lukker if($add_map) -->\n\n           <!-- lukker if (is_array($boxes) && !empty($boxes)) -->\n\n\n    <\/div>\n\n<\/section>\n\n\n<section class=\"map grid-12 rg-30 padding\">\n\n    Lovisenbergveien 45, Krager\u00f8, Norge        <span>Address:<\/span> Lovisenbergveien 45, Krager\u00f8, Norge    <\/div>\n\n    <div class=\"map-wrapper \">\n\n                <div class=\"acf-map\" data-zoom=\"16\">\n            <div class=\"marker\" data-lat=\"58.8856272\" data-lng=\"9.3856619\"><\/div>\n        <\/div>\n        \n        \n    <\/div>\n\n    <script src=\"https:\/\/maps.googleapis.com\/maps\/api\/js?key=AIzaSyD-emAT273AiwtGNL8B5g8qKdaHrZi-SnA\"><\/script>\n    <script>\n\n        (function( $ ) {\n\n            \/**\n * initMap\n *\n * Renders a Google Map onto the selected jQuery element\n *\n * @date    22\/10\/19\n * @since   5.8.6\n *\n * @param   jQuery $el The jQuery element.\n * @return  object The map instance.\n *\/\n            function initMap( $el ) {\n\n                \/\/ Find marker elements within map.\n                var $markers = $el.find('.marker');\n\n                \/\/ Create gerenic map.\n                var mapArgs = {\n                    zoom        : $el.data('zoom') || 16,\n                    mapTypeId   : google.maps.MapTypeId.ROADMAP\n                };\n                var map = new google.maps.Map( $el[0], mapArgs );\n\n                \/\/ Add markers.\n                map.markers = [];\n                $markers.each(function(){\n                    initMarker( $(this), map );\n                });\n\n                \/\/ Center map based on markers.\n                centerMap( map );\n\n                \/\/ Return map instance.\n                return map;\n            }\n\n            \/**\n * initMarker\n *\n * Creates a marker for the given jQuery element and map.\n *\n * @date    22\/10\/19\n * @since   5.8.6\n *\n * @param   jQuery $el The jQuery element.\n * @param   object The map instance.\n * @return  object The marker instance.\n *\/\n            function initMarker( $marker, map ) {\n\n                \/\/ Get position from marker.\n                var lat = $marker.data('lat');\n                var lng = $marker.data('lng');\n                var latLng = {\n                    lat: parseFloat( lat ),\n                    lng: parseFloat( lng )\n                };\n\n                \/\/ Create marker instance.\n                var marker = new google.maps.Marker({\n                    position : latLng,\n                    map: map\n                });\n\n                \/\/ Append to reference for later use.\n                map.markers.push( marker );\n\n                \/\/ If marker contains HTML, add it to an infoWindow.\n                if( $marker.html() ){\n\n                    \/\/ Create info window.\n                    var infowindow = new google.maps.InfoWindow({\n                        content: $marker.html()\n                    });\n\n                    \/\/ Show info window when marker is clicked.\n                    google.maps.event.addListener(marker, 'click', function() {\n                        infowindow.open( map, marker );\n                    });\n                }\n            }\n\n            \/**\n * centerMap\n *\n * Centers the map showing all markers in view.\n *\n * @date    22\/10\/19\n * @since   5.8.6\n *\n * @param   object The map instance.\n * @return  void\n *\/\n            function centerMap( map ) {\n\n                \/\/ Create map boundaries from all map markers.\n                var bounds = new google.maps.LatLngBounds();\n                map.markers.forEach(function( marker ){\n                    bounds.extend({\n                        lat: marker.position.lat(),\n                        lng: marker.position.lng()\n                    });\n                });\n\n                \/\/ Case: Single marker.\n                if( map.markers.length == 1 ){\n                    map.setCenter( bounds.getCenter() );\n\n                    \/\/ Case: Multiple markers.\n                } else{\n                    map.fitBounds( bounds );\n                }\n            }\n\n            \/\/ Render maps on page load.\n            $(document).ready(function(){\n                $('.acf-map').each(function(){\n                    var map = initMap( $(this) );\n                });\n            });\n\n        })(jQuery);\n\n    <\/script>\n\n<\/section>","protected":false},"excerpt":{"rendered":"<p class=\"lead\">The Berg-Krager\u00f8 Museum is situated be the Helle Fjord in Krager\u00f8. The museum offers exhibitions, activities and lectures. <\/p>\n","protected":false},"author":1,"featured_media":7688,"parent":0,"menu_order":92,"comment_status":"closed","ping_status":"closed","template":"","meta":{"_acf_changed":false,"footnotes":""},"class_list":["post-9163","page","type-page","status-publish","has-post-thumbnail","hentry"],"acf":[],"yoast_head":"<!-- This site is optimized with the Yoast SEO Premium plugin v23.7 (Yoast SEO v26.9) - https:\/\/yoast.com\/product\/yoast-seo-premium-wordpress\/ -->\n<title>Berg-Krager\u00f8 Museum - Telemark museum<\/title>\n<meta name=\"description\" content=\"Berg-Krager\u00f8 Museum ligger ved Hellefjorden i Krager\u00f8. Omvisninger i lystg\u00e5rd og i utstillinger. Vakkert omr\u00e5de med badeplass og b\u00e5tbrygge.\" \/>\n<meta name=\"robots\" content=\"index, follow, max-snippet:-1, max-image-preview:large, max-video-preview:-1\" \/>\n<link rel=\"canonical\" href=\"https:\/\/www.telemarkmuseum.no\/en\/berg-kragero-museum\/\" \/>\n<meta property=\"og:locale\" content=\"en_US\" \/>\n<meta property=\"og:type\" content=\"article\" \/>\n<meta property=\"og:title\" content=\"Berg-Krager\u00f8 Museum\" \/>\n<meta property=\"og:description\" content=\"Berg-Krager\u00f8 Museum ligger ved Hellefjorden i Krager\u00f8. Omvisninger i lystg\u00e5rd og i utstillinger. Vakkert omr\u00e5de med badeplass og b\u00e5tbrygge.\" \/>\n<meta property=\"og:url\" content=\"https:\/\/www.telemarkmuseum.no\/en\/berg-kragero-museum\/\" \/>\n<meta property=\"og:site_name\" content=\"Telemark museum\" \/>\n<meta property=\"article:modified_time\" content=\"2026-01-12T11:52:32+00:00\" \/>\n<meta property=\"og:image\" content=\"https:\/\/www.telemarkmuseum.no\/wp-content\/uploads\/imageresizer.jpeg\" \/>\n\t<meta property=\"og:image:width\" content=\"1220\" \/>\n\t<meta property=\"og:image:height\" content=\"713\" \/>\n\t<meta property=\"og:image:type\" content=\"image\/jpeg\" \/>\n<meta name=\"twitter:card\" content=\"summary_large_image\" \/>\n<meta name=\"twitter:label1\" content=\"Est. reading time\" \/>\n\t<meta name=\"twitter:data1\" content=\"1 minute\" \/>\n<script type=\"application\/ld+json\" class=\"yoast-schema-graph\">{\"@context\":\"https:\/\/schema.org\",\"@graph\":[{\"@type\":\"WebPage\",\"@id\":\"https:\/\/www.telemarkmuseum.no\/en\/berg-kragero-museum\/\",\"url\":\"https:\/\/www.telemarkmuseum.no\/en\/berg-kragero-museum\/\",\"name\":\"Berg-Krager\u00f8 Museum - Telemark museum\",\"isPartOf\":{\"@id\":\"https:\/\/www.telemarkmuseum.no\/#website\"},\"primaryImageOfPage\":{\"@id\":\"https:\/\/www.telemarkmuseum.no\/en\/berg-kragero-museum\/#primaryimage\"},\"image\":{\"@id\":\"https:\/\/www.telemarkmuseum.no\/en\/berg-kragero-museum\/#primaryimage\"},\"thumbnailUrl\":\"https:\/\/www.telemarkmuseum.no\/wp-content\/uploads\/imageresizer.jpeg\",\"datePublished\":\"2021-02-22T08:09:15+00:00\",\"dateModified\":\"2026-01-12T11:52:32+00:00\",\"description\":\"Berg-Krager\u00f8 Museum ligger ved Hellefjorden i Krager\u00f8. Omvisninger i lystg\u00e5rd og i utstillinger. Vakkert omr\u00e5de med badeplass og b\u00e5tbrygge.\",\"breadcrumb\":{\"@id\":\"https:\/\/www.telemarkmuseum.no\/en\/berg-kragero-museum\/#breadcrumb\"},\"inLanguage\":\"en-US\",\"potentialAction\":[{\"@type\":\"ReadAction\",\"target\":[\"https:\/\/www.telemarkmuseum.no\/en\/berg-kragero-museum\/\"]}]},{\"@type\":\"ImageObject\",\"inLanguage\":\"en-US\",\"@id\":\"https:\/\/www.telemarkmuseum.no\/en\/berg-kragero-museum\/#primaryimage\",\"url\":\"https:\/\/www.telemarkmuseum.no\/wp-content\/uploads\/imageresizer.jpeg\",\"contentUrl\":\"https:\/\/www.telemarkmuseum.no\/wp-content\/uploads\/imageresizer.jpeg\",\"width\":1220,\"height\":713},{\"@type\":\"BreadcrumbList\",\"@id\":\"https:\/\/www.telemarkmuseum.no\/en\/berg-kragero-museum\/#breadcrumb\",\"itemListElement\":[{\"@type\":\"ListItem\",\"position\":1,\"name\":\"Home\",\"item\":\"https:\/\/www.telemarkmuseum.no\/en\/\"},{\"@type\":\"ListItem\",\"position\":2,\"name\":\"Berg-Krager\u00f8 Museum\"}]},{\"@type\":\"WebSite\",\"@id\":\"https:\/\/www.telemarkmuseum.no\/#website\",\"url\":\"https:\/\/www.telemarkmuseum.no\/\",\"name\":\"Telemark museum\",\"description\":\"\",\"publisher\":{\"@id\":\"https:\/\/www.telemarkmuseum.no\/#organization\"},\"potentialAction\":[{\"@type\":\"SearchAction\",\"target\":{\"@type\":\"EntryPoint\",\"urlTemplate\":\"https:\/\/www.telemarkmuseum.no\/?s={search_term_string}\"},\"query-input\":{\"@type\":\"PropertyValueSpecification\",\"valueRequired\":true,\"valueName\":\"search_term_string\"}}],\"inLanguage\":\"en-US\"},{\"@type\":\"Organization\",\"@id\":\"https:\/\/www.telemarkmuseum.no\/#organization\",\"name\":\"Telemark museum\",\"url\":\"https:\/\/www.telemarkmuseum.no\/\",\"logo\":{\"@type\":\"ImageObject\",\"inLanguage\":\"en-US\",\"@id\":\"https:\/\/www.telemarkmuseum.no\/#\/schema\/logo\/image\/\",\"url\":\"https:\/\/www.telemarkmuseum.no\/wp-content\/uploads\/logo.svg\",\"contentUrl\":\"https:\/\/www.telemarkmuseum.no\/wp-content\/uploads\/logo.svg\",\"caption\":\"Telemark museum\"},\"image\":{\"@id\":\"https:\/\/www.telemarkmuseum.no\/#\/schema\/logo\/image\/\"}}]}<\/script>\n<!-- \/ Yoast SEO Premium plugin. -->","yoast_head_json":{"title":"Berg-Krager\u00f8 Museum - Telemark museum","description":"Berg-Krager\u00f8 Museum ligger ved Hellefjorden i Krager\u00f8. Omvisninger i lystg\u00e5rd og i utstillinger. Vakkert omr\u00e5de med badeplass og b\u00e5tbrygge.","robots":{"index":"index","follow":"follow","max-snippet":"max-snippet:-1","max-image-preview":"max-image-preview:large","max-video-preview":"max-video-preview:-1"},"canonical":"https:\/\/www.telemarkmuseum.no\/en\/berg-kragero-museum\/","og_locale":"en_US","og_type":"article","og_title":"Berg-Krager\u00f8 Museum","og_description":"Berg-Krager\u00f8 Museum ligger ved Hellefjorden i Krager\u00f8. Omvisninger i lystg\u00e5rd og i utstillinger. Vakkert omr\u00e5de med badeplass og b\u00e5tbrygge.","og_url":"https:\/\/www.telemarkmuseum.no\/en\/berg-kragero-museum\/","og_site_name":"Telemark museum","article_modified_time":"2026-01-12T11:52:32+00:00","og_image":[{"width":1220,"height":713,"url":"https:\/\/www.telemarkmuseum.no\/wp-content\/uploads\/imageresizer.jpeg","type":"image\/jpeg"}],"twitter_card":"summary_large_image","twitter_misc":{"Est. reading time":"1 minute"},"schema":{"@context":"https:\/\/schema.org","@graph":[{"@type":"WebPage","@id":"https:\/\/www.telemarkmuseum.no\/en\/berg-kragero-museum\/","url":"https:\/\/www.telemarkmuseum.no\/en\/berg-kragero-museum\/","name":"Berg-Krager\u00f8 Museum - Telemark museum","isPartOf":{"@id":"https:\/\/www.telemarkmuseum.no\/#website"},"primaryImageOfPage":{"@id":"https:\/\/www.telemarkmuseum.no\/en\/berg-kragero-museum\/#primaryimage"},"image":{"@id":"https:\/\/www.telemarkmuseum.no\/en\/berg-kragero-museum\/#primaryimage"},"thumbnailUrl":"https:\/\/www.telemarkmuseum.no\/wp-content\/uploads\/imageresizer.jpeg","datePublished":"2021-02-22T08:09:15+00:00","dateModified":"2026-01-12T11:52:32+00:00","description":"Berg-Krager\u00f8 Museum ligger ved Hellefjorden i Krager\u00f8. Omvisninger i lystg\u00e5rd og i utstillinger. Vakkert omr\u00e5de med badeplass og b\u00e5tbrygge.","breadcrumb":{"@id":"https:\/\/www.telemarkmuseum.no\/en\/berg-kragero-museum\/#breadcrumb"},"inLanguage":"en-US","potentialAction":[{"@type":"ReadAction","target":["https:\/\/www.telemarkmuseum.no\/en\/berg-kragero-museum\/"]}]},{"@type":"ImageObject","inLanguage":"en-US","@id":"https:\/\/www.telemarkmuseum.no\/en\/berg-kragero-museum\/#primaryimage","url":"https:\/\/www.telemarkmuseum.no\/wp-content\/uploads\/imageresizer.jpeg","contentUrl":"https:\/\/www.telemarkmuseum.no\/wp-content\/uploads\/imageresizer.jpeg","width":1220,"height":713},{"@type":"BreadcrumbList","@id":"https:\/\/www.telemarkmuseum.no\/en\/berg-kragero-museum\/#breadcrumb","itemListElement":[{"@type":"ListItem","position":1,"name":"Home","item":"https:\/\/www.telemarkmuseum.no\/en\/"},{"@type":"ListItem","position":2,"name":"Berg-Krager\u00f8 Museum"}]},{"@type":"WebSite","@id":"https:\/\/www.telemarkmuseum.no\/#website","url":"https:\/\/www.telemarkmuseum.no\/","name":"Telemark museum","description":"","publisher":{"@id":"https:\/\/www.telemarkmuseum.no\/#organization"},"potentialAction":[{"@type":"SearchAction","target":{"@type":"EntryPoint","urlTemplate":"https:\/\/www.telemarkmuseum.no\/?s={search_term_string}"},"query-input":{"@type":"PropertyValueSpecification","valueRequired":true,"valueName":"search_term_string"}}],"inLanguage":"en-US"},{"@type":"Organization","@id":"https:\/\/www.telemarkmuseum.no\/#organization","name":"Telemark museum","url":"https:\/\/www.telemarkmuseum.no\/","logo":{"@type":"ImageObject","inLanguage":"en-US","@id":"https:\/\/www.telemarkmuseum.no\/#\/schema\/logo\/image\/","url":"https:\/\/www.telemarkmuseum.no\/wp-content\/uploads\/logo.svg","contentUrl":"https:\/\/www.telemarkmuseum.no\/wp-content\/uploads\/logo.svg","caption":"Telemark museum"},"image":{"@id":"https:\/\/www.telemarkmuseum.no\/#\/schema\/logo\/image\/"}}]}},"_links":{"self":[{"href":"https:\/\/www.telemarkmuseum.no\/en\/wp-json\/wp\/v2\/pages\/9163","targetHints":{"allow":["GET"]}}],"collection":[{"href":"https:\/\/www.telemarkmuseum.no\/en\/wp-json\/wp\/v2\/pages"}],"about":[{"href":"https:\/\/www.telemarkmuseum.no\/en\/wp-json\/wp\/v2\/types\/page"}],"author":[{"embeddable":true,"href":"https:\/\/www.telemarkmuseum.no\/en\/wp-json\/wp\/v2\/users\/1"}],"replies":[{"embeddable":true,"href":"https:\/\/www.telemarkmuseum.no\/en\/wp-json\/wp\/v2\/comments?post=9163"}],"version-history":[{"count":31,"href":"https:\/\/www.telemarkmuseum.no\/en\/wp-json\/wp\/v2\/pages\/9163\/revisions"}],"predecessor-version":[{"id":143686,"href":"https:\/\/www.telemarkmuseum.no\/en\/wp-json\/wp\/v2\/pages\/9163\/revisions\/143686"}],"wp:featuredmedia":[{"embeddable":true,"href":"https:\/\/www.telemarkmuseum.no\/en\/wp-json\/wp\/v2\/media\/7688"}],"wp:attachment":[{"href":"https:\/\/www.telemarkmuseum.no\/en\/wp-json\/wp\/v2\/media?parent=9163"}],"curies":[{"name":"wp","href":"https:\/\/api.w.org\/{rel}","templated":true}]}}