{"id":9165,"date":"2021-01-09T13:40:13","date_gmt":"2021-01-09T12:40:13","guid":{"rendered":"https:\/\/www.telemarkmuseum.no\/porselensmuseet\/"},"modified":"2026-02-20T12:19:00","modified_gmt":"2026-02-20T11:19:00","slug":"porselensmuseet","status":"publish","type":"page","link":"https:\/\/www.telemarkmuseum.no\/en\/porselensmuseet\/","title":{"rendered":"The Porcelain Museum"},"content":{"rendered":"\n\n<section class=\"lead grid-12 side-padding\">\n\n    <div>\n        <p>The museum is open thursday-sunday 11-16<br \/>\nWe accept group bookings! See offers below:<\/p>\n    <\/div>\n    \n<\/section>\n\n\n\n<section id=\"el7681\" class=\"boxes grid-12 side-padding\">\n\n    <div class=\"grid-2 grid-m-1 grid-s-1 rg-0 cg-0\">\n                \n        <div class=\"box grid padding\">\n\n            <h2>Workshops<\/h2><div class=\"content\"><p>Create beautiful memories with porcelain painting<\/p>\n<\/div><a class=\"btn\"  href=\"https:\/\/www.telemarkmuseum.no\/en\/porselensmuseet\/christmas-workshop\/\">Booking<\/a>        <\/div>\n        \n        <div class=\"box grid padding\">\n\n            <h2>Porcelain Painting<\/h2><div class=\"content\"><p>Learn to paint with cobalt on bisque-fired porcelain<\/p>\n<\/div><a class=\"btn\"  href=\"https:\/\/www.telemarkmuseum.no\/en\/porselensmuseet\/porcelain-painting-workshop\/\">Booking<\/a>        <\/div>\n        \n        <style>\n\n            @media screen and (min-width: 992px){ \n                .box:nth-child(3){border-left: 0 !important;}.box:nth-child(2){border-bottom-right-radius: 6px;}.box:nth-child(5){border-left: 0 !important;}.box:nth-child(-n+2){border-top: 0 !important;}            }\n\n        <\/style>\n\n           <!-- lukker if($add_map) -->\n\n           <!-- lukker if (is_array($boxes) && !empty($boxes)) -->\n\n\n    <\/div>\n\n<\/section>\n\n\n<section id=\"event-container\" class=\"posts white elements\" data-post-type=\"exhibitions\" data-offset=\"3\" data-tax-query=\"\" data-ppp=\"3\">\n\n    \n    <div class=\"grid row side-padding rg-85 fade-me \">\n\n        <h2>Exhibitions and Tours<\/h2>\n        <div class=\"articles grid-3 grid-s-1 grid-m-1 mixitup\" id=\"mix\">\n\n            \n        <article  class=\"grid filter-porselensmuseet-en\">\n        <a class=\"grid row rg-0\" href=\"https:\/\/www.telemarkmuseum.no\/en\/utstillinger\/the-history-of-sanitary-porcelain\/\" aria-label=\"Les mer om The History of Sanitary Porcelain\">\n        <div class=\"img-wrapper \">\n        <img loading=\"lazy\" decoding=\"async\" width=\"663\" height=\"720\" src=\"https:\/\/www.telemarkmuseum.no\/wp-content\/uploads\/33-663x720.jpg\" class=\"attachment-medium size-medium wp-post-image\" alt=\"Sanit\u00e6rfabrikken p\u00e5 H\u00e6r\u00f8ya i Porsgrunn. Sort-hvitt bilde som viser produksjonen. Menn i barn overkropp jobber med toalettene som st\u00e5r p\u00e5 rekke og rad inne i en produksjonshall.\" srcset=\"https:\/\/www.telemarkmuseum.no\/wp-content\/uploads\/33-663x720.jpg 663w, https:\/\/www.telemarkmuseum.no\/wp-content\/uploads\/33-1179x1280.jpg 1179w, https:\/\/www.telemarkmuseum.no\/wp-content\/uploads\/33-768x834.jpg 768w, https:\/\/www.telemarkmuseum.no\/wp-content\/uploads\/33-1415x1536.jpg 1415w, https:\/\/www.telemarkmuseum.no\/wp-content\/uploads\/33-scaled.jpg 1887w\" sizes=\"auto, (max-width: 663px) 100vw, 663px\" \/>\n        <\/div>\n\n        <div class=\"content grid row rg-5\">\n            <h2>The History of Sanitary Porcelain<\/h2>\n            <div class=\"date\"><span class=\"lead\"><\/span><\/div>\n            <div class=\"time\"><\/div>\n\n            <span class=\"read-more\">Les mer The History of Sanitary Porcelain &rarr;<\/span>\n\n            \n        <\/div>\n        <\/a>\n        <\/article>\n        <article  class=\"grid filter-porselensmuseet-en\">\n        <a class=\"grid row rg-0\" href=\"https:\/\/www.telemarkmuseum.no\/en\/utstillinger\/the-unique-history-of-porsgrund-porcelain\/\" aria-label=\"Les mer om The unique history of Porsgrund porcelain\">\n        <div class=\"img-wrapper \">\n        <img loading=\"lazy\" decoding=\"async\" width=\"720\" height=\"480\" src=\"https:\/\/www.telemarkmuseum.no\/wp-content\/uploads\/DSC1556-720x480.jpg\" class=\"attachment-medium size-medium wp-post-image\" alt=\"Bilde av en h\u00e5nd med pensel som maler str\u00e5m\u00f8nster p\u00e5 en tallerken\" srcset=\"https:\/\/www.telemarkmuseum.no\/wp-content\/uploads\/DSC1556-720x480.jpg 720w, https:\/\/www.telemarkmuseum.no\/wp-content\/uploads\/DSC1556-1280x854.jpg 1280w, https:\/\/www.telemarkmuseum.no\/wp-content\/uploads\/DSC1556-768x512.jpg 768w, https:\/\/www.telemarkmuseum.no\/wp-content\/uploads\/DSC1556-1536x1024.jpg 1536w, https:\/\/www.telemarkmuseum.no\/wp-content\/uploads\/DSC1556-scaled.jpg 2048w\" sizes=\"auto, (max-width: 720px) 100vw, 720px\" \/>\n        <\/div>\n\n        <div class=\"content grid row rg-5\">\n            <h2>The unique history of Porsgrund porcelain<\/h2>\n            <div class=\"date\"><span class=\"lead\"><\/span><\/div>\n            <div class=\"time\"><\/div>\n\n            <span class=\"read-more\">Les mer The unique history of Porsgrund porcelain &rarr;<\/span>\n\n            \n        <\/div>\n        <\/a>\n        <\/article>        <\/div>\n\n        <a href=\"https:\/\/www.telemarkmuseum.no\/en\/porselensmuseet\/utstillinger-omvisninger\/\" id=\"load-more\" class=\"jss btn\">Exhibitions and Tours<\/a>\n    <\/div>\n<\/section>\n\n\n\n<section class=\"icons bg\">\n\n    <div class=\"grid-3 grid-s-1 rg-s-60 side-padding jc\">\n\n        <a class=\"grid ac jc rg-30\" href=\"https:\/\/www.telemarkmuseum.no\/en\/porselensmuseet\/arrangementer\/\"><span class=\"icon-calendar\"><\/span><span>Events<\/span><\/a><a class=\"grid ac jc rg-30\" href=\"https:\/\/www.telemarkmuseum.no\/en\/porselensmuseet\/apningstider-og-priser\/\"><span class=\"icon-clock\"><\/span><span>Opening Hours and Prices<\/span><\/a><a class=\"grid ac jc rg-30\" href=\"https:\/\/sesongkort.duell.no\/telemark-museum\"><span class=\"icon-tickets\"><\/span><span>Annual Pass <\/span><\/a>\n    <\/div>\n\n<\/section>\n\n\n\n\n\n<section id=\"event-container\" class=\"posts dark elements bg\" data-post-type=\"events\" data-offset=\"3\" data-tax-query=\"\" data-ppp=\"3\">\n\n    \n    <div class=\"grid row side-padding rg-85 fade-me \">\n\n        <h2>Events<\/h2>\n        <div class=\"articles grid-3 grid-s-1 grid-m-1 mixitup\" id=\"mix\">\n\n                    <\/div>\n\n        <a href=\"https:\/\/www.telemarkmuseum.no\/en\/porselensmuseet\/arrangementer\/\" id=\"load-more\" class=\"jss btn\">More events<\/a>\n    <\/div>\n<\/section>\n\n\n\n<section class=\"image grid full\">\n    <div class=\"swiper-container\"><div class=\"swiper-wrapper\"><div class=\"swiper-slide img-wrapper\"><img loading=\"lazy\" decoding=\"async\" width=\"2048\" height=\"1367\" src=\"https:\/\/www.telemarkmuseum.no\/wp-content\/uploads\/DSC_9164-1-scaled.jpg\" class=\"attachment-full size-full\" alt=\"\" title=\"Inngangen til Porselensmuseet\" srcset=\"https:\/\/www.telemarkmuseum.no\/wp-content\/uploads\/DSC_9164-1-scaled.jpg 2048w, https:\/\/www.telemarkmuseum.no\/wp-content\/uploads\/DSC_9164-1-720x481.jpg 720w, https:\/\/www.telemarkmuseum.no\/wp-content\/uploads\/DSC_9164-1-1280x855.jpg 1280w, https:\/\/www.telemarkmuseum.no\/wp-content\/uploads\/DSC_9164-1-768x513.jpg 768w, https:\/\/www.telemarkmuseum.no\/wp-content\/uploads\/DSC_9164-1-1536x1026.jpg 1536w\" sizes=\"auto, (max-width: 2048px) 100vw, 2048px\" \/><\/div><div class=\"swiper-slide img-wrapper\"><img loading=\"lazy\" decoding=\"async\" width=\"2048\" height=\"1367\" src=\"https:\/\/www.telemarkmuseum.no\/wp-content\/uploads\/DSC_9047-scaled.jpg\" class=\"attachment-full size-full\" alt=\"\" title=\"Utstilling av Porsgrund porselen\" srcset=\"https:\/\/www.telemarkmuseum.no\/wp-content\/uploads\/DSC_9047-scaled.jpg 2048w, https:\/\/www.telemarkmuseum.no\/wp-content\/uploads\/DSC_9047-720x481.jpg 720w, https:\/\/www.telemarkmuseum.no\/wp-content\/uploads\/DSC_9047-1280x855.jpg 1280w, https:\/\/www.telemarkmuseum.no\/wp-content\/uploads\/DSC_9047-768x513.jpg 768w, https:\/\/www.telemarkmuseum.no\/wp-content\/uploads\/DSC_9047-1536x1026.jpg 1536w\" sizes=\"auto, (max-width: 2048px) 100vw, 2048px\" \/><\/div><div class=\"swiper-slide img-wrapper\"><img loading=\"lazy\" decoding=\"async\" width=\"2048\" height=\"1366\" src=\"https:\/\/www.telemarkmuseum.no\/wp-content\/uploads\/DSC1556-scaled.jpg\" class=\"attachment-full size-full\" alt=\"Bilde av en h\u00e5nd med pensel som maler str\u00e5m\u00f8nster p\u00e5 en tallerken\" title=\"Maling av str\u00e5m\u00f8nster p\u00e5 porselenstallerken\" srcset=\"https:\/\/www.telemarkmuseum.no\/wp-content\/uploads\/DSC1556-scaled.jpg 2048w, https:\/\/www.telemarkmuseum.no\/wp-content\/uploads\/DSC1556-720x480.jpg 720w, https:\/\/www.telemarkmuseum.no\/wp-content\/uploads\/DSC1556-1280x854.jpg 1280w, https:\/\/www.telemarkmuseum.no\/wp-content\/uploads\/DSC1556-768x512.jpg 768w, https:\/\/www.telemarkmuseum.no\/wp-content\/uploads\/DSC1556-1536x1024.jpg 1536w\" sizes=\"auto, (max-width: 2048px) 100vw, 2048px\" \/><\/div><div class=\"swiper-slide img-wrapper\"><img loading=\"lazy\" decoding=\"async\" width=\"1772\" height=\"1181\" src=\"https:\/\/www.telemarkmuseum.no\/wp-content\/uploads\/Henrik-Rasmussen.jpg\" class=\"attachment-full size-full\" alt=\"\" title=\"Henrik Rasmussen dreier\" srcset=\"https:\/\/www.telemarkmuseum.no\/wp-content\/uploads\/Henrik-Rasmussen.jpg 1772w, https:\/\/www.telemarkmuseum.no\/wp-content\/uploads\/Henrik-Rasmussen-720x480.jpg 720w, https:\/\/www.telemarkmuseum.no\/wp-content\/uploads\/Henrik-Rasmussen-1280x853.jpg 1280w, https:\/\/www.telemarkmuseum.no\/wp-content\/uploads\/Henrik-Rasmussen-768x512.jpg 768w, https:\/\/www.telemarkmuseum.no\/wp-content\/uploads\/Henrik-Rasmussen-1536x1024.jpg 1536w\" sizes=\"auto, (max-width: 1772px) 100vw, 1772px\" \/><\/div><\/div><div class=\"swiper-pagination\"><\/div><div class=\"swiper-button-prev\"><\/div><div class=\"swiper-button-next\"><\/div><\/div><\/section>","protected":false},"excerpt":{"rendered":"<p class=\"lead\">The Porcelain Museum tells the story of Porsgrunds Porsel\u00e6nsfabrik (Porsgrund\u2019s Porcelain factory) that was established in 1885. <\/p>\n","protected":false},"author":11,"featured_media":7936,"parent":0,"menu_order":102,"comment_status":"closed","ping_status":"closed","template":"","meta":{"_acf_changed":false,"footnotes":""},"class_list":["post-9165","page","type-page","status-publish","has-post-thumbnail","hentry"],"acf":[],"yoast_head":"<!-- This site is optimized with the Yoast SEO Premium plugin v23.7 (Yoast SEO v26.9) - https:\/\/yoast.com\/product\/yoast-seo-premium-wordpress\/ -->\n<title>Porselensmuseet - Telemark museum<\/title>\n<meta name=\"description\" content=\"Porselensmuseet i Porsgrunn forteller Porgrund Porsel\u00e6nsfabriks historie. Utstillinger og aktiviteter for barn.\" \/>\n<meta name=\"robots\" content=\"index, follow, max-snippet:-1, max-image-preview:large, max-video-preview:-1\" \/>\n<link rel=\"canonical\" href=\"https:\/\/www.telemarkmuseum.no\/en\/porselensmuseet\/\" \/>\n<meta property=\"og:locale\" content=\"en_US\" \/>\n<meta property=\"og:type\" content=\"article\" \/>\n<meta property=\"og:title\" content=\"Porselensmuseet\" \/>\n<meta property=\"og:description\" content=\"Porselensmuseet i Porsgrunn forteller Porgrunds Porsel\u00e6nsfabriks historie. Utstillinger, og aktiviteter for barn. \u00c5pent hele \u00e5ret.\" \/>\n<meta property=\"og:url\" content=\"https:\/\/www.telemarkmuseum.no\/en\/porselensmuseet\/\" \/>\n<meta property=\"og:site_name\" content=\"Telemark museum\" \/>\n<meta property=\"article:modified_time\" content=\"2026-02-20T11:19:00+00:00\" \/>\n<meta name=\"twitter:card\" content=\"summary_large_image\" \/>\n<meta name=\"twitter:title\" content=\"The Porcelain Museum\" \/>\n<meta name=\"twitter:image\" content=\"https:\/\/www.telemarkmuseum.no\/wp-content\/uploads\/DSC1556-scaled.jpg\" \/>\n<meta name=\"twitter:label1\" content=\"Est. reading time\" \/>\n\t<meta name=\"twitter:data1\" content=\"1 minute\" \/>\n<script type=\"application\/ld+json\" class=\"yoast-schema-graph\">{\"@context\":\"https:\/\/schema.org\",\"@graph\":[{\"@type\":\"WebPage\",\"@id\":\"https:\/\/www.telemarkmuseum.no\/en\/porselensmuseet\/\",\"url\":\"https:\/\/www.telemarkmuseum.no\/en\/porselensmuseet\/\",\"name\":\"Porselensmuseet - Telemark museum\",\"isPartOf\":{\"@id\":\"https:\/\/www.telemarkmuseum.no\/#website\"},\"primaryImageOfPage\":{\"@id\":\"https:\/\/www.telemarkmuseum.no\/en\/porselensmuseet\/#primaryimage\"},\"image\":{\"@id\":\"https:\/\/www.telemarkmuseum.no\/en\/porselensmuseet\/#primaryimage\"},\"thumbnailUrl\":\"https:\/\/www.telemarkmuseum.no\/wp-content\/uploads\/DSC1556-scaled.jpg\",\"datePublished\":\"2021-01-09T12:40:13+00:00\",\"dateModified\":\"2026-02-20T11:19:00+00:00\",\"description\":\"Porselensmuseet i Porsgrunn forteller Porgrund Porsel\u00e6nsfabriks historie. Utstillinger og aktiviteter for barn.\",\"breadcrumb\":{\"@id\":\"https:\/\/www.telemarkmuseum.no\/en\/porselensmuseet\/#breadcrumb\"},\"inLanguage\":\"en-US\",\"potentialAction\":[{\"@type\":\"ReadAction\",\"target\":[\"https:\/\/www.telemarkmuseum.no\/en\/porselensmuseet\/\"]}]},{\"@type\":\"ImageObject\",\"inLanguage\":\"en-US\",\"@id\":\"https:\/\/www.telemarkmuseum.no\/en\/porselensmuseet\/#primaryimage\",\"url\":\"https:\/\/www.telemarkmuseum.no\/wp-content\/uploads\/DSC1556-scaled.jpg\",\"contentUrl\":\"https:\/\/www.telemarkmuseum.no\/wp-content\/uploads\/DSC1556-scaled.jpg\",\"width\":2048,\"height\":1366,\"caption\":\"Porselensmaling\"},{\"@type\":\"BreadcrumbList\",\"@id\":\"https:\/\/www.telemarkmuseum.no\/en\/porselensmuseet\/#breadcrumb\",\"itemListElement\":[{\"@type\":\"ListItem\",\"position\":1,\"name\":\"Home\",\"item\":\"https:\/\/www.telemarkmuseum.no\/en\/\"},{\"@type\":\"ListItem\",\"position\":2,\"name\":\"The Porcelain Museum\"}]},{\"@type\":\"WebSite\",\"@id\":\"https:\/\/www.telemarkmuseum.no\/#website\",\"url\":\"https:\/\/www.telemarkmuseum.no\/\",\"name\":\"Telemark museum\",\"description\":\"\",\"publisher\":{\"@id\":\"https:\/\/www.telemarkmuseum.no\/#organization\"},\"potentialAction\":[{\"@type\":\"SearchAction\",\"target\":{\"@type\":\"EntryPoint\",\"urlTemplate\":\"https:\/\/www.telemarkmuseum.no\/?s={search_term_string}\"},\"query-input\":{\"@type\":\"PropertyValueSpecification\",\"valueRequired\":true,\"valueName\":\"search_term_string\"}}],\"inLanguage\":\"en-US\"},{\"@type\":\"Organization\",\"@id\":\"https:\/\/www.telemarkmuseum.no\/#organization\",\"name\":\"Telemark museum\",\"url\":\"https:\/\/www.telemarkmuseum.no\/\",\"logo\":{\"@type\":\"ImageObject\",\"inLanguage\":\"en-US\",\"@id\":\"https:\/\/www.telemarkmuseum.no\/#\/schema\/logo\/image\/\",\"url\":\"https:\/\/www.telemarkmuseum.no\/wp-content\/uploads\/logo.svg\",\"contentUrl\":\"https:\/\/www.telemarkmuseum.no\/wp-content\/uploads\/logo.svg\",\"caption\":\"Telemark museum\"},\"image\":{\"@id\":\"https:\/\/www.telemarkmuseum.no\/#\/schema\/logo\/image\/\"}}]}<\/script>\n<!-- \/ Yoast SEO Premium plugin. -->","yoast_head_json":{"title":"Porselensmuseet - Telemark museum","description":"Porselensmuseet i Porsgrunn forteller Porgrund Porsel\u00e6nsfabriks historie. Utstillinger og aktiviteter for barn.","robots":{"index":"index","follow":"follow","max-snippet":"max-snippet:-1","max-image-preview":"max-image-preview:large","max-video-preview":"max-video-preview:-1"},"canonical":"https:\/\/www.telemarkmuseum.no\/en\/porselensmuseet\/","og_locale":"en_US","og_type":"article","og_title":"Porselensmuseet","og_description":"Porselensmuseet i Porsgrunn forteller Porgrunds Porsel\u00e6nsfabriks historie. Utstillinger, og aktiviteter for barn. \u00c5pent hele \u00e5ret.","og_url":"https:\/\/www.telemarkmuseum.no\/en\/porselensmuseet\/","og_site_name":"Telemark museum","article_modified_time":"2026-02-20T11:19:00+00:00","twitter_card":"summary_large_image","twitter_title":"The Porcelain Museum","twitter_image":"https:\/\/www.telemarkmuseum.no\/wp-content\/uploads\/DSC1556-scaled.jpg","twitter_misc":{"Est. reading time":"1 minute"},"schema":{"@context":"https:\/\/schema.org","@graph":[{"@type":"WebPage","@id":"https:\/\/www.telemarkmuseum.no\/en\/porselensmuseet\/","url":"https:\/\/www.telemarkmuseum.no\/en\/porselensmuseet\/","name":"Porselensmuseet - Telemark museum","isPartOf":{"@id":"https:\/\/www.telemarkmuseum.no\/#website"},"primaryImageOfPage":{"@id":"https:\/\/www.telemarkmuseum.no\/en\/porselensmuseet\/#primaryimage"},"image":{"@id":"https:\/\/www.telemarkmuseum.no\/en\/porselensmuseet\/#primaryimage"},"thumbnailUrl":"https:\/\/www.telemarkmuseum.no\/wp-content\/uploads\/DSC1556-scaled.jpg","datePublished":"2021-01-09T12:40:13+00:00","dateModified":"2026-02-20T11:19:00+00:00","description":"Porselensmuseet i Porsgrunn forteller Porgrund Porsel\u00e6nsfabriks historie. Utstillinger og aktiviteter for barn.","breadcrumb":{"@id":"https:\/\/www.telemarkmuseum.no\/en\/porselensmuseet\/#breadcrumb"},"inLanguage":"en-US","potentialAction":[{"@type":"ReadAction","target":["https:\/\/www.telemarkmuseum.no\/en\/porselensmuseet\/"]}]},{"@type":"ImageObject","inLanguage":"en-US","@id":"https:\/\/www.telemarkmuseum.no\/en\/porselensmuseet\/#primaryimage","url":"https:\/\/www.telemarkmuseum.no\/wp-content\/uploads\/DSC1556-scaled.jpg","contentUrl":"https:\/\/www.telemarkmuseum.no\/wp-content\/uploads\/DSC1556-scaled.jpg","width":2048,"height":1366,"caption":"Porselensmaling"},{"@type":"BreadcrumbList","@id":"https:\/\/www.telemarkmuseum.no\/en\/porselensmuseet\/#breadcrumb","itemListElement":[{"@type":"ListItem","position":1,"name":"Home","item":"https:\/\/www.telemarkmuseum.no\/en\/"},{"@type":"ListItem","position":2,"name":"The Porcelain Museum"}]},{"@type":"WebSite","@id":"https:\/\/www.telemarkmuseum.no\/#website","url":"https:\/\/www.telemarkmuseum.no\/","name":"Telemark museum","description":"","publisher":{"@id":"https:\/\/www.telemarkmuseum.no\/#organization"},"potentialAction":[{"@type":"SearchAction","target":{"@type":"EntryPoint","urlTemplate":"https:\/\/www.telemarkmuseum.no\/?s={search_term_string}"},"query-input":{"@type":"PropertyValueSpecification","valueRequired":true,"valueName":"search_term_string"}}],"inLanguage":"en-US"},{"@type":"Organization","@id":"https:\/\/www.telemarkmuseum.no\/#organization","name":"Telemark museum","url":"https:\/\/www.telemarkmuseum.no\/","logo":{"@type":"ImageObject","inLanguage":"en-US","@id":"https:\/\/www.telemarkmuseum.no\/#\/schema\/logo\/image\/","url":"https:\/\/www.telemarkmuseum.no\/wp-content\/uploads\/logo.svg","contentUrl":"https:\/\/www.telemarkmuseum.no\/wp-content\/uploads\/logo.svg","caption":"Telemark museum"},"image":{"@id":"https:\/\/www.telemarkmuseum.no\/#\/schema\/logo\/image\/"}}]}},"_links":{"self":[{"href":"https:\/\/www.telemarkmuseum.no\/en\/wp-json\/wp\/v2\/pages\/9165","targetHints":{"allow":["GET"]}}],"collection":[{"href":"https:\/\/www.telemarkmuseum.no\/en\/wp-json\/wp\/v2\/pages"}],"about":[{"href":"https:\/\/www.telemarkmuseum.no\/en\/wp-json\/wp\/v2\/types\/page"}],"author":[{"embeddable":true,"href":"https:\/\/www.telemarkmuseum.no\/en\/wp-json\/wp\/v2\/users\/11"}],"replies":[{"embeddable":true,"href":"https:\/\/www.telemarkmuseum.no\/en\/wp-json\/wp\/v2\/comments?post=9165"}],"version-history":[{"count":33,"href":"https:\/\/www.telemarkmuseum.no\/en\/wp-json\/wp\/v2\/pages\/9165\/revisions"}],"predecessor-version":[{"id":144103,"href":"https:\/\/www.telemarkmuseum.no\/en\/wp-json\/wp\/v2\/pages\/9165\/revisions\/144103"}],"wp:featuredmedia":[{"embeddable":true,"href":"https:\/\/www.telemarkmuseum.no\/en\/wp-json\/wp\/v2\/media\/7936"}],"wp:attachment":[{"href":"https:\/\/www.telemarkmuseum.no\/en\/wp-json\/wp\/v2\/media?parent=9165"}],"curies":[{"name":"wp","href":"https:\/\/api.w.org\/{rel}","templated":true}]}}