{"id":9177,"date":"2018-11-26T10:48:41","date_gmt":"2018-11-26T09:48:41","guid":{"rendered":"https:\/\/www.telemarkmuseum.no\/personvern\/"},"modified":"2023-02-08T15:57:47","modified_gmt":"2023-02-08T14:57:47","slug":"privacy-statement","status":"publish","type":"page","link":"https:\/\/www.telemarkmuseum.no\/en\/privacy-statement\/","title":{"rendered":"Privacy statement"},"content":{"rendered":"\n<section class=\"title grid-12 side-padding \">\n\n<h1>Privacy statement<\/h1>\n\n<\/section>\n\n\n\n<section class=\"text grid-12 side-padding\">\n        <p><!-- wp:paragraph --><\/p>\n<p>Denne personvernerkl\u00e6ringen inneholder informasjon om hvordan vi h\u00e5ndterer dine personopplysninger. Vi oppfordrer deg til \u00e5 lese n\u00f8ye gjennom personvernerkl\u00e6ringen.<\/p>\n<p><!-- \/wp:paragraph --> <!-- wp:heading --><\/p>\n<h2 id=\"h-dette-er-telemarkmuseum-no\">Dette er telemarkmuseum.no<\/h2>\n<p><!-- \/wp:heading --> <!-- wp:paragraph --><\/p>\n<p>Denne personvernerkl\u00e6ringen gjelder for Telemark Museum sin nettside. Telemark Museum er selv ansvarlig databehandler, er selv ansvarlig for vedlikehold av nettstedet.<\/p>\n<p><!-- \/wp:paragraph --> <!-- wp:heading --><\/p>\n<h2 id=\"h-bruk-av-cookies\">Bruk av cookies<\/h2>\n<p><!-- \/wp:heading --> <!-- wp:paragraph --><\/p>\n<p>Vi bruker cookies p\u00e5 v\u00e5re nettsider for at bes\u00f8ksstatistikken skal v\u00e6re p\u00e5litelig og for \u00e5 \u00f8ke funksjonaliteten p\u00e5 v\u00e5re sider.<\/p>\n<p><!-- \/wp:paragraph --> <!-- wp:heading --><\/p>\n<h2 id=\"h-detaljer-for-cookies\">Detaljer for Cookies<\/h2>\n<p><!-- \/wp:heading --> <!-- wp:paragraph --><\/p>\n<p>Google Analytics\u00a0(_ga, _gat og _gid)<br \/>\nTelemark Museum bruker Google Analytics for \u00e5 samle inn og analysere informasjon om hvordan bes\u00f8kende bruker nettstedet, via informasjonskapsler (cookies). I tr\u00e5d med vanlig praksis p\u00e5 Internett registreres brukerens IP-adresse av nettstedet, men vi har ikke tilgang til personopplysninger eller kan knytte handlinger p\u00e5 nettstedet til enkelte personer.<\/p>\n<p><!-- \/wp:paragraph --> <!-- wp:heading --><\/p>\n<h2 id=\"h-rettigheter\">Rettigheter<\/h2>\n<p><!-- \/wp:heading --> <!-- wp:paragraph --><\/p>\n<p>Som bruker av nettsidene v\u00e5re har du rett til \u00e5 kreve innsyn i personopplysningene som vi behandler om deg og hvordan de behandles. Du kan ogs\u00e5 kreve retting, sletting og begrensninger i behandlingen av personopplysninger i henhold til personopplysningsloven.<\/p>\n<p><!-- \/wp:paragraph --> <!-- wp:paragraph --><\/p>\n<p>Hvor behandlingen av personopplysninger er basert p\u00e5 samtykke, kan du til enhver tid trekke samtykket tilbake.<\/p>\n<p><!-- \/wp:paragraph --> <!-- wp:paragraph --><\/p>\n<p>Dersom du mener at Telemark Museum ikke har overholdt dine rettigheter i henhold til personopplysningsloven, har du rett til \u00e5 klage til den aktuelle tilsynsmyndigheten. Dette gj\u00f8res ved \u00e5 sende klage til Datatilsynet, kontaktinformasjon er tilgjengelig p\u00e5\u00a0<a href=\"http:\/\/www.datatilsynet.no\/\">www.datatilsynet.no<\/a>.<\/p>\n<p><!-- \/wp:paragraph --> <!-- wp:heading --><\/p>\n<h2 id=\"h-kontaktinformasjon\">Kontaktinformasjon<\/h2>\n<p><!-- \/wp:heading --> <!-- wp:paragraph --><\/p>\n<p>Telefon:\u00a0 35 54 45 00<br \/>\nE-post:\u00a0<a href=\"mailto:post@telemarkmuseum.no\">post@telemarkmuseum.no<\/a><\/p>\n<p><!-- \/wp:paragraph --><\/p>\n<\/section>\n\n\n<p><\/p>\n","protected":false},"excerpt":{"rendered":"","protected":false},"author":1,"featured_media":0,"parent":0,"menu_order":107,"comment_status":"closed","ping_status":"open","template":"","meta":{"_acf_changed":false,"footnotes":""},"class_list":["post-9177","page","type-page","status-publish","hentry"],"acf":[],"yoast_head":"<!-- This site is optimized with the Yoast SEO Premium plugin v23.7 (Yoast SEO v26.9) - https:\/\/yoast.com\/product\/yoast-seo-premium-wordpress\/ -->\n<title>Privacy statement - Telemark museum<\/title>\n<meta name=\"robots\" content=\"index, follow, max-snippet:-1, max-image-preview:large, max-video-preview:-1\" \/>\n<link rel=\"canonical\" href=\"https:\/\/www.telemarkmuseum.no\/en\/privacy-statement\/\" \/>\n<meta property=\"og:locale\" content=\"en_US\" \/>\n<meta property=\"og:type\" content=\"article\" \/>\n<meta property=\"og:title\" content=\"Privacy statement\" \/>\n<meta property=\"og:url\" content=\"https:\/\/www.telemarkmuseum.no\/en\/privacy-statement\/\" \/>\n<meta property=\"og:site_name\" content=\"Telemark museum\" \/>\n<meta property=\"article:modified_time\" content=\"2023-02-08T14:57:47+00:00\" \/>\n<meta name=\"twitter:card\" content=\"summary_large_image\" \/>\n<script type=\"application\/ld+json\" class=\"yoast-schema-graph\">{\"@context\":\"https:\/\/schema.org\",\"@graph\":[{\"@type\":\"WebPage\",\"@id\":\"https:\/\/www.telemarkmuseum.no\/en\/privacy-statement\/\",\"url\":\"https:\/\/www.telemarkmuseum.no\/en\/privacy-statement\/\",\"name\":\"Privacy statement - Telemark museum\",\"isPartOf\":{\"@id\":\"https:\/\/www.telemarkmuseum.no\/#website\"},\"datePublished\":\"2018-11-26T09:48:41+00:00\",\"dateModified\":\"2023-02-08T14:57:47+00:00\",\"breadcrumb\":{\"@id\":\"https:\/\/www.telemarkmuseum.no\/en\/privacy-statement\/#breadcrumb\"},\"inLanguage\":\"en-US\",\"potentialAction\":[{\"@type\":\"ReadAction\",\"target\":[\"https:\/\/www.telemarkmuseum.no\/en\/privacy-statement\/\"]}]},{\"@type\":\"BreadcrumbList\",\"@id\":\"https:\/\/www.telemarkmuseum.no\/en\/privacy-statement\/#breadcrumb\",\"itemListElement\":[{\"@type\":\"ListItem\",\"position\":1,\"name\":\"Home\",\"item\":\"https:\/\/www.telemarkmuseum.no\/en\/\"},{\"@type\":\"ListItem\",\"position\":2,\"name\":\"Privacy statement\"}]},{\"@type\":\"WebSite\",\"@id\":\"https:\/\/www.telemarkmuseum.no\/#website\",\"url\":\"https:\/\/www.telemarkmuseum.no\/\",\"name\":\"Telemark museum\",\"description\":\"\",\"publisher\":{\"@id\":\"https:\/\/www.telemarkmuseum.no\/#organization\"},\"potentialAction\":[{\"@type\":\"SearchAction\",\"target\":{\"@type\":\"EntryPoint\",\"urlTemplate\":\"https:\/\/www.telemarkmuseum.no\/?s={search_term_string}\"},\"query-input\":{\"@type\":\"PropertyValueSpecification\",\"valueRequired\":true,\"valueName\":\"search_term_string\"}}],\"inLanguage\":\"en-US\"},{\"@type\":\"Organization\",\"@id\":\"https:\/\/www.telemarkmuseum.no\/#organization\",\"name\":\"Telemark museum\",\"url\":\"https:\/\/www.telemarkmuseum.no\/\",\"logo\":{\"@type\":\"ImageObject\",\"inLanguage\":\"en-US\",\"@id\":\"https:\/\/www.telemarkmuseum.no\/#\/schema\/logo\/image\/\",\"url\":\"https:\/\/www.telemarkmuseum.no\/wp-content\/uploads\/logo.svg\",\"contentUrl\":\"https:\/\/www.telemarkmuseum.no\/wp-content\/uploads\/logo.svg\",\"caption\":\"Telemark museum\"},\"image\":{\"@id\":\"https:\/\/www.telemarkmuseum.no\/#\/schema\/logo\/image\/\"}}]}<\/script>\n<!-- \/ Yoast SEO Premium plugin. -->","yoast_head_json":{"title":"Privacy statement - Telemark museum","robots":{"index":"index","follow":"follow","max-snippet":"max-snippet:-1","max-image-preview":"max-image-preview:large","max-video-preview":"max-video-preview:-1"},"canonical":"https:\/\/www.telemarkmuseum.no\/en\/privacy-statement\/","og_locale":"en_US","og_type":"article","og_title":"Privacy statement","og_url":"https:\/\/www.telemarkmuseum.no\/en\/privacy-statement\/","og_site_name":"Telemark museum","article_modified_time":"2023-02-08T14:57:47+00:00","twitter_card":"summary_large_image","schema":{"@context":"https:\/\/schema.org","@graph":[{"@type":"WebPage","@id":"https:\/\/www.telemarkmuseum.no\/en\/privacy-statement\/","url":"https:\/\/www.telemarkmuseum.no\/en\/privacy-statement\/","name":"Privacy statement - Telemark museum","isPartOf":{"@id":"https:\/\/www.telemarkmuseum.no\/#website"},"datePublished":"2018-11-26T09:48:41+00:00","dateModified":"2023-02-08T14:57:47+00:00","breadcrumb":{"@id":"https:\/\/www.telemarkmuseum.no\/en\/privacy-statement\/#breadcrumb"},"inLanguage":"en-US","potentialAction":[{"@type":"ReadAction","target":["https:\/\/www.telemarkmuseum.no\/en\/privacy-statement\/"]}]},{"@type":"BreadcrumbList","@id":"https:\/\/www.telemarkmuseum.no\/en\/privacy-statement\/#breadcrumb","itemListElement":[{"@type":"ListItem","position":1,"name":"Home","item":"https:\/\/www.telemarkmuseum.no\/en\/"},{"@type":"ListItem","position":2,"name":"Privacy statement"}]},{"@type":"WebSite","@id":"https:\/\/www.telemarkmuseum.no\/#website","url":"https:\/\/www.telemarkmuseum.no\/","name":"Telemark museum","description":"","publisher":{"@id":"https:\/\/www.telemarkmuseum.no\/#organization"},"potentialAction":[{"@type":"SearchAction","target":{"@type":"EntryPoint","urlTemplate":"https:\/\/www.telemarkmuseum.no\/?s={search_term_string}"},"query-input":{"@type":"PropertyValueSpecification","valueRequired":true,"valueName":"search_term_string"}}],"inLanguage":"en-US"},{"@type":"Organization","@id":"https:\/\/www.telemarkmuseum.no\/#organization","name":"Telemark museum","url":"https:\/\/www.telemarkmuseum.no\/","logo":{"@type":"ImageObject","inLanguage":"en-US","@id":"https:\/\/www.telemarkmuseum.no\/#\/schema\/logo\/image\/","url":"https:\/\/www.telemarkmuseum.no\/wp-content\/uploads\/logo.svg","contentUrl":"https:\/\/www.telemarkmuseum.no\/wp-content\/uploads\/logo.svg","caption":"Telemark museum"},"image":{"@id":"https:\/\/www.telemarkmuseum.no\/#\/schema\/logo\/image\/"}}]}},"_links":{"self":[{"href":"https:\/\/www.telemarkmuseum.no\/en\/wp-json\/wp\/v2\/pages\/9177","targetHints":{"allow":["GET"]}}],"collection":[{"href":"https:\/\/www.telemarkmuseum.no\/en\/wp-json\/wp\/v2\/pages"}],"about":[{"href":"https:\/\/www.telemarkmuseum.no\/en\/wp-json\/wp\/v2\/types\/page"}],"author":[{"embeddable":true,"href":"https:\/\/www.telemarkmuseum.no\/en\/wp-json\/wp\/v2\/users\/1"}],"replies":[{"embeddable":true,"href":"https:\/\/www.telemarkmuseum.no\/en\/wp-json\/wp\/v2\/comments?post=9177"}],"version-history":[{"count":3,"href":"https:\/\/www.telemarkmuseum.no\/en\/wp-json\/wp\/v2\/pages\/9177\/revisions"}],"predecessor-version":[{"id":9181,"href":"https:\/\/www.telemarkmuseum.no\/en\/wp-json\/wp\/v2\/pages\/9177\/revisions\/9181"}],"wp:attachment":[{"href":"https:\/\/www.telemarkmuseum.no\/en\/wp-json\/wp\/v2\/media?parent=9177"}],"curies":[{"name":"wp","href":"https:\/\/api.w.org\/{rel}","templated":true}]}}