{"id":9439,"date":"2021-02-22T10:00:13","date_gmt":"2021-02-22T09:00:13","guid":{"rendered":"https:\/\/www.telemarkmuseum.no\/porselensmuseet\/omporselensmuseet\/"},"modified":"2023-02-14T14:36:15","modified_gmt":"2023-02-14T13:36:15","slug":"omporselensmuseet","status":"publish","type":"page","link":"https:\/\/www.telemarkmuseum.no\/en\/porselensmuseet\/omporselensmuseet\/","title":{"rendered":"About the Porcelain Museum"},"content":{"rendered":"\n<section class=\"title grid-12 side-padding \">\n\n<h1>About the Porcelain Museum<\/h1>\n\n<\/section>\n\n\n\n<section class=\"lead grid-12 side-padding\">\n\n    <div>\n        The Porcelain Museum in Porsgrunn tells the story of Porsgrund Porcelain Factory.    <\/div>\n    \n<\/section>\n\n\n\n<section class=\"text grid-12 side-padding\">\n        <p>The Porcelain Museum in Porsgrunn tells the story of Porsgrund Porcelain Factory (known locally as <em>\u201cPP\u201d<\/em>). At the Porcelain Museum, you will be invited into a world of craftsmanship and history, decorations and models. Here, tradition is combined with digital technology and dialogue, and in our new workshop, you can turn your own ceramic products.<\/p>\n<p>Perhaps you will find porcelain you have never seen before?<\/p>\n<p>Perhaps you will find porcelain that evokes good memories?<\/p>\n<p>Perhaps you will hear new stories about the porcelain in your cupboard?<\/p>\n<p>PP for over 130 years in 1887, Porsgrund Porcelain Factory was established, and over 130 years later, porcelain is still produced in Porsgrunn. A visit to the factory&#8217;s production facility is part of the tour. Feel free to book a tour with a visit to the factory and see how porcelain is created, fired, and decorated. The museum is co-located with PP&#8217;s own factory outlet. The auction hall that sells old porcelain is also next door.<\/p>\n<\/section>\n\n\n<section class=\"image grid padding\">\n    <div class=\"swiper-container\"><div class=\"swiper-wrapper\"><div class=\"swiper-slide img-wrapper\"><img loading=\"lazy\" decoding=\"async\" width=\"2048\" height=\"1367\" src=\"https:\/\/www.telemarkmuseum.no\/wp-content\/uploads\/DSC_9047-scaled.jpg\" class=\"attachment-full size-full\" alt=\"\" title=\"Utstilling av Porsgrund porselen\" srcset=\"https:\/\/www.telemarkmuseum.no\/wp-content\/uploads\/DSC_9047-scaled.jpg 2048w, https:\/\/www.telemarkmuseum.no\/wp-content\/uploads\/DSC_9047-720x481.jpg 720w, https:\/\/www.telemarkmuseum.no\/wp-content\/uploads\/DSC_9047-1280x855.jpg 1280w, https:\/\/www.telemarkmuseum.no\/wp-content\/uploads\/DSC_9047-768x513.jpg 768w, https:\/\/www.telemarkmuseum.no\/wp-content\/uploads\/DSC_9047-1536x1026.jpg 1536w\" sizes=\"auto, (max-width: 2048px) 100vw, 2048px\" \/><\/div><div class=\"swiper-slide img-wrapper\"><img loading=\"lazy\" decoding=\"async\" width=\"2048\" height=\"1366\" src=\"https:\/\/www.telemarkmuseum.no\/wp-content\/uploads\/DSC1556-scaled.jpg\" class=\"attachment-full size-full\" alt=\"Bilde av en h\u00e5nd med pensel som maler str\u00e5m\u00f8nster p\u00e5 en tallerken\" title=\"Maling av str\u00e5m\u00f8nster p\u00e5 porselenstallerken\" srcset=\"https:\/\/www.telemarkmuseum.no\/wp-content\/uploads\/DSC1556-scaled.jpg 2048w, https:\/\/www.telemarkmuseum.no\/wp-content\/uploads\/DSC1556-720x480.jpg 720w, https:\/\/www.telemarkmuseum.no\/wp-content\/uploads\/DSC1556-1280x854.jpg 1280w, https:\/\/www.telemarkmuseum.no\/wp-content\/uploads\/DSC1556-768x512.jpg 768w, https:\/\/www.telemarkmuseum.no\/wp-content\/uploads\/DSC1556-1536x1024.jpg 1536w\" sizes=\"auto, (max-width: 2048px) 100vw, 2048px\" \/><\/div><\/div><div class=\"swiper-pagination\"><\/div><div class=\"swiper-button-prev\"><\/div><div class=\"swiper-button-next\"><\/div><\/div><\/section>","protected":false},"excerpt":{"rendered":"<p class=\"lead\">The Porcelain Museum in Porsgrunn tells the story of Porsgrund Porcelain Factory.<\/p>\n","protected":false},"author":11,"featured_media":0,"parent":9165,"menu_order":100,"comment_status":"closed","ping_status":"closed","template":"","meta":{"_acf_changed":false,"footnotes":""},"class_list":["post-9439","page","type-page","status-publish","hentry"],"acf":[],"yoast_head":"<!-- This site is optimized with the Yoast SEO Premium plugin v23.7 (Yoast SEO v26.9) - https:\/\/yoast.com\/product\/yoast-seo-premium-wordpress\/ -->\n<title>About the Porcelain Museum - Telemark museum<\/title>\n<meta name=\"robots\" content=\"index, follow, max-snippet:-1, max-image-preview:large, max-video-preview:-1\" \/>\n<link rel=\"canonical\" href=\"https:\/\/www.telemarkmuseum.no\/en\/porselensmuseet\/omporselensmuseet\/\" \/>\n<meta property=\"og:locale\" content=\"en_US\" \/>\n<meta property=\"og:type\" content=\"article\" \/>\n<meta property=\"og:title\" content=\"About the Porcelain Museum\" \/>\n<meta property=\"og:description\" content=\"The Porcelain Museum in Porsgrunn tells the story of Porsgrund Porcelain Factory.\" \/>\n<meta property=\"og:url\" content=\"https:\/\/www.telemarkmuseum.no\/en\/porselensmuseet\/omporselensmuseet\/\" \/>\n<meta property=\"og:site_name\" content=\"Telemark museum\" \/>\n<meta property=\"article:modified_time\" content=\"2023-02-14T13:36:15+00:00\" \/>\n<meta name=\"twitter:card\" content=\"summary_large_image\" \/>\n<script type=\"application\/ld+json\" class=\"yoast-schema-graph\">{\"@context\":\"https:\/\/schema.org\",\"@graph\":[{\"@type\":\"WebPage\",\"@id\":\"https:\/\/www.telemarkmuseum.no\/en\/porselensmuseet\/omporselensmuseet\/\",\"url\":\"https:\/\/www.telemarkmuseum.no\/en\/porselensmuseet\/omporselensmuseet\/\",\"name\":\"About the Porcelain Museum - Telemark museum\",\"isPartOf\":{\"@id\":\"https:\/\/www.telemarkmuseum.no\/#website\"},\"datePublished\":\"2021-02-22T09:00:13+00:00\",\"dateModified\":\"2023-02-14T13:36:15+00:00\",\"breadcrumb\":{\"@id\":\"https:\/\/www.telemarkmuseum.no\/en\/porselensmuseet\/omporselensmuseet\/#breadcrumb\"},\"inLanguage\":\"en-US\",\"potentialAction\":[{\"@type\":\"ReadAction\",\"target\":[\"https:\/\/www.telemarkmuseum.no\/en\/porselensmuseet\/omporselensmuseet\/\"]}]},{\"@type\":\"BreadcrumbList\",\"@id\":\"https:\/\/www.telemarkmuseum.no\/en\/porselensmuseet\/omporselensmuseet\/#breadcrumb\",\"itemListElement\":[{\"@type\":\"ListItem\",\"position\":1,\"name\":\"Home\",\"item\":\"https:\/\/www.telemarkmuseum.no\/en\/\"},{\"@type\":\"ListItem\",\"position\":2,\"name\":\"The Porcelain Museum\",\"item\":\"https:\/\/www.telemarkmuseum.no\/en\/porselensmuseet\/\"},{\"@type\":\"ListItem\",\"position\":3,\"name\":\"About the Porcelain Museum\"}]},{\"@type\":\"WebSite\",\"@id\":\"https:\/\/www.telemarkmuseum.no\/#website\",\"url\":\"https:\/\/www.telemarkmuseum.no\/\",\"name\":\"Telemark museum\",\"description\":\"\",\"publisher\":{\"@id\":\"https:\/\/www.telemarkmuseum.no\/#organization\"},\"potentialAction\":[{\"@type\":\"SearchAction\",\"target\":{\"@type\":\"EntryPoint\",\"urlTemplate\":\"https:\/\/www.telemarkmuseum.no\/?s={search_term_string}\"},\"query-input\":{\"@type\":\"PropertyValueSpecification\",\"valueRequired\":true,\"valueName\":\"search_term_string\"}}],\"inLanguage\":\"en-US\"},{\"@type\":\"Organization\",\"@id\":\"https:\/\/www.telemarkmuseum.no\/#organization\",\"name\":\"Telemark museum\",\"url\":\"https:\/\/www.telemarkmuseum.no\/\",\"logo\":{\"@type\":\"ImageObject\",\"inLanguage\":\"en-US\",\"@id\":\"https:\/\/www.telemarkmuseum.no\/#\/schema\/logo\/image\/\",\"url\":\"https:\/\/www.telemarkmuseum.no\/wp-content\/uploads\/logo.svg\",\"contentUrl\":\"https:\/\/www.telemarkmuseum.no\/wp-content\/uploads\/logo.svg\",\"caption\":\"Telemark museum\"},\"image\":{\"@id\":\"https:\/\/www.telemarkmuseum.no\/#\/schema\/logo\/image\/\"}}]}<\/script>\n<!-- \/ Yoast SEO Premium plugin. -->","yoast_head_json":{"title":"About the Porcelain Museum - Telemark museum","robots":{"index":"index","follow":"follow","max-snippet":"max-snippet:-1","max-image-preview":"max-image-preview:large","max-video-preview":"max-video-preview:-1"},"canonical":"https:\/\/www.telemarkmuseum.no\/en\/porselensmuseet\/omporselensmuseet\/","og_locale":"en_US","og_type":"article","og_title":"About the Porcelain Museum","og_description":"The Porcelain Museum in Porsgrunn tells the story of Porsgrund Porcelain Factory.","og_url":"https:\/\/www.telemarkmuseum.no\/en\/porselensmuseet\/omporselensmuseet\/","og_site_name":"Telemark museum","article_modified_time":"2023-02-14T13:36:15+00:00","twitter_card":"summary_large_image","schema":{"@context":"https:\/\/schema.org","@graph":[{"@type":"WebPage","@id":"https:\/\/www.telemarkmuseum.no\/en\/porselensmuseet\/omporselensmuseet\/","url":"https:\/\/www.telemarkmuseum.no\/en\/porselensmuseet\/omporselensmuseet\/","name":"About the Porcelain Museum - Telemark museum","isPartOf":{"@id":"https:\/\/www.telemarkmuseum.no\/#website"},"datePublished":"2021-02-22T09:00:13+00:00","dateModified":"2023-02-14T13:36:15+00:00","breadcrumb":{"@id":"https:\/\/www.telemarkmuseum.no\/en\/porselensmuseet\/omporselensmuseet\/#breadcrumb"},"inLanguage":"en-US","potentialAction":[{"@type":"ReadAction","target":["https:\/\/www.telemarkmuseum.no\/en\/porselensmuseet\/omporselensmuseet\/"]}]},{"@type":"BreadcrumbList","@id":"https:\/\/www.telemarkmuseum.no\/en\/porselensmuseet\/omporselensmuseet\/#breadcrumb","itemListElement":[{"@type":"ListItem","position":1,"name":"Home","item":"https:\/\/www.telemarkmuseum.no\/en\/"},{"@type":"ListItem","position":2,"name":"The Porcelain Museum","item":"https:\/\/www.telemarkmuseum.no\/en\/porselensmuseet\/"},{"@type":"ListItem","position":3,"name":"About the Porcelain Museum"}]},{"@type":"WebSite","@id":"https:\/\/www.telemarkmuseum.no\/#website","url":"https:\/\/www.telemarkmuseum.no\/","name":"Telemark museum","description":"","publisher":{"@id":"https:\/\/www.telemarkmuseum.no\/#organization"},"potentialAction":[{"@type":"SearchAction","target":{"@type":"EntryPoint","urlTemplate":"https:\/\/www.telemarkmuseum.no\/?s={search_term_string}"},"query-input":{"@type":"PropertyValueSpecification","valueRequired":true,"valueName":"search_term_string"}}],"inLanguage":"en-US"},{"@type":"Organization","@id":"https:\/\/www.telemarkmuseum.no\/#organization","name":"Telemark museum","url":"https:\/\/www.telemarkmuseum.no\/","logo":{"@type":"ImageObject","inLanguage":"en-US","@id":"https:\/\/www.telemarkmuseum.no\/#\/schema\/logo\/image\/","url":"https:\/\/www.telemarkmuseum.no\/wp-content\/uploads\/logo.svg","contentUrl":"https:\/\/www.telemarkmuseum.no\/wp-content\/uploads\/logo.svg","caption":"Telemark museum"},"image":{"@id":"https:\/\/www.telemarkmuseum.no\/#\/schema\/logo\/image\/"}}]}},"_links":{"self":[{"href":"https:\/\/www.telemarkmuseum.no\/en\/wp-json\/wp\/v2\/pages\/9439","targetHints":{"allow":["GET"]}}],"collection":[{"href":"https:\/\/www.telemarkmuseum.no\/en\/wp-json\/wp\/v2\/pages"}],"about":[{"href":"https:\/\/www.telemarkmuseum.no\/en\/wp-json\/wp\/v2\/types\/page"}],"author":[{"embeddable":true,"href":"https:\/\/www.telemarkmuseum.no\/en\/wp-json\/wp\/v2\/users\/11"}],"replies":[{"embeddable":true,"href":"https:\/\/www.telemarkmuseum.no\/en\/wp-json\/wp\/v2\/comments?post=9439"}],"version-history":[{"count":3,"href":"https:\/\/www.telemarkmuseum.no\/en\/wp-json\/wp\/v2\/pages\/9439\/revisions"}],"predecessor-version":[{"id":9534,"href":"https:\/\/www.telemarkmuseum.no\/en\/wp-json\/wp\/v2\/pages\/9439\/revisions\/9534"}],"up":[{"embeddable":true,"href":"https:\/\/www.telemarkmuseum.no\/en\/wp-json\/wp\/v2\/pages\/9165"}],"wp:attachment":[{"href":"https:\/\/www.telemarkmuseum.no\/en\/wp-json\/wp\/v2\/media?parent=9439"}],"curies":[{"name":"wp","href":"https:\/\/api.w.org\/{rel}","templated":true}]}}