{"id":9580,"date":"2021-02-16T11:51:36","date_gmt":"2021-02-16T10:51:36","guid":{"rendered":"https:\/\/www.telemarkmuseum.no\/brekkeparken\/om-brekkeparken\/"},"modified":"2023-02-15T14:43:47","modified_gmt":"2023-02-15T13:43:47","slug":"om-brekkeparken","status":"publish","type":"page","link":"https:\/\/www.telemarkmuseum.no\/en\/brekkeparken\/om-brekkeparken\/","title":{"rendered":"About Brekkeparken"},"content":{"rendered":"\n<section class=\"image grid padding\">\n    <div class=\"img-wrapper\"><\/div><\/section>\n\n\n<section class=\"title grid-12 side-padding \">\n\n<h1>About Brekkeparken<\/h1>\n\n<\/section>\n\n\n\n<section class=\"lead grid-12 side-padding\">\n\n    <div>\n        <p>The Brekke Park (Brekkeparken) is known for its floral beauty, old farmhouses, the manor house S\u00f8ndre Brekke, and the cozy Brekkeparken caf\u00e9.<\/p>\n    <\/div>\n    \n<\/section>\n\n\n\n<section class=\"text grid-12 side-padding\">\n        <p>The manor house once housed 1814-minister Niels Aall, and the story of the &#8220;Gray Lady&#8221; originates from Aall&#8217;s time. Join guided tours of the main house, farmhouses in the park, or the new museum building, or enjoy a cup of coffee at the Aall Inn caf\u00e9.<\/p>\n<p>S\u00f8ndre Brekke manor is located freely, overlooking Skien city center, the Skien river, and the Telemark Canal that winds its way up to the upper parts of Telemark. In addition to the museum, you will find a popular playground in the park and a cozy caf\u00e9.<\/p>\n<h3>Majestic Minister&#8217;s Residence<\/h3>\n<p>The main building at S\u00f8ndre Brekke manor is majestic! The building has been restored in the Empire style, as it is believed that 1814-minister Niels Aall and his family lived on S\u00f8ndre Brekke in the first half of the 1800s. Niels Aall was the Minister of Commerce during the negotiations for the Constitution at Eidsvoll in 1814, and the story of his role is conveyed in the S\u00f8ndre Brekke manor house.<\/p>\n<p>The manor has housed several fine, traditional families from Skien, most notably the Aall family, with Niels Aall as the head of the family. He bought S\u00f8ndre Brekke in 1810 and sold the magnificent property to his son Hans Aall in 1830. But the Anscbach family and the H\u00f8yer family are also distinguished family names that have had an address at S\u00f8ndre Brekke.<\/p>\n<h3>Magnificent Interior<\/h3>\n<p>The main house was built in 1780, and the interior has been recreated to what we believe it was like in Niels Aall&#8217;s time when the Empire style was in fashion. At S\u00f8ndre Brekke, you can, among other things, visit the Prince&#8217;s room, the room we believe housed the Danish-Norwegian prince Christian Fredrik when he visited Niels Aall in 1813.<\/p>\n<h3>The Gray Lady<\/h3>\n<p>The main building also offers the story of the &#8220;Gray Lady&#8221; &#8211; a recurring apparition that has generated great interest among the public, and which many claim to have seen over the years. There is disagreement about who this lady is, who constantly appears on Brekke, but all stories are connected to the Danish-Norwegian prince Christian Fredrik, who visited the farm as regent (the king&#8217;s representative) in 1813.<\/p>\n<h3>Tulip Park<\/h3>\n<p>S\u00f8ndre Brekke is located in the beautiful Brekke Park, a park inspired by English landscape style. Since the museum opened in 1909, Brekke Park has been the city&#8217;s public park, and it is open to the public throughout the summer season. The floral beauty in Brekke Park is widely known, and 27,000 tulip bulbs will bloom in May.<\/p>\n<h3>Buildings from Telemark<\/h3>\n<p>The buildings in Brekke Park represent Telemark&#8217;s cultural history and tell about housing and building practices in Telemark. In the park, there is also a laborer&#8217;s home from the early 1900s, an old shop from Kleiva, a playhouse, a pavilion, and a duck pond.<\/p>\n<\/section>\n\n\n\n<section class=\"text grid-12 side-padding\">\n        <h3>Herskapelig 360 graders visning!<\/h3>\n<p>Bli med inn i Lynnevik, Ramberg og S\u00f8ndre Brekke herreg\u00e5rd.<\/p>\n<\/section>\n\n\n\n<section class=\"embed grid jc ac  padding\">\n\n<iframe loading=\"lazy\" width=\"100%\" height=\"640\" style=\"width: 100%; height: 640px; border: none; max-width: 100%;\" frameborder=\"0\" allowfullscreen=\"true\" allow=\"vr,gyroscope,accelerometer,fullscreen\" scrolling=\"no\" src=\"https:\/\/kuula.co\/share\/collection\/7lKrR?fs=1&#038;vr=0&#038;zoom=1&#038;sd=1&#038;thumbs=1&#038;chromeless=1&#038;logo=1\"><\/iframe>\n<\/section>","protected":false},"excerpt":{"rendered":"","protected":false},"author":11,"featured_media":0,"parent":9168,"menu_order":100,"comment_status":"closed","ping_status":"closed","template":"","meta":{"_acf_changed":false,"footnotes":""},"class_list":["post-9580","page","type-page","status-publish","hentry"],"acf":[],"yoast_head":"<!-- This site is optimized with the Yoast SEO plugin v27.5 - https:\/\/yoast.com\/product\/yoast-seo-wordpress\/ -->\n<title>About Brekkeparken - Telemark museum<\/title>\n<meta name=\"robots\" content=\"index, follow, max-snippet:-1, max-image-preview:large, max-video-preview:-1\" \/>\n<link rel=\"canonical\" href=\"https:\/\/www.telemarkmuseum.no\/en\/brekkeparken\/om-brekkeparken\/\" \/>\n<meta property=\"og:locale\" content=\"en_US\" \/>\n<meta property=\"og:type\" content=\"article\" \/>\n<meta property=\"og:title\" content=\"About Brekkeparken - Telemark museum\" \/>\n<meta property=\"og:url\" content=\"https:\/\/www.telemarkmuseum.no\/en\/brekkeparken\/om-brekkeparken\/\" \/>\n<meta property=\"og:site_name\" content=\"Telemark museum\" \/>\n<meta property=\"article:modified_time\" content=\"2023-02-15T13:43:47+00:00\" \/>\n<meta name=\"twitter:card\" content=\"summary_large_image\" \/>\n<script type=\"application\/ld+json\" class=\"yoast-schema-graph\">{\"@context\":\"https:\\\/\\\/schema.org\",\"@graph\":[{\"@type\":\"WebPage\",\"@id\":\"https:\\\/\\\/www.telemarkmuseum.no\\\/en\\\/brekkeparken\\\/om-brekkeparken\\\/\",\"url\":\"https:\\\/\\\/www.telemarkmuseum.no\\\/en\\\/brekkeparken\\\/om-brekkeparken\\\/\",\"name\":\"About Brekkeparken - Telemark museum\",\"isPartOf\":{\"@id\":\"https:\\\/\\\/www.telemarkmuseum.no\\\/#website\"},\"datePublished\":\"2021-02-16T10:51:36+00:00\",\"dateModified\":\"2023-02-15T13:43:47+00:00\",\"breadcrumb\":{\"@id\":\"https:\\\/\\\/www.telemarkmuseum.no\\\/en\\\/brekkeparken\\\/om-brekkeparken\\\/#breadcrumb\"},\"inLanguage\":\"en-US\",\"potentialAction\":[{\"@type\":\"ReadAction\",\"target\":[\"https:\\\/\\\/www.telemarkmuseum.no\\\/en\\\/brekkeparken\\\/om-brekkeparken\\\/\"]}]},{\"@type\":\"BreadcrumbList\",\"@id\":\"https:\\\/\\\/www.telemarkmuseum.no\\\/en\\\/brekkeparken\\\/om-brekkeparken\\\/#breadcrumb\",\"itemListElement\":[{\"@type\":\"ListItem\",\"position\":1,\"name\":\"Home\",\"item\":\"https:\\\/\\\/www.telemarkmuseum.no\\\/en\\\/\"},{\"@type\":\"ListItem\",\"position\":2,\"name\":\"Brekkeparken\",\"item\":\"https:\\\/\\\/www.telemarkmuseum.no\\\/en\\\/brekkeparken\\\/\"},{\"@type\":\"ListItem\",\"position\":3,\"name\":\"About Brekkeparken\"}]},{\"@type\":\"WebSite\",\"@id\":\"https:\\\/\\\/www.telemarkmuseum.no\\\/#website\",\"url\":\"https:\\\/\\\/www.telemarkmuseum.no\\\/\",\"name\":\"Telemark museum\",\"description\":\"\",\"publisher\":{\"@id\":\"https:\\\/\\\/www.telemarkmuseum.no\\\/#organization\"},\"potentialAction\":[{\"@type\":\"SearchAction\",\"target\":{\"@type\":\"EntryPoint\",\"urlTemplate\":\"https:\\\/\\\/www.telemarkmuseum.no\\\/?s={search_term_string}\"},\"query-input\":{\"@type\":\"PropertyValueSpecification\",\"valueRequired\":true,\"valueName\":\"search_term_string\"}}],\"inLanguage\":\"en-US\"},{\"@type\":\"Organization\",\"@id\":\"https:\\\/\\\/www.telemarkmuseum.no\\\/#organization\",\"name\":\"Telemark museum\",\"url\":\"https:\\\/\\\/www.telemarkmuseum.no\\\/\",\"logo\":{\"@type\":\"ImageObject\",\"inLanguage\":\"en-US\",\"@id\":\"https:\\\/\\\/www.telemarkmuseum.no\\\/#\\\/schema\\\/logo\\\/image\\\/\",\"url\":\"https:\\\/\\\/www.telemarkmuseum.no\\\/wp-content\\\/uploads\\\/logo.svg\",\"contentUrl\":\"https:\\\/\\\/www.telemarkmuseum.no\\\/wp-content\\\/uploads\\\/logo.svg\",\"caption\":\"Telemark museum\"},\"image\":{\"@id\":\"https:\\\/\\\/www.telemarkmuseum.no\\\/#\\\/schema\\\/logo\\\/image\\\/\"}}]}<\/script>\n<!-- \/ Yoast SEO plugin. -->","yoast_head_json":{"title":"About Brekkeparken - Telemark museum","robots":{"index":"index","follow":"follow","max-snippet":"max-snippet:-1","max-image-preview":"max-image-preview:large","max-video-preview":"max-video-preview:-1"},"canonical":"https:\/\/www.telemarkmuseum.no\/en\/brekkeparken\/om-brekkeparken\/","og_locale":"en_US","og_type":"article","og_title":"About Brekkeparken - Telemark museum","og_url":"https:\/\/www.telemarkmuseum.no\/en\/brekkeparken\/om-brekkeparken\/","og_site_name":"Telemark museum","article_modified_time":"2023-02-15T13:43:47+00:00","twitter_card":"summary_large_image","schema":{"@context":"https:\/\/schema.org","@graph":[{"@type":"WebPage","@id":"https:\/\/www.telemarkmuseum.no\/en\/brekkeparken\/om-brekkeparken\/","url":"https:\/\/www.telemarkmuseum.no\/en\/brekkeparken\/om-brekkeparken\/","name":"About Brekkeparken - Telemark museum","isPartOf":{"@id":"https:\/\/www.telemarkmuseum.no\/#website"},"datePublished":"2021-02-16T10:51:36+00:00","dateModified":"2023-02-15T13:43:47+00:00","breadcrumb":{"@id":"https:\/\/www.telemarkmuseum.no\/en\/brekkeparken\/om-brekkeparken\/#breadcrumb"},"inLanguage":"en-US","potentialAction":[{"@type":"ReadAction","target":["https:\/\/www.telemarkmuseum.no\/en\/brekkeparken\/om-brekkeparken\/"]}]},{"@type":"BreadcrumbList","@id":"https:\/\/www.telemarkmuseum.no\/en\/brekkeparken\/om-brekkeparken\/#breadcrumb","itemListElement":[{"@type":"ListItem","position":1,"name":"Home","item":"https:\/\/www.telemarkmuseum.no\/en\/"},{"@type":"ListItem","position":2,"name":"Brekkeparken","item":"https:\/\/www.telemarkmuseum.no\/en\/brekkeparken\/"},{"@type":"ListItem","position":3,"name":"About Brekkeparken"}]},{"@type":"WebSite","@id":"https:\/\/www.telemarkmuseum.no\/#website","url":"https:\/\/www.telemarkmuseum.no\/","name":"Telemark museum","description":"","publisher":{"@id":"https:\/\/www.telemarkmuseum.no\/#organization"},"potentialAction":[{"@type":"SearchAction","target":{"@type":"EntryPoint","urlTemplate":"https:\/\/www.telemarkmuseum.no\/?s={search_term_string}"},"query-input":{"@type":"PropertyValueSpecification","valueRequired":true,"valueName":"search_term_string"}}],"inLanguage":"en-US"},{"@type":"Organization","@id":"https:\/\/www.telemarkmuseum.no\/#organization","name":"Telemark museum","url":"https:\/\/www.telemarkmuseum.no\/","logo":{"@type":"ImageObject","inLanguage":"en-US","@id":"https:\/\/www.telemarkmuseum.no\/#\/schema\/logo\/image\/","url":"https:\/\/www.telemarkmuseum.no\/wp-content\/uploads\/logo.svg","contentUrl":"https:\/\/www.telemarkmuseum.no\/wp-content\/uploads\/logo.svg","caption":"Telemark museum"},"image":{"@id":"https:\/\/www.telemarkmuseum.no\/#\/schema\/logo\/image\/"}}]}},"_links":{"self":[{"href":"https:\/\/www.telemarkmuseum.no\/en\/wp-json\/wp\/v2\/pages\/9580","targetHints":{"allow":["GET"]}}],"collection":[{"href":"https:\/\/www.telemarkmuseum.no\/en\/wp-json\/wp\/v2\/pages"}],"about":[{"href":"https:\/\/www.telemarkmuseum.no\/en\/wp-json\/wp\/v2\/types\/page"}],"author":[{"embeddable":true,"href":"https:\/\/www.telemarkmuseum.no\/en\/wp-json\/wp\/v2\/users\/11"}],"replies":[{"embeddable":true,"href":"https:\/\/www.telemarkmuseum.no\/en\/wp-json\/wp\/v2\/comments?post=9580"}],"version-history":[{"count":5,"href":"https:\/\/www.telemarkmuseum.no\/en\/wp-json\/wp\/v2\/pages\/9580\/revisions"}],"predecessor-version":[{"id":9586,"href":"https:\/\/www.telemarkmuseum.no\/en\/wp-json\/wp\/v2\/pages\/9580\/revisions\/9586"}],"up":[{"embeddable":true,"href":"https:\/\/www.telemarkmuseum.no\/en\/wp-json\/wp\/v2\/pages\/9168"}],"wp:attachment":[{"href":"https:\/\/www.telemarkmuseum.no\/en\/wp-json\/wp\/v2\/media?parent=9580"}],"curies":[{"name":"wp","href":"https:\/\/api.w.org\/{rel}","templated":true}]}}